{"id":6033,"date":"2021-06-03T15:58:17","date_gmt":"2021-06-03T13:58:17","guid":{"rendered":"http:\/\/tintosmart.it\/cartelle-colore\/tinte-spaziali\/"},"modified":"2021-10-05T11:14:11","modified_gmt":"2021-10-05T09:14:11","slug":"tinte-spaziali","status":"publish","type":"page","link":"https:\/\/tintosmart.it\/es\/tinte-spaziali\/","title":{"rendered":"Colores espaciales"},"content":{"rendered":"\n<div class=\"pure-containerFluid kdescimg \" style=\"    background-color: ; color: \">\n    <div class=\"pure-g\">\n        <div class=\"pure-u-1-1 pure-u-md-12-24 p-0 d-flex h-fit order-2\">\n                        <img decoding=\"async\" loading=\"lazy\" width=\"1200\" height=\"1200\" src=\"https:\/\/tintosmart.it\/wp-content\/uploads\/2021\/09\/BTFBTC@2x.png\" alt=\"\">\n        <\/div>\n        <div class=\"pure-u-1-1 pure-u-md-12-24 p-0 order-1\">\n            <div class=\"kdescimg__contentCol\">\n                                    <h2>Regreso<br>al futuro<br>Regreso<br>al color<\/h2>\n                \n                \n                            <\/div>\n        <\/div>\n    <\/div>\n<\/div>\n\n\n<style>\n\n    .kdescimg.filterColor{color: #272322; background-color: #FFFFFF;}\n    .kdescimg{color: #FFFFFF; background-color: #272322; margin-top: 0px;}\n    .kdescimg h2{font-size: 55px; line-height: 1.2;}\n    .kdescimg img{width: 100%; height: auto;}\n    .kdescimg__contentCol{display: flex; justify-content: center; width: 80%; margin: 0 auto; height: 100%; flex-direction: column; padding: 50px;}\n    .kdescimg .pure-button.whiteBtn, .kdescimg .pure-button.orangeBtn{width: fit-content; padding: 0.8em 5em;}\n    .kdescimg .kdescimg__desc{margin-bottom: 1.5em;}\n\n    .kdescimg .order-1{order: 1;}\n    .kdescimg .order-2{order: 2;}\n\n\n    \/* mobile *\/\n    @media screen and (max-width: 767px) {\n        .kdescimg .order-1{order: 2;}\n        .kdescimg .order-2{order: 1;}\n        .kdescimg .order-mob-1{order: 2;}\n        .kdescimg .order-mob-2{order: 1;}\n        .kdescimg h2{font-size: 45px;  margin-bottom: 45px; line-height: 45px;}\n        .kdescimg__contentCol{padding: 20px 0; margin-bottom: 70px;}\n        .kdescimg__contentCol .pure-button.whiteBtn {width: 100%;padding: 0.8em 0;text-align: center;}\n        .kdescimg__contentCol .pure-button.orangeBtn {width: 100%;padding: 0.8em 0;text-align: center;}\n\n        .kdescimg.filterColor h2{color: #272322; background-color: #FFFFFF; text-align: center; margin-bottom: 45px;}\n        .kdescimg h2{text-align: left; margin-bottom: 0;}\n\n    }\n\n    \/* ipad *\/\n    @media screen and (min-width: 768px) and  (max-width: 992px){\n        .kdescimg__contentCol{padding: 10px;}\n        .kdescimg h2{font-size: 45px;}\n    }\n\n    \/* ipad pro *\/\n    @media screen and (min-width: 992px) and  (max-width: 1200px){\n        .kdescimg__contentCol{padding: 10px;}\n        .kdescimg h2{font-size: 45px;}\n    }\n\n<\/style>\n\n\n<div class=\"pure-containerFluid pureCol\">\n            <div class=\"pure-row\">\n            <div class=\"pure-g\">\n                <div class=\"pure-u-1-1 pure-u-md-20-24 offset-md-1-12\">\n\n\n\n\n<style>\n\n\n    \/* mobile *\/\n    @media screen and (max-width: 767px) {\n\n    }\n\n    \/* ipad *\/\n    @media screen and (min-width: 768px) and  (max-width: 992px){\n\n    }\n\n    \/* ipad pro *\/\n    @media screen and (min-width: 992px) and  (max-width: 1200px){\n\n    }\n\n<\/style>\n\n\n                <\/div>\n            <\/div>\n        <\/div>\n    <\/div>\n\n<style>\n\n    \/* mobile *\/\n    @media screen and (max-width: 767px) {\n\n    }\n\n    \/* ipad *\/\n    @media screen and (min-width: 768px) and  (max-width: 992px){\n\n    }\n\n    \/* ipad pro *\/\n    @media screen and (min-width: 992px) and  (max-width: 1200px){\n\n    }\n\n<\/style>\n\n\n<div class=\"pure-containerFluid kdescimg \" style=\"    background-color: ; color: \">\n    <div class=\"pure-g\">\n        <div class=\"pure-u-1-1 pure-u-md-12-24 p-0 d-flex h-fit order-mob-2\">\n                        <img decoding=\"async\" loading=\"lazy\" width=\"1200\" height=\"1200\" src=\"https:\/\/tintosmart.it\/wp-content\/uploads\/2021\/09\/VENERA@2x.png\" alt=\"\">\n        <\/div>\n        <div class=\"pure-u-1-1 pure-u-md-12-24 p-0 order-mob-1\">\n            <div class=\"kdescimg__contentCol\">\n                                    <h2>El programa Venera<\/h2>\n                \n                                    <div class=\"kdescimg__desc\"><p>Las\u00a0<em>Venera\u00a0<\/em>eran una serie de\u00a0sondas espaciales\u00a0desarrolladas en la\u00a0Uni\u00f3n Sovi\u00e9tica\u00a0para explorar y recopilar datos sobre el\u00a0planeta\u00a0Venus.<\/p>\n<p>Como sol\u00eda ocurrir con las exploraciones sovi\u00e9ticas, las \u00faltimas versiones del modelo se lanzaron por parejas, con un intervalo de 1 a 2 semanas entre el lanzamiento de las dos sondas.<\/p>\n<p>Establecieron un r\u00e9cord real: fueron el primer objeto creado por el hombre en entrar en la atm\u00f3sfera de otro planeta, aterrizar suavemente, reenviar im\u00e1genes y realizar un escaneo de radar de alta resoluci\u00f3n de la superficie, permitiendo estudios en profundidad sobre la conformaci\u00f3n geol\u00f3gica del globo.<\/p>\n<p>La serie de sondas, en su conjunto, puede considerarse un completo \u00e9xito por estas razones.<\/p>\n<\/div>\n                \n                            <\/div>\n        <\/div>\n    <\/div>\n<\/div>\n\n\n<style>\n\n    .kdescimg.filterColor{color: #272322; background-color: #FFFFFF;}\n    .kdescimg{color: #FFFFFF; background-color: #272322; margin-top: 0px;}\n    .kdescimg h2{font-size: 55px; line-height: 1.2;}\n    .kdescimg img{width: 100%; height: auto;}\n    .kdescimg__contentCol{display: flex; justify-content: center; width: 80%; margin: 0 auto; height: 100%; flex-direction: column; padding: 50px;}\n    .kdescimg .pure-button.whiteBtn, .kdescimg .pure-button.orangeBtn{width: fit-content; padding: 0.8em 5em;}\n    .kdescimg .kdescimg__desc{margin-bottom: 1.5em;}\n\n    .kdescimg .order-1{order: 1;}\n    .kdescimg .order-2{order: 2;}\n\n\n    \/* mobile *\/\n    @media screen and (max-width: 767px) {\n        .kdescimg .order-1{order: 2;}\n        .kdescimg .order-2{order: 1;}\n        .kdescimg .order-mob-1{order: 2;}\n        .kdescimg .order-mob-2{order: 1;}\n        .kdescimg h2{font-size: 45px;  margin-bottom: 45px; line-height: 45px;}\n        .kdescimg__contentCol{padding: 20px 0; margin-bottom: 70px;}\n        .kdescimg__contentCol .pure-button.whiteBtn {width: 100%;padding: 0.8em 0;text-align: center;}\n        .kdescimg__contentCol .pure-button.orangeBtn {width: 100%;padding: 0.8em 0;text-align: center;}\n\n        .kdescimg.filterColor h2{color: #272322; background-color: #FFFFFF; text-align: center; margin-bottom: 45px;}\n        .kdescimg h2{text-align: left; margin-bottom: 0;}\n\n    }\n\n    \/* ipad *\/\n    @media screen and (min-width: 768px) and  (max-width: 992px){\n        .kdescimg__contentCol{padding: 10px;}\n        .kdescimg h2{font-size: 45px;}\n    }\n\n    \/* ipad pro *\/\n    @media screen and (min-width: 992px) and  (max-width: 1200px){\n        .kdescimg__contentCol{padding: 10px;}\n        .kdescimg h2{font-size: 45px;}\n    }\n\n<\/style>\n\n\n<div class=\"pure-containerFluid kdescimg \" style=\"    background-color: ; color: \">\n    <div class=\"pure-g\">\n        <div class=\"pure-u-1-1 pure-u-md-12-24 p-0 d-flex h-fit order-2\">\n                        <img decoding=\"async\" loading=\"lazy\" width=\"1200\" height=\"1200\" src=\"https:\/\/tintosmart.it\/wp-content\/uploads\/2021\/09\/GEMINI@2x.png\" alt=\"\">\n        <\/div>\n        <div class=\"pure-u-1-1 pure-u-md-12-24 p-0 order-1\">\n            <div class=\"kdescimg__contentCol\">\n                                    <h2>El programa Geminis<\/h2>\n                \n                                    <div class=\"kdescimg__desc\"><p>Gemini es el segundo programa de vuelos espaciales tripulados realizados por Estados Unidos.<\/p>\n<p>El proyecto se llam\u00f3 Gemini porque la nave espacial podr\u00eda acomodar a una tripulaci\u00f3n de dos hombres.\u00a0Realizado durante el per\u00edodo 1963-1966, su objetivo era desarrollar las t\u00e9cnicas para viajes espaciales avanzados que se utilizaron durante el programa Apolo para llevar al hombre a la luna.<\/p>\n<p>Con el desembarco de Gemini 12 el 15 de noviembre de 1966 y el respectivo cierre de la oficina especial Gemini, que tuvo lugar el 1 de febrero de 1967, el programa se declar\u00f3 definitivamente terminado.<\/p>\n<\/div>\n                \n                            <\/div>\n        <\/div>\n    <\/div>\n<\/div>\n\n\n<style>\n\n    .kdescimg.filterColor{color: #272322; background-color: #FFFFFF;}\n    .kdescimg{color: #FFFFFF; background-color: #272322; margin-top: 0px;}\n    .kdescimg h2{font-size: 55px; line-height: 1.2;}\n    .kdescimg img{width: 100%; height: auto;}\n    .kdescimg__contentCol{display: flex; justify-content: center; width: 80%; margin: 0 auto; height: 100%; flex-direction: column; padding: 50px;}\n    .kdescimg .pure-button.whiteBtn, .kdescimg .pure-button.orangeBtn{width: fit-content; padding: 0.8em 5em;}\n    .kdescimg .kdescimg__desc{margin-bottom: 1.5em;}\n\n    .kdescimg .order-1{order: 1;}\n    .kdescimg .order-2{order: 2;}\n\n\n    \/* mobile *\/\n    @media screen and (max-width: 767px) {\n        .kdescimg .order-1{order: 2;}\n        .kdescimg .order-2{order: 1;}\n        .kdescimg .order-mob-1{order: 2;}\n        .kdescimg .order-mob-2{order: 1;}\n        .kdescimg h2{font-size: 45px;  margin-bottom: 45px; line-height: 45px;}\n        .kdescimg__contentCol{padding: 20px 0; margin-bottom: 70px;}\n        .kdescimg__contentCol .pure-button.whiteBtn {width: 100%;padding: 0.8em 0;text-align: center;}\n        .kdescimg__contentCol .pure-button.orangeBtn {width: 100%;padding: 0.8em 0;text-align: center;}\n\n        .kdescimg.filterColor h2{color: #272322; background-color: #FFFFFF; text-align: center; margin-bottom: 45px;}\n        .kdescimg h2{text-align: left; margin-bottom: 0;}\n\n    }\n\n    \/* ipad *\/\n    @media screen and (min-width: 768px) and  (max-width: 992px){\n        .kdescimg__contentCol{padding: 10px;}\n        .kdescimg h2{font-size: 45px;}\n    }\n\n    \/* ipad pro *\/\n    @media screen and (min-width: 992px) and  (max-width: 1200px){\n        .kdescimg__contentCol{padding: 10px;}\n        .kdescimg h2{font-size: 45px;}\n    }\n\n<\/style>\n\n\n<div class=\"pure-containerFluid kdescimg \" style=\"    background-color: ; color: \">\n    <div class=\"pure-g\">\n        <div class=\"pure-u-1-1 pure-u-md-12-24 p-0 d-flex h-fit order-mob-2\">\n                        <img decoding=\"async\" loading=\"lazy\" width=\"1200\" height=\"1200\" src=\"https:\/\/tintosmart.it\/wp-content\/uploads\/2021\/09\/MERCURY@2x.png\" alt=\"\">\n        <\/div>\n        <div class=\"pure-u-1-1 pure-u-md-12-24 p-0 order-mob-1\">\n            <div class=\"kdescimg__contentCol\">\n                                    <h2>El programa Mercury<\/h2>\n                \n                                    <div class=\"kdescimg__desc\"><p>El programa Mercury, o Proyecto Mercury, fue el primer programa estadounidense en incluir misiones espaciales tripuladas.\u00a0Estuvo activo entre 1958 y 1963, durante la presidencia de Dwight Eisenhower primero y la presidencia de John Fitzgerald Kennedy luego, con el objetivo de poner a un hombre en \u00f3rbita alrededor de la Tierra.\u00a0El dise\u00f1o y la investigaci\u00f3n iniciales fueron realizados por el Comit\u00e9 Asesor Nacional para la Aeron\u00e1utica (NACA), mientras que el programa fue llevado a cabo oficialmente por la NASA reci\u00e9n formada.<\/p>\n<p>El nombre deriva de Mercurio, el dios romano protector de comerciantes y mercaderes.<\/p>\n<\/div>\n                \n                            <\/div>\n        <\/div>\n    <\/div>\n<\/div>\n\n\n<style>\n\n    .kdescimg.filterColor{color: #272322; background-color: #FFFFFF;}\n    .kdescimg{color: #FFFFFF; background-color: #272322; margin-top: 0px;}\n    .kdescimg h2{font-size: 55px; line-height: 1.2;}\n    .kdescimg img{width: 100%; height: auto;}\n    .kdescimg__contentCol{display: flex; justify-content: center; width: 80%; margin: 0 auto; height: 100%; flex-direction: column; padding: 50px;}\n    .kdescimg .pure-button.whiteBtn, .kdescimg .pure-button.orangeBtn{width: fit-content; padding: 0.8em 5em;}\n    .kdescimg .kdescimg__desc{margin-bottom: 1.5em;}\n\n    .kdescimg .order-1{order: 1;}\n    .kdescimg .order-2{order: 2;}\n\n\n    \/* mobile *\/\n    @media screen and (max-width: 767px) {\n        .kdescimg .order-1{order: 2;}\n        .kdescimg .order-2{order: 1;}\n        .kdescimg .order-mob-1{order: 2;}\n        .kdescimg .order-mob-2{order: 1;}\n        .kdescimg h2{font-size: 45px;  margin-bottom: 45px; line-height: 45px;}\n        .kdescimg__contentCol{padding: 20px 0; margin-bottom: 70px;}\n        .kdescimg__contentCol .pure-button.whiteBtn {width: 100%;padding: 0.8em 0;text-align: center;}\n        .kdescimg__contentCol .pure-button.orangeBtn {width: 100%;padding: 0.8em 0;text-align: center;}\n\n        .kdescimg.filterColor h2{color: #272322; background-color: #FFFFFF; text-align: center; margin-bottom: 45px;}\n        .kdescimg h2{text-align: left; margin-bottom: 0;}\n\n    }\n\n    \/* ipad *\/\n    @media screen and (min-width: 768px) and  (max-width: 992px){\n        .kdescimg__contentCol{padding: 10px;}\n        .kdescimg h2{font-size: 45px;}\n    }\n\n    \/* ipad pro *\/\n    @media screen and (min-width: 992px) and  (max-width: 1200px){\n        .kdescimg__contentCol{padding: 10px;}\n        .kdescimg h2{font-size: 45px;}\n    }\n\n<\/style>\n\n\n<div class=\"pure-containerFluid kdescimg \" style=\"    background-color: ; color: \">\n    <div class=\"pure-g\">\n        <div class=\"pure-u-1-1 pure-u-md-12-24 p-0 d-flex h-fit order-2\">\n                        <img decoding=\"async\" loading=\"lazy\" width=\"1200\" height=\"1200\" src=\"https:\/\/tintosmart.it\/wp-content\/uploads\/2021\/09\/KEPLER@2x-1.png\" alt=\"\">\n        <\/div>\n        <div class=\"pure-u-1-1 pure-u-md-12-24 p-0 order-1\">\n            <div class=\"kdescimg__contentCol\">\n                                    <h2>El programa Kepler<\/h2>\n                \n                                    <div class=\"kdescimg__desc\"><p>La misi\u00f3n Kepler es una misi\u00f3n espacial de la NASA,\u00a0parte del programa Discovery, cuyo prop\u00f3sito era buscar y confirmar planetas similares a la Tierra en \u00f3rbita alrededor de estrellas distintas del Sol, mediante el uso del\u00a0telescopio espacial Kepler.\u00a0La nave espacial se lanz\u00f3 con \u00e9xito el 7 de marzo de 2009.<\/p>\n<p>En abril de 2013, el equipo de\u00a0Kepler hab\u00eda identificado\u00a02.740 planetas candidatos y hab\u00eda confirmado 121 m\u00e1s.\u00a0En enero de 2013, un grupo de astr\u00f3nomos del Harvard-Smithsonian Center for Astrophysics estim\u00f3 a partir de los datos de Kepler\u00a0que al menos 17 mil millones\u00a0de exoplanetas similares a la Tierra\u00a0residen en la V\u00eda L\u00e1ctea.<\/p>\n<\/div>\n                \n                            <\/div>\n        <\/div>\n    <\/div>\n<\/div>\n\n\n<style>\n\n    .kdescimg.filterColor{color: #272322; background-color: #FFFFFF;}\n    .kdescimg{color: #FFFFFF; background-color: #272322; margin-top: 0px;}\n    .kdescimg h2{font-size: 55px; line-height: 1.2;}\n    .kdescimg img{width: 100%; height: auto;}\n    .kdescimg__contentCol{display: flex; justify-content: center; width: 80%; margin: 0 auto; height: 100%; flex-direction: column; padding: 50px;}\n    .kdescimg .pure-button.whiteBtn, .kdescimg .pure-button.orangeBtn{width: fit-content; padding: 0.8em 5em;}\n    .kdescimg .kdescimg__desc{margin-bottom: 1.5em;}\n\n    .kdescimg .order-1{order: 1;}\n    .kdescimg .order-2{order: 2;}\n\n\n    \/* mobile *\/\n    @media screen and (max-width: 767px) {\n        .kdescimg .order-1{order: 2;}\n        .kdescimg .order-2{order: 1;}\n        .kdescimg .order-mob-1{order: 2;}\n        .kdescimg .order-mob-2{order: 1;}\n        .kdescimg h2{font-size: 45px;  margin-bottom: 45px; line-height: 45px;}\n        .kdescimg__contentCol{padding: 20px 0; margin-bottom: 70px;}\n        .kdescimg__contentCol .pure-button.whiteBtn {width: 100%;padding: 0.8em 0;text-align: center;}\n        .kdescimg__contentCol .pure-button.orangeBtn {width: 100%;padding: 0.8em 0;text-align: center;}\n\n        .kdescimg.filterColor h2{color: #272322; background-color: #FFFFFF; text-align: center; margin-bottom: 45px;}\n        .kdescimg h2{text-align: left; margin-bottom: 0;}\n\n    }\n\n    \/* ipad *\/\n    @media screen and (min-width: 768px) and  (max-width: 992px){\n        .kdescimg__contentCol{padding: 10px;}\n        .kdescimg h2{font-size: 45px;}\n    }\n\n    \/* ipad pro *\/\n    @media screen and (min-width: 992px) and  (max-width: 1200px){\n        .kdescimg__contentCol{padding: 10px;}\n        .kdescimg h2{font-size: 45px;}\n    }\n\n<\/style>\n\n\n<div class=\"pure-containerFluid kdescimg \" style=\"    background-color: ; color: \">\n    <div class=\"pure-g\">\n        <div class=\"pure-u-1-1 pure-u-md-12-24 p-0 d-flex h-fit order-mob-2\">\n                        <img decoding=\"async\" loading=\"lazy\" width=\"1200\" height=\"1200\" src=\"https:\/\/tintosmart.it\/wp-content\/uploads\/2021\/09\/ORBITER@2x.png\" alt=\"\">\n        <\/div>\n        <div class=\"pure-u-1-1 pure-u-md-12-24 p-0 order-mob-1\">\n            <div class=\"kdescimg__contentCol\">\n                                    <h2>El programa Lunar Orbiter<\/h2>\n                \n                                    <div class=\"kdescimg__desc\"><p>Consist\u00eda en una serie de 5 sondas no tripuladas lanzadas por el EE.UU. en 1966 &#8211; 1967, con el objetivo de tomar fotograf\u00edas de toda la superficie lunar. Las cinco misiones tuvieron \u00e9xito y en total se cartografi\u00f3 el 99% de la Luna.<\/p>\n<\/div>\n                \n                            <\/div>\n        <\/div>\n    <\/div>\n<\/div>\n\n\n<style>\n\n    .kdescimg.filterColor{color: #272322; background-color: #FFFFFF;}\n    .kdescimg{color: #FFFFFF; background-color: #272322; margin-top: 0px;}\n    .kdescimg h2{font-size: 55px; line-height: 1.2;}\n    .kdescimg img{width: 100%; height: auto;}\n    .kdescimg__contentCol{display: flex; justify-content: center; width: 80%; margin: 0 auto; height: 100%; flex-direction: column; padding: 50px;}\n    .kdescimg .pure-button.whiteBtn, .kdescimg .pure-button.orangeBtn{width: fit-content; padding: 0.8em 5em;}\n    .kdescimg .kdescimg__desc{margin-bottom: 1.5em;}\n\n    .kdescimg .order-1{order: 1;}\n    .kdescimg .order-2{order: 2;}\n\n\n    \/* mobile *\/\n    @media screen and (max-width: 767px) {\n        .kdescimg .order-1{order: 2;}\n        .kdescimg .order-2{order: 1;}\n        .kdescimg .order-mob-1{order: 2;}\n        .kdescimg .order-mob-2{order: 1;}\n        .kdescimg h2{font-size: 45px;  margin-bottom: 45px; line-height: 45px;}\n        .kdescimg__contentCol{padding: 20px 0; margin-bottom: 70px;}\n        .kdescimg__contentCol .pure-button.whiteBtn {width: 100%;padding: 0.8em 0;text-align: center;}\n        .kdescimg__contentCol .pure-button.orangeBtn {width: 100%;padding: 0.8em 0;text-align: center;}\n\n        .kdescimg.filterColor h2{color: #272322; background-color: #FFFFFF; text-align: center; margin-bottom: 45px;}\n        .kdescimg h2{text-align: left; margin-bottom: 0;}\n\n    }\n\n    \/* ipad *\/\n    @media screen and (min-width: 768px) and  (max-width: 992px){\n        .kdescimg__contentCol{padding: 10px;}\n        .kdescimg h2{font-size: 45px;}\n    }\n\n    \/* ipad pro *\/\n    @media screen and (min-width: 992px) and  (max-width: 1200px){\n        .kdescimg__contentCol{padding: 10px;}\n        .kdescimg h2{font-size: 45px;}\n    }\n\n<\/style>\n\n\n<div class=\"pure-containerFluid kdescimg \" style=\"    background-color: ; color: \">\n    <div class=\"pure-g\">\n        <div class=\"pure-u-1-1 pure-u-md-12-24 p-0 d-flex h-fit order-2\">\n                        <img decoding=\"async\" loading=\"lazy\" width=\"1200\" height=\"1200\" src=\"https:\/\/tintosmart.it\/wp-content\/uploads\/2021\/09\/ECHO@2x.png\" alt=\"\">\n        <\/div>\n        <div class=\"pure-u-1-1 pure-u-md-12-24 p-0 order-1\">\n            <div class=\"kdescimg__contentCol\">\n                                    <h2>El programma ECHO-1<\/h2>\n                \n                                    <div class=\"kdescimg__desc\"><p>Lanzado por la\u00a0NASA\u00a0en\u00a01960, este sat\u00e9lite pasivo consist\u00eda en una esfera inflable compuesta por una pel\u00edcula\u00a0met\u00e1lica de\u00a0Mylar\u00a0capaz de reflejar\u00a0ondas de radio.\u00a0El objetivo del sat\u00e9lite era verificar la posibilidad de comunicaci\u00f3n entre \u00e1reas distantes de la tierra utilizando, como\u00a0enlace de radio, un objeto en \u00f3rbita.<\/p>\n<\/div>\n                \n                            <\/div>\n        <\/div>\n    <\/div>\n<\/div>\n\n\n<style>\n\n    .kdescimg.filterColor{color: #272322; background-color: #FFFFFF;}\n    .kdescimg{color: #FFFFFF; background-color: #272322; margin-top: 0px;}\n    .kdescimg h2{font-size: 55px; line-height: 1.2;}\n    .kdescimg img{width: 100%; height: auto;}\n    .kdescimg__contentCol{display: flex; justify-content: center; width: 80%; margin: 0 auto; height: 100%; flex-direction: column; padding: 50px;}\n    .kdescimg .pure-button.whiteBtn, .kdescimg .pure-button.orangeBtn{width: fit-content; padding: 0.8em 5em;}\n    .kdescimg .kdescimg__desc{margin-bottom: 1.5em;}\n\n    .kdescimg .order-1{order: 1;}\n    .kdescimg .order-2{order: 2;}\n\n\n    \/* mobile *\/\n    @media screen and (max-width: 767px) {\n        .kdescimg .order-1{order: 2;}\n        .kdescimg .order-2{order: 1;}\n        .kdescimg .order-mob-1{order: 2;}\n        .kdescimg .order-mob-2{order: 1;}\n        .kdescimg h2{font-size: 45px;  margin-bottom: 45px; line-height: 45px;}\n        .kdescimg__contentCol{padding: 20px 0; margin-bottom: 70px;}\n        .kdescimg__contentCol .pure-button.whiteBtn {width: 100%;padding: 0.8em 0;text-align: center;}\n        .kdescimg__contentCol .pure-button.orangeBtn {width: 100%;padding: 0.8em 0;text-align: center;}\n\n        .kdescimg.filterColor h2{color: #272322; background-color: #FFFFFF; text-align: center; margin-bottom: 45px;}\n        .kdescimg h2{text-align: left; margin-bottom: 0;}\n\n    }\n\n    \/* ipad *\/\n    @media screen and (min-width: 768px) and  (max-width: 992px){\n        .kdescimg__contentCol{padding: 10px;}\n        .kdescimg h2{font-size: 45px;}\n    }\n\n    \/* ipad pro *\/\n    @media screen and (min-width: 992px) and  (max-width: 1200px){\n        .kdescimg__contentCol{padding: 10px;}\n        .kdescimg h2{font-size: 45px;}\n    }\n\n<\/style>\n\n\n<div class=\"pure-containerFluid kdescimg \" style=\"    background-color: ; color: \">\n    <div class=\"pure-g\">\n        <div class=\"pure-u-1-1 pure-u-md-12-24 p-0 d-flex h-fit order-mob-2\">\n                        <img decoding=\"async\" loading=\"lazy\" width=\"1200\" height=\"1200\" src=\"https:\/\/tintosmart.it\/wp-content\/uploads\/2021\/09\/VEGA@2x.png\" alt=\"\">\n        <\/div>\n        <div class=\"pure-u-1-1 pure-u-md-12-24 p-0 order-mob-1\">\n            <div class=\"kdescimg__contentCol\">\n                                    <h2>El programma VEGA<\/h2>\n                \n                                    <div class=\"kdescimg__desc\"><p><strong>Vega 1\u00a0<\/strong>y su gemela\u00a0<strong>Vega 2\u00a0<\/strong>eran dos\u00a0sondas espaciales\u00a0sovi\u00e9ticas, parte del\u00a0<strong>Programa Vega<\/strong>. Fueron lanzados en\u00a01984\u00a0con\u00a0el objetivo de sobrevolar\u00a0Venus\u00a0y el\u00a0cometa Halley.<\/p>\n<\/div>\n                \n                            <\/div>\n        <\/div>\n    <\/div>\n<\/div>\n\n\n<style>\n\n    .kdescimg.filterColor{color: #272322; background-color: #FFFFFF;}\n    .kdescimg{color: #FFFFFF; background-color: #272322; margin-top: 0px;}\n    .kdescimg h2{font-size: 55px; line-height: 1.2;}\n    .kdescimg img{width: 100%; height: auto;}\n    .kdescimg__contentCol{display: flex; justify-content: center; width: 80%; margin: 0 auto; height: 100%; flex-direction: column; padding: 50px;}\n    .kdescimg .pure-button.whiteBtn, .kdescimg .pure-button.orangeBtn{width: fit-content; padding: 0.8em 5em;}\n    .kdescimg .kdescimg__desc{margin-bottom: 1.5em;}\n\n    .kdescimg .order-1{order: 1;}\n    .kdescimg .order-2{order: 2;}\n\n\n    \/* mobile *\/\n    @media screen and (max-width: 767px) {\n        .kdescimg .order-1{order: 2;}\n        .kdescimg .order-2{order: 1;}\n        .kdescimg .order-mob-1{order: 2;}\n        .kdescimg .order-mob-2{order: 1;}\n        .kdescimg h2{font-size: 45px;  margin-bottom: 45px; line-height: 45px;}\n        .kdescimg__contentCol{padding: 20px 0; margin-bottom: 70px;}\n        .kdescimg__contentCol .pure-button.whiteBtn {width: 100%;padding: 0.8em 0;text-align: center;}\n        .kdescimg__contentCol .pure-button.orangeBtn {width: 100%;padding: 0.8em 0;text-align: center;}\n\n        .kdescimg.filterColor h2{color: #272322; background-color: #FFFFFF; text-align: center; margin-bottom: 45px;}\n        .kdescimg h2{text-align: left; margin-bottom: 0;}\n\n    }\n\n    \/* ipad *\/\n    @media screen and (min-width: 768px) and  (max-width: 992px){\n        .kdescimg__contentCol{padding: 10px;}\n        .kdescimg h2{font-size: 45px;}\n    }\n\n    \/* ipad pro *\/\n    @media screen and (min-width: 992px) and  (max-width: 1200px){\n        .kdescimg__contentCol{padding: 10px;}\n        .kdescimg h2{font-size: 45px;}\n    }\n\n<\/style>","protected":false},"excerpt":{"rendered":"","protected":false},"author":1,"featured_media":0,"parent":0,"menu_order":0,"comment_status":"closed","ping_status":"closed","template":"","meta":{"_acf_changed":false,"footnotes":""},"class_list":["post-6033","page","type-page","status-publish","hentry"],"acf":[],"_links":{"self":[{"href":"https:\/\/tintosmart.it\/es\/wp-json\/wp\/v2\/pages\/6033","targetHints":{"allow":["GET"]}}],"collection":[{"href":"https:\/\/tintosmart.it\/es\/wp-json\/wp\/v2\/pages"}],"about":[{"href":"https:\/\/tintosmart.it\/es\/wp-json\/wp\/v2\/types\/page"}],"author":[{"embeddable":true,"href":"https:\/\/tintosmart.it\/es\/wp-json\/wp\/v2\/users\/1"}],"replies":[{"embeddable":true,"href":"https:\/\/tintosmart.it\/es\/wp-json\/wp\/v2\/comments?post=6033"}],"version-history":[{"count":0,"href":"https:\/\/tintosmart.it\/es\/wp-json\/wp\/v2\/pages\/6033\/revisions"}],"wp:attachment":[{"href":"https:\/\/tintosmart.it\/es\/wp-json\/wp\/v2\/media?parent=6033"}],"curies":[{"name":"wp","href":"https:\/\/api.w.org\/{rel}","templated":true}]}}