{"id":6043,"date":"2021-05-25T17:14:03","date_gmt":"2021-05-25T15:14:03","guid":{"rendered":"http:\/\/tintosmart.it\/cookie-policy\/"},"modified":"2024-03-14T14:11:09","modified_gmt":"2024-03-14T13:11:09","slug":"cookie-policy","status":"publish","type":"page","link":"https:\/\/tintosmart.it\/es\/cookie-policy\/","title":{"rendered":"Cookie policy"},"content":{"rendered":"\n<h2 class=\"wp-block-heading\" id=\"politica-de-cookies-de-tintosmart-it\">Pol\u00edtica de Cookies de tintosmart.it<\/h2>\n\n\n\n<p>El presente documento informa a los Usuarios sobre las tecnolog\u00edas que ayudan esta Aplicaci\u00f3n a lograr los fines descritos a continuaci\u00f3n. Dichas tecnolog\u00edas permiten al Titular acceder a informaci\u00f3n y almacenarla (por ejemplo, utilizando una Cookie) o emplear recursos (por ejemplo, ejecutando un script) en el dispositivo de un Usuario mientras este interact\u00faa con esta Aplicaci\u00f3n.<\/p>\n\n\n\n<p>Para simplificar, en el presente documento toda esta clase de tecnolog\u00edas se define como \u00abRastreadores\u00bb, salvo que exista un motivo para diferenciarlas.<br>Por ejemplo, mientras que las Cookies se pueden emplear en navegadores web y m\u00f3viles, ser\u00eda inexacto hablar de Cookies en el contexto de las aplicaciones m\u00f3viles ya que son rastreadores basados en navegadores. Por este motivo, en el presente documento, el t\u00e9rmino Cookies \u00fanicamente se utilizar\u00e1 cuando se emplee espec\u00edficamente para designar este tipo concreto de Rastreador.<\/p>\n\n\n\n<p>Es posible que algunas de las finalidades para las que se utilizan Rastreadores exijan el consentimiento del Usuario. Siempre que se otorgue el consentimiento, este podr\u00e1 revocarse libremente en cualquier momento siguiendo las instrucciones facilitadas en el presente documento.<\/p>\n\n\n\n<p>Esta Aplicaci\u00f3n utiliza Rastreadores gestionados directamente por el Titular (denominados Rastreadores \u201cde origen\u00bb) y Rastreadores que hacen posibles servicios prestados por un tercero (denominados Rastreadores \u201cde terceros\u201d). Salvo que se indique lo contrario en el presente documento, los terceros proveedores podr\u00e1n acceder a los Rastreadores que gestionen.<br>Los plazos de validez y expiraci\u00f3n de las Cookies y otros Rastreadores similares pueden variar dependiendo de la duraci\u00f3n establecida por el Titular o el proveedor correspondiente. Algunas de ellas expiran a la finalizaci\u00f3n de la sesi\u00f3n de navegaci\u00f3n del Usuario.<br>Adem\u00e1s de lo especificado en las descripciones que aparecen en cada una de las categor\u00edas indicadas m\u00e1s adelante, los Usuarios podr\u00e1n encontrar informaci\u00f3n m\u00e1s precisa y actualizada acerca de las especificaciones de duraci\u00f3n, as\u00ed como cualquier otra informaci\u00f3n relevante \u2013 como la presencia de otros Rastreadores &#8211; en las pol\u00edticas de privacidad de los terceros proveedores correspondientes para las que se proporcionan enlaces o contactando con el Titular.<\/p>\n\n\n\n<h3 class=\"wp-block-heading\" id=\"actividades-estrictamente-necesarias-para-el-funcionamiento-de-esta-aplicacion-y-la-prestacion-del-servicio\">Actividades estrictamente necesarias para el funcionamiento de esta Aplicaci\u00f3n y la prestaci\u00f3n del Servicio<\/h3>\n\n\n\n<p>Esta Aplicaci\u00f3n utiliza Cookies denominadas \u201ct\u00e9cnicas\u201d y otros Rastreadores similares para llevar a cabo actividades que son estrictamente necesarias para el funcionamiento o la prestaci\u00f3n del Servicio.<\/p>\n\n\n\n<h3 class=\"wp-block-heading\" id=\"otras-actividades-que-implican-el-uso-de-rastreadores\">Otras actividades que implican el uso de Rastreadores<\/h3>\n\n\n\n<h4 class=\"wp-block-heading\" id=\"medicion\">Medici\u00f3n<\/h4>\n\n\n\n<p>Esta Aplicaci\u00f3n utiliza Rastreadores para medir el tr\u00e1fico y analizar el comportamiento de los Usuarios con el objetivo de mejorar el Servicio.<\/p>\n\n\n\n<ul class=\"wp-block-list\">\n<li>Estad\u00edsticasLos servicios contenidos en esta secci\u00f3n permiten al Titular monitorizar y analizar el tr\u00e1fico web y pueden ser utilizados para rastrear el comportamiento del Usuario.Google Analytics (Google Ireland Limited)Google Analytics es un servicio de an\u00e1lisis web prestado por Google Ireland Limited (\u201cGoogle\u201d). Google utiliza los Datos recogidos para rastrear y examinar el uso de esta Aplicaci\u00f3n, para preparar informes de sus actividades y compartirlos con otros servicios de Google.<br>Google puede utilizar los Datos recogidos para contextualizar y personalizar los anuncios de su propia red de publicidad.Datos Personales tratados: Datos de uso y Rastreador.Lugar de tratamiento: Irlanda \u2013&nbsp;<a href=\"https:\/\/policies.google.com\/privacy\" target=\"_blank\" rel=\"noreferrer noopener\">Pol\u00edtica de privacidad<\/a>&nbsp;\u2013&nbsp;<a href=\"https:\/\/tools.google.com\/dlpage\/gaoptout?hl=en\" target=\"_blank\" rel=\"noreferrer noopener\">Opt Out<\/a>.<\/li>\n<\/ul>\n\n\n\n<h3 class=\"wp-block-heading\" id=\"manage_cookies\">C\u00f3mo gestionar preferencias y otorgar o revocar el consentimiento<\/h3>\n\n\n\n<p>Existen varias maneras de gestionar las preferencias relacionadas con los Rastreadores y de otorgar o revocar el consentimiento, cuando corresponda:<\/p>\n\n\n\n<p>Los Usuarios podr\u00e1n gestionar preferencias relacionadas con los Rastreadores directamente desde la configuraci\u00f3n de sus propios dispositivos, por ejemplo, impidiendo el uso o el almacenamiento de Rastreadores.<\/p>\n\n\n\n<p>Asimismo, siempre que el uso de los Rastreadores se base en el consentimiento, los Usuarios podr\u00e1n prestar o revocar dicho consentimiento estableciendo sus preferencias dentro del aviso sobre cookies o actualizando dichas preferencias en el sentido que deseen a trav\u00e9s del widget de preferencias de consentimiento correspondiente, si lo hubiera.<\/p>\n\n\n\n<p>Tambi\u00e9n es posible borrar Rastreadores almacenados previamente, incluyendo aquellos utilizados para recordar el consentimiento inicial del Usuario, a trav\u00e9s de las funcionalidades correspondientes del navegador o del dispositivo.<\/p>\n\n\n\n<p>Al borrar el historial de navegaci\u00f3n es posible que se eliminen otros Rastreadores de la memoria local del navegador.<\/p>\n\n\n\n<p>En cuanto a los Rastreadores de terceros, los Usuarios podr\u00e1n gestionar sus preferencias y revocar su consentimiento a trav\u00e9s del enlace de inhabilitaci\u00f3n relacionado (cuando exista), utilizando los medios indicados en la pol\u00edtica de privacidad del tercero o contactando con dicho tercero.<\/p>\n\n\n\n<h4 class=\"wp-block-heading\" id=\"localizacion-de-la-configuracion-de-rastreadores\">Localizaci\u00f3n de la configuraci\u00f3n de Rastreadores<\/h4>\n\n\n\n<p>Por ejemplo, los Usuarios podr\u00e1n encontrar informaci\u00f3n sobre c\u00f3mo gestionar las Cookies en los navegadores de uso m\u00e1s frecuente en las siguientes direcciones:<\/p>\n\n\n\n<ul class=\"wp-block-list\">\n<li><a rel=\"noreferrer noopener\" target=\"_blank\" href=\"https:\/\/support.google.com\/chrome\/answer\/95647?hl=es&amp;p=cpn_cookies\">Google Chrome<\/a><\/li>\n\n\n\n<li><a rel=\"noreferrer noopener\" target=\"_blank\" href=\"https:\/\/support.mozilla.org\/es\/kb\/habilitar-y-deshabilitar-cookies-que-los-sitios-we\">Mozilla Firefox<\/a><\/li>\n\n\n\n<li><a rel=\"noreferrer noopener\" target=\"_blank\" href=\"https:\/\/support.apple.com\/es-es\/guide\/safari\/manage-cookies-and-website-data-sfri11471\/\">Apple Safari<\/a><\/li>\n\n\n\n<li><a rel=\"noreferrer noopener\" target=\"_blank\" href=\"http:\/\/windows.microsoft.com\/es-es\/windows-vista\/block-or-allow-cookies\">Microsoft Internet Explorer<\/a><\/li>\n\n\n\n<li><a rel=\"noreferrer noopener\" target=\"_blank\" href=\"https:\/\/support.microsoft.com\/es-es\/help\/4027947\">Microsoft Edge<\/a><\/li>\n\n\n\n<li><a rel=\"noreferrer noopener\" target=\"_blank\" href=\"https:\/\/support.brave.com\/hc\/articles\/360022806212-How-do-I-use-Shields-while-browsing\">Brave<\/a><\/li>\n\n\n\n<li><a rel=\"noreferrer noopener\" target=\"_blank\" href=\"https:\/\/help.opera.com\/latest\/web-preferences\/#cookies\">Opera<\/a><\/li>\n<\/ul>\n\n\n\n<p>Los Usuarios tambi\u00e9n podr\u00e1n gestionar determinadas categor\u00edas de Rastreadores utilizados en aplicaciones m\u00f3viles inhabilit\u00e1ndolos a trav\u00e9s de la configuraci\u00f3n del dispositivo relevante, como la configuraci\u00f3n de publicidad del dispositivo para dispositivos m\u00f3viles o la configuraci\u00f3n de rastreo en general (los Usuarios podr\u00e1n abrir la configuraci\u00f3n del dispositivo y buscar la opci\u00f3n relevante).<\/p>\n\n\n\n<h3 class=\"wp-block-heading\" id=\"owner_of_the_data\">Titular y Responsable de Tratamiento<\/h3>\n\n\n\n<p>ALFA PAINT S.r.l. a socio unico<br>VIA BORGAZZI N.87 ANG.VIA MONTE PASUBIO N.7, 20900 MONZA (MB)<\/p>\n\n\n\n<p><strong>Correo electr\u00f3nico de contacto del Titular:<\/strong>&nbsp;info@tintosmart.it<\/p>\n\n\n\n<p>Dado que el Titular no puede controlar por completo el uso de Rastreadores de terceros a trav\u00e9s de esta Aplicaci\u00f3n, cualquier referencia espec\u00edfica a Rastreadores de terceros se considerar\u00e1 orientativa. Con el fin de obtener informaci\u00f3n completa, se ruega a los Usuarios que consulten las correspondientes pol\u00edticas de privacidad de los servicios de terceros enumerados en el presente documento.<\/p>\n\n\n\n<p>En vista de la complejidad objetiva que rodea a las tecnolog\u00edas de seguimiento, se anima a los Usuarios a contactar con el Titular en caso de que deseen recibir informaci\u00f3n adicional sobre el uso de dichas tecnolog\u00edas poresta Aplicaci\u00f3n.<\/p>\n\n\n\n<h3 class=\"wp-block-heading\" id=\"definiciones-y-referencias-legales\">Definiciones y referencias legales<\/h3>\n\n\n\n<h4 class=\"wp-block-heading\" id=\"datos-personales-o-datos\">Datos Personales (o Datos)<\/h4>\n\n\n\n<p>Constituye un dato personal cualquier informaci\u00f3n que, directa, indirectamente o en relaci\u00f3n con otra informaci\u00f3n \u2013 incluyendo un n\u00famero de identificaci\u00f3n personal \u2013 permita identificar a una persona f\u00edsica.<\/p>\n\n\n\n<h4 class=\"wp-block-heading\" id=\"datos-de-uso\">Datos de Uso<\/h4>\n\n\n\n<p>Las informaciones recogidas de forma autom\u00e1tica por esta Aplicaci\u00f3n (o por servicios de terceros utilizados por esta Aplicaci\u00f3n), podr\u00e1n incluir: las direcciones IP o nombres de dominio de los ordenadores utilizados por el Usuario que se conecte a esta Aplicaci\u00f3n, las direcciones URI (Uniform Resource Identifier), la hora de la solicitud, el m\u00e9todo utilizado para realizar la solicitud al servidor, las dimensiones del archivo obtenido en respuesta, el c\u00f3digo num\u00e9rico indicando el estado de la respuesta del servidor (resultado satisfactorio, error, etc.), el pa\u00eds de origen, las caracter\u00edsticas del navegador y del sistema operativo utilizados por el visitante, las diversas coordenadas temporales de la visita (por ejemplo, el tiempo de permanencia en cada una de las p\u00e1ginas) y los detalles relativos al itinerario seguido dentro de la Aplicaci\u00f3n, con especial referencia a la secuencia de p\u00e1ginas consultadas, a los par\u00e1metros relativos al sistema operativo y al entorno inform\u00e1tico del Usuario.<\/p>\n\n\n\n<h4 class=\"wp-block-heading\" id=\"usuario\">Usuario<\/h4>\n\n\n\n<p>El individuo que utilice esta Aplicaci\u00f3n, quien, a menos que se indique lo contrario deber\u00e1 coincidir con el Interesado.<\/p>\n\n\n\n<h4 class=\"wp-block-heading\" id=\"interesado\">Interesado<\/h4>\n\n\n\n<p>La persona f\u00edsica a la que se refieren los Datos Personales.<\/p>\n\n\n\n<h4 class=\"wp-block-heading\" id=\"encargado-del-tratamiento-o-supervisor-de-datos\">Encargado del Tratamiento (o Supervisor de Datos)<\/h4>\n\n\n\n<p>La persona f\u00edsica o jur\u00eddica, administraci\u00f3n p\u00fablica, agencia o cualquier otra instituci\u00f3n, que procese los Datos Personales en nombre del Responsable del Tratamiento, descrita en la presente pol\u00edtica de privacidad.<\/p>\n\n\n\n<h4 class=\"wp-block-heading\" id=\"responsable-del-tratamiento-o-titular\">Responsable del Tratamiento (o Titular)<\/h4>\n\n\n\n<p>La persona f\u00edsica o jur\u00eddica, administraci\u00f3n p\u00fablica, agencia o cualquier otra instituci\u00f3n, que actuando en solitario o conjuntamente con otras, determine las finalidades y las medidas del tratamiento de los Datos Personales, incluyendo las medidas de seguridad relativas al funcionamiento y al uso de esta Aplicaci\u00f3n. A menos que se especifique lo contrario, el Responsable del Tratamiento es el Titular de esta Aplicaci\u00f3n.<\/p>\n\n\n\n<h4 class=\"wp-block-heading\" id=\"esta-aplicacion\">Esta Aplicaci\u00f3n<\/h4>\n\n\n\n<p>El medio a trav\u00e9s del cual se han recogido y tratado los Datos Personales del Usuario.<\/p>\n\n\n\n<h4 class=\"wp-block-heading\" id=\"servicio\">Servicio<\/h4>\n\n\n\n<p>El servicio proporcionado por esta Aplicaci\u00f3n, tal y como se describe en las definiciones y referencias legales (en caso de estar disponibles) y en esta p\u00e1gina o aplicaci\u00f3n.<\/p>\n\n\n\n<h4 class=\"wp-block-heading\" id=\"union-europea-o-ue\">Uni\u00f3n Europea (o UE)<\/h4>\n\n\n\n<p>A menos que se indique lo contrario, todas las referencias hechas a la Uni\u00f3n Europea en el presente documento incluyen todos los actuales Estados miembros de la Uni\u00f3n Europea y del Espacio Econ\u00f3mico Europeo.<\/p>\n\n\n\n<h4 class=\"wp-block-heading\" id=\"cookie\">Cookie<\/h4>\n\n\n\n<p>Las Cookies son Rastreadores que consisten en peque\u00f1as cantidades de datos almacenados en el navegador del Usuario.<\/p>\n\n\n\n<h4 class=\"wp-block-heading\" id=\"rastreador\">Rastreador<\/h4>\n\n\n\n<p>Rastreador designa cualquier tecnolog\u00eda &#8211; p.ej. Cookies, identificadores \u00fanicos, balizas web, scripts incrustados, etiquetas de entidad y creaci\u00f3n de huella digital &#8211; que permite rastrear a los Usuarios, por ejemplo, accediendo a informaci\u00f3n o almacen\u00e1ndola en el dispositivo del Usuario.<\/p>\n\n\n\n<hr class=\"wp-block-separator has-css-opacity\"\/>\n\n\n\n<h4 class=\"wp-block-heading\" id=\"informacion-legal\">Informaci\u00f3n legal<\/h4>\n\n\n\n<p>Esta pol\u00edtica de privacidad se ha redactado en base a las provisiones de m\u00faltiples legislaciones, incluyendo los Arts. 13 y14 del Reglamento (UE) 2016\/679 (Reglamento general de protecci\u00f3n de datos).<\/p>\n\n\n\n<p>Esta pol\u00edtica de privacidad se refiere s\u00f3lo a esta Aplicaci\u00f3n, a menos que se indique lo contrario en el presente documento.<\/p>\n\n\n\n<p>\u00daltima revisi\u00f3n: 9 abril 2021<\/p>\n\n\n\n<p><a href=\"https:\/\/www.iubenda.com\/es\/generador-de-politicas-de-privacidad-y-cookies\" target=\"_blank\" rel=\"noreferrer noopener\">iubenda<\/a>&nbsp;aloja este contenido y \u00fanicamente recoge&nbsp;<a href=\"https:\/\/www.iubenda.com\/privacy-policy\/52661198\" target=\"_blank\" rel=\"noreferrer noopener\">los Datos Personales que sean estrictamente necesarios<\/a>&nbsp;para prestar este servicio.<\/p>\n","protected":false},"excerpt":{"rendered":"<p>Pol\u00edtica de Cookies de tintosmart.it El presente documento informa a los Usuarios sobre las tecnolog\u00edas que ayudan esta [&#8230;]<\/p>\n","protected":false},"author":1,"featured_media":0,"parent":0,"menu_order":0,"comment_status":"closed","ping_status":"closed","template":"page_container.php","meta":{"_acf_changed":false,"footnotes":""},"class_list":["post-6043","page","type-page","status-publish","hentry"],"acf":[],"_links":{"self":[{"href":"https:\/\/tintosmart.it\/es\/wp-json\/wp\/v2\/pages\/6043","targetHints":{"allow":["GET"]}}],"collection":[{"href":"https:\/\/tintosmart.it\/es\/wp-json\/wp\/v2\/pages"}],"about":[{"href":"https:\/\/tintosmart.it\/es\/wp-json\/wp\/v2\/types\/page"}],"author":[{"embeddable":true,"href":"https:\/\/tintosmart.it\/es\/wp-json\/wp\/v2\/users\/1"}],"replies":[{"embeddable":true,"href":"https:\/\/tintosmart.it\/es\/wp-json\/wp\/v2\/comments?post=6043"}],"version-history":[{"count":2,"href":"https:\/\/tintosmart.it\/es\/wp-json\/wp\/v2\/pages\/6043\/revisions"}],"predecessor-version":[{"id":11075,"href":"https:\/\/tintosmart.it\/es\/wp-json\/wp\/v2\/pages\/6043\/revisions\/11075"}],"wp:attachment":[{"href":"https:\/\/tintosmart.it\/es\/wp-json\/wp\/v2\/media?parent=6043"}],"curies":[{"name":"wp","href":"https:\/\/api.w.org\/{rel}","templated":true}]}}