{"id":10005,"date":"2021-09-17T16:43:38","date_gmt":"2021-09-17T14:43:38","guid":{"rendered":"http:\/\/tintosmart.it\/product\/basic-kit\/"},"modified":"2025-01-28T09:44:32","modified_gmt":"2025-01-28T08:44:32","slug":"basic-kit","status":"publish","type":"product","link":"https:\/\/tintosmart.it\/es\/producto\/basic-kit\/","title":{"rendered":"BASIC KIT TintoSmart"},"content":{"rendered":"<p class=\"p1\" style=\"text-align: center;\"><span class=\"s1\">TintoSmart es un Tint\u00f3metro Port\u00e1til que permite te\u00f1ir, de forma pr\u00e1ctica y precisa, pinturas al agua, esmaltes murales, esmaltes acr\u00edlicos al agua para hierro y madera y acabados decorativos, gracias al uso de 8 colorantes Voc Free al agua que pueden ser dosificadas en unos segundos. Los colorantes deben dosificarse seg<\/span>\u00fan dispensaci\u00f3n estandarizada y sin la ayuda de la balanza.<\/p>\n<p class=\"p1\" style=\"text-align: center;\">Es posible reproducir tanto los m\u00e1s de 500 colores contenidos en las cartas de colores incluidas en el kit, como los colores deseados y personalizados, dando rienda suelta a su creatividad. Para la correcta reproducci\u00f3n del color seleccionado en la carta de colores, es necesario utilizar un formulario tintom\u00e9trico, ya sea en papel o digital, que indique el n\u00famero correcto de dosificaciones por cada colorante del tint\u00f3metro.<\/p>\n<p class=\"p1\" style=\"text-align: center;\">El Kit B\u00e1sico TintoSmart es un set formado por las principales herramientas necesarias para llevar a cabo los procesos de coloraci\u00f3n y mezcla de una forma sumamente sencilla y eficaz. Adem\u00e1s del tint\u00f3metro port\u00e1til y los 8 colorantes, el kit incluye: 4 cartas de colores de las principales colecciones, 1 formulario, 1 manual de instrucciones y 1 varilla de mezcla de silicona para taladro mezclador.<\/p>\n","protected":false},"excerpt":{"rendered":"<p class=\"p1\">Kit b\u00e1sico para usar el tintometro portatil TintoSmart<\/p>\n","protected":false},"featured_media":10528,"comment_status":"closed","ping_status":"closed","template":"","meta":{"_acf_changed":false},"product_brand":[],"product_cat":[209],"product_tag":[],"class_list":{"0":"post-10005","1":"product","2":"type-product","3":"status-publish","4":"has-post-thumbnail","6":"product_cat-kit-tintosmart","8":"first","9":"instock","10":"taxable","11":"shipping-taxable","12":"purchasable","13":"product-type-simple"},"acf":[],"_links":{"self":[{"href":"https:\/\/tintosmart.it\/es\/wp-json\/wp\/v2\/product\/10005","targetHints":{"allow":["GET"]}}],"collection":[{"href":"https:\/\/tintosmart.it\/es\/wp-json\/wp\/v2\/product"}],"about":[{"href":"https:\/\/tintosmart.it\/es\/wp-json\/wp\/v2\/types\/product"}],"replies":[{"embeddable":true,"href":"https:\/\/tintosmart.it\/es\/wp-json\/wp\/v2\/comments?post=10005"}],"wp:featuredmedia":[{"embeddable":true,"href":"https:\/\/tintosmart.it\/es\/wp-json\/wp\/v2\/media\/10528"}],"wp:attachment":[{"href":"https:\/\/tintosmart.it\/es\/wp-json\/wp\/v2\/media?parent=10005"}],"wp:term":[{"taxonomy":"product_brand","embeddable":true,"href":"https:\/\/tintosmart.it\/es\/wp-json\/wp\/v2\/product_brand?post=10005"},{"taxonomy":"product_cat","embeddable":true,"href":"https:\/\/tintosmart.it\/es\/wp-json\/wp\/v2\/product_cat?post=10005"},{"taxonomy":"product_tag","embeddable":true,"href":"https:\/\/tintosmart.it\/es\/wp-json\/wp\/v2\/product_tag?post=10005"}],"curies":[{"name":"wp","href":"https:\/\/api.w.org\/{rel}","templated":true}]}}