{"id":6197,"date":"2021-04-01T12:00:09","date_gmt":"2021-04-01T10:00:09","guid":{"rendered":"http:\/\/tintosmart.it\/prodotto\/idropittura-traspirante-per-interni-venera\/"},"modified":"2025-01-28T15:52:22","modified_gmt":"2025-01-28T14:52:22","slug":"venera","status":"publish","type":"product","link":"https:\/\/tintosmart.it\/es\/producto\/venera\/","title":{"rendered":"VENERA"},"content":{"rendered":"<p style=\"text-align: center;\">Pintura transpirable a base de agua adecuada para pintar todos los ambientes donde sea necesario limitar la acumulaci\u00f3n de humedad y vapor de agua, fen\u00f3menos que pueden causar la formaci\u00f3n de bacterias, moho, manchas y halos con el tiempo. Esta pintura a base de agua no crea un efecto de barrera y, por lo tanto, es \u00fatil para hacer \u00abrespirar la pared\u00bb gracias al paso del vapor de agua de la superficie de la pared al exterior. Por lo tanto, se utiliza principalmente en ambientes como cocinas, ba\u00f1os y s\u00f3tanos, donde la formaci\u00f3n de condensaci\u00f3n es muy frecuente y alta.<\/p>\n","protected":false},"excerpt":{"rendered":"<p>Pintura transpirable a base de agua para interiores<\/p>\n","protected":false},"featured_media":10400,"comment_status":"closed","ping_status":"closed","template":"","meta":{"_acf_changed":false},"product_brand":[],"product_cat":[176],"product_tag":[],"class_list":{"0":"post-6197","1":"product","2":"type-product","3":"status-publish","4":"has-post-thumbnail","6":"product_cat-pinturas-y-esmaltes-al-agua","8":"first","9":"instock","10":"taxable","11":"shipping-taxable","12":"purchasable","13":"product-type-variable","14":"has-default-attributes"},"acf":[],"_links":{"self":[{"href":"https:\/\/tintosmart.it\/es\/wp-json\/wp\/v2\/product\/6197","targetHints":{"allow":["GET"]}}],"collection":[{"href":"https:\/\/tintosmart.it\/es\/wp-json\/wp\/v2\/product"}],"about":[{"href":"https:\/\/tintosmart.it\/es\/wp-json\/wp\/v2\/types\/product"}],"replies":[{"embeddable":true,"href":"https:\/\/tintosmart.it\/es\/wp-json\/wp\/v2\/comments?post=6197"}],"wp:featuredmedia":[{"embeddable":true,"href":"https:\/\/tintosmart.it\/es\/wp-json\/wp\/v2\/media\/10400"}],"wp:attachment":[{"href":"https:\/\/tintosmart.it\/es\/wp-json\/wp\/v2\/media?parent=6197"}],"wp:term":[{"taxonomy":"product_brand","embeddable":true,"href":"https:\/\/tintosmart.it\/es\/wp-json\/wp\/v2\/product_brand?post=6197"},{"taxonomy":"product_cat","embeddable":true,"href":"https:\/\/tintosmart.it\/es\/wp-json\/wp\/v2\/product_cat?post=6197"},{"taxonomy":"product_tag","embeddable":true,"href":"https:\/\/tintosmart.it\/es\/wp-json\/wp\/v2\/product_tag?post=6197"}],"curies":[{"name":"wp","href":"https:\/\/api.w.org\/{rel}","templated":true}]}}