{"id":6539,"date":"2021-04-17T10:00:04","date_gmt":"2021-04-17T08:00:04","guid":{"rendered":"http:\/\/tintosmart.it\/prodotto\/tester-de-color\/"},"modified":"2022-01-26T15:00:50","modified_gmt":"2022-01-26T14:00:50","slug":"tester-de-color","status":"publish","type":"product","link":"https:\/\/tintosmart.it\/es\/producto\/tester-de-color\/","title":{"rendered":"TESTER DE COLOR"},"content":{"rendered":"<p>Embalaje transparente graduado ideal para colorear peque\u00f1os tama\u00f1os y muestras fijadas a un nivel de 0,8 l para respetar con precisi\u00f3n los principios de dispensaci\u00f3n. Para la pintura del producto blanco de cada l\u00ednea, recomendamos el uso de la f\u00f3rmula prevista para 4 l y la aplicaci\u00f3n del espaciador en la bomba de cada colorante previsto por la f\u00f3rmula seleccionada.<\/p>\n","protected":false},"excerpt":{"rendered":"<p>Envase transparente graduado de 0,8 l para colorar cantidades m\u00ednimas y muestras<\/p>\n","protected":false},"featured_media":8310,"comment_status":"closed","ping_status":"closed","template":"","meta":{"_acf_changed":false},"product_brand":[],"product_cat":[218],"product_tag":[],"class_list":{"0":"post-6539","1":"product","2":"type-product","3":"status-publish","4":"has-post-thumbnail","6":"product_cat-accesorios-y-repuestos","8":"first","9":"instock","10":"taxable","11":"shipping-taxable","12":"purchasable","13":"product-type-simple"},"acf":[],"_links":{"self":[{"href":"https:\/\/tintosmart.it\/es\/wp-json\/wp\/v2\/product\/6539","targetHints":{"allow":["GET"]}}],"collection":[{"href":"https:\/\/tintosmart.it\/es\/wp-json\/wp\/v2\/product"}],"about":[{"href":"https:\/\/tintosmart.it\/es\/wp-json\/wp\/v2\/types\/product"}],"replies":[{"embeddable":true,"href":"https:\/\/tintosmart.it\/es\/wp-json\/wp\/v2\/comments?post=6539"}],"wp:featuredmedia":[{"embeddable":true,"href":"https:\/\/tintosmart.it\/es\/wp-json\/wp\/v2\/media\/8310"}],"wp:attachment":[{"href":"https:\/\/tintosmart.it\/es\/wp-json\/wp\/v2\/media?parent=6539"}],"wp:term":[{"taxonomy":"product_brand","embeddable":true,"href":"https:\/\/tintosmart.it\/es\/wp-json\/wp\/v2\/product_brand?post=6539"},{"taxonomy":"product_cat","embeddable":true,"href":"https:\/\/tintosmart.it\/es\/wp-json\/wp\/v2\/product_cat?post=6539"},{"taxonomy":"product_tag","embeddable":true,"href":"https:\/\/tintosmart.it\/es\/wp-json\/wp\/v2\/product_tag?post=6539"}],"curies":[{"name":"wp","href":"https:\/\/api.w.org\/{rel}","templated":true}]}}