{"id":6542,"date":"2021-03-28T16:02:30","date_gmt":"2021-03-28T16:02:30","guid":{"rendered":"http:\/\/tintosmart.it\/prodotto\/embalaje-graduado\/"},"modified":"2022-01-26T15:00:36","modified_gmt":"2022-01-26T14:00:36","slug":"embalaje-graduado","status":"publish","type":"product","link":"https:\/\/tintosmart.it\/es\/producto\/embalaje-graduado\/","title":{"rendered":"EMBALAJE GRADUADO"},"content":{"rendered":"<p>El envase transparente graduado con una capacidad m\u00e1xima de 14 litros, ideal para te\u00f1ir la pintura al agua blanca seg\u00fan las cantidades deseadas. Despu\u00e9s de identificar la cantidad de pintura al agua a te\u00f1ir en relaci\u00f3n a los metros cuadrados de la pared, vierta la misma cantidad de pintura al agua blanca en el envase transparente graduado. Luego proceda a identificar la formulaci\u00f3n para el envase seleccionado y te\u00f1ir la pintura a base de agua con los colorantes especificados en el formulario tintom\u00e9trico. El envase prev\u00e9 la indicaci\u00f3n de niveles a intervalos de n\u00fameros pares desde 4 litros hasta 14 litros y la misma forma est\u00e1 estructurada para reproducir las f\u00f3rmulas en base a estos n\u00fameros indicados en el envase de forma gradual. Tras la fase de aplicaci\u00f3n del producto, tras haber lavado el envase y haber eliminado los restos de pintura anteriores, est\u00e1 listo para ser utilizado nuevamente.<\/p>\n","protected":false},"excerpt":{"rendered":"<p>Envase transparente graduado de 14 litros necesario para la coloraci\u00f3n del producto.<\/p>\n","protected":false},"featured_media":8307,"comment_status":"closed","ping_status":"closed","template":"","meta":{"_acf_changed":false},"product_brand":[],"product_cat":[218],"product_tag":[],"class_list":{"0":"post-6542","1":"product","2":"type-product","3":"status-publish","4":"has-post-thumbnail","6":"product_cat-accesorios-y-repuestos","8":"first","9":"instock","10":"taxable","11":"shipping-taxable","12":"purchasable","13":"product-type-simple"},"acf":[],"_links":{"self":[{"href":"https:\/\/tintosmart.it\/es\/wp-json\/wp\/v2\/product\/6542","targetHints":{"allow":["GET"]}}],"collection":[{"href":"https:\/\/tintosmart.it\/es\/wp-json\/wp\/v2\/product"}],"about":[{"href":"https:\/\/tintosmart.it\/es\/wp-json\/wp\/v2\/types\/product"}],"replies":[{"embeddable":true,"href":"https:\/\/tintosmart.it\/es\/wp-json\/wp\/v2\/comments?post=6542"}],"wp:featuredmedia":[{"embeddable":true,"href":"https:\/\/tintosmart.it\/es\/wp-json\/wp\/v2\/media\/8307"}],"wp:attachment":[{"href":"https:\/\/tintosmart.it\/es\/wp-json\/wp\/v2\/media?parent=6542"}],"wp:term":[{"taxonomy":"product_brand","embeddable":true,"href":"https:\/\/tintosmart.it\/es\/wp-json\/wp\/v2\/product_brand?post=6542"},{"taxonomy":"product_cat","embeddable":true,"href":"https:\/\/tintosmart.it\/es\/wp-json\/wp\/v2\/product_cat?post=6542"},{"taxonomy":"product_tag","embeddable":true,"href":"https:\/\/tintosmart.it\/es\/wp-json\/wp\/v2\/product_tag?post=6542"}],"curies":[{"name":"wp","href":"https:\/\/api.w.org\/{rel}","templated":true}]}}