{"id":6554,"date":"2021-04-05T00:15:35","date_gmt":"2021-04-04T22:15:35","guid":{"rendered":"http:\/\/tintosmart.it\/prodotto\/p2-oxido-rojo\/"},"modified":"2025-01-28T10:53:07","modified_gmt":"2025-01-28T09:53:07","slug":"p2-oxido-rojo","status":"publish","type":"product","link":"https:\/\/tintosmart.it\/es\/producto\/p2-oxido-rojo\/","title":{"rendered":"P2 OXIDO ROJO"},"content":{"rendered":"<p>Colorante al agua Rojo \u00d3xido, sin Voc, es decir libre de Sustancias Org\u00e1nicas Vol\u00e1tiles nocivas para la salud del aplicador y del usuario final. Los colorantes de la serie 8000 son compatibles con todos los productos a base de agua y no interfieren con el secado del producto y la reolog\u00eda. Est\u00e1n finamente molidos para hacerlos altamente concentrados y opacos, fluidos y no tixotr\u00f3picos. Colorante universal para productos a base de agua.<\/p>\n","protected":false},"excerpt":{"rendered":"<p>Colorante universal al agua \u00d3xido Rojo sin COV de 450 ml<\/p>\n","protected":false},"featured_media":8454,"comment_status":"closed","ping_status":"closed","template":"","meta":{"_acf_changed":false},"product_brand":[],"product_cat":[210],"product_tag":[],"class_list":{"0":"post-6554","1":"product","2":"type-product","3":"status-publish","4":"has-post-thumbnail","6":"product_cat-colorantes","8":"first","9":"instock","10":"taxable","11":"shipping-taxable","12":"purchasable","13":"product-type-simple"},"acf":[],"_links":{"self":[{"href":"https:\/\/tintosmart.it\/es\/wp-json\/wp\/v2\/product\/6554","targetHints":{"allow":["GET"]}}],"collection":[{"href":"https:\/\/tintosmart.it\/es\/wp-json\/wp\/v2\/product"}],"about":[{"href":"https:\/\/tintosmart.it\/es\/wp-json\/wp\/v2\/types\/product"}],"replies":[{"embeddable":true,"href":"https:\/\/tintosmart.it\/es\/wp-json\/wp\/v2\/comments?post=6554"}],"wp:featuredmedia":[{"embeddable":true,"href":"https:\/\/tintosmart.it\/es\/wp-json\/wp\/v2\/media\/8454"}],"wp:attachment":[{"href":"https:\/\/tintosmart.it\/es\/wp-json\/wp\/v2\/media?parent=6554"}],"wp:term":[{"taxonomy":"product_brand","embeddable":true,"href":"https:\/\/tintosmart.it\/es\/wp-json\/wp\/v2\/product_brand?post=6554"},{"taxonomy":"product_cat","embeddable":true,"href":"https:\/\/tintosmart.it\/es\/wp-json\/wp\/v2\/product_cat?post=6554"},{"taxonomy":"product_tag","embeddable":true,"href":"https:\/\/tintosmart.it\/es\/wp-json\/wp\/v2\/product_tag?post=6554"}],"curies":[{"name":"wp","href":"https:\/\/api.w.org\/{rel}","templated":true}]}}