{"id":6558,"date":"2021-04-08T00:30:42","date_gmt":"2021-04-07T22:30:42","guid":{"rendered":"http:\/\/tintosmart.it\/prodotto\/kit-8-colorantes-p3-negro-oxido\/"},"modified":"2025-01-28T10:02:07","modified_gmt":"2025-01-28T09:02:07","slug":"kit-8-colorantes-p3-negro-oxido","status":"publish","type":"product","link":"https:\/\/tintosmart.it\/es\/producto\/kit-8-colorantes-p3-negro-oxido\/","title":{"rendered":"KIT 8 COLORANTES P3 NEGRO OXIDO"},"content":{"rendered":"<p>Kit de 8 colorantes al agua Oxido Negro sin Voc, es decir, libres de Sustancias Org\u00e1nicas Vol\u00e1tiles nocivas para la salud del aplicador y del usuario final. Los colorantes de la serie 8000 son compatibles con todos los productos a base de agua y no interfieren con el secado y la reolog\u00eda del producto. Molidas finamente para que sean altamente concentrados y con alto poder de cubrici\u00f3n, muy buena aplicabilidad y no tixotr\u00f3picas.<\/p>\n","protected":false},"excerpt":{"rendered":"<p>Kit 8 Colorantes \u00d3xido Negro al agua sin COV de 450 ml<\/p>\n","protected":false},"featured_media":8469,"comment_status":"closed","ping_status":"closed","template":"","meta":{"_acf_changed":false},"product_brand":[],"product_cat":[209],"product_tag":[],"class_list":{"0":"post-6558","1":"product","2":"type-product","3":"status-publish","4":"has-post-thumbnail","6":"product_cat-kit-tintosmart","8":"first","9":"instock","10":"taxable","11":"shipping-taxable","12":"purchasable","13":"product-type-simple"},"acf":[],"_links":{"self":[{"href":"https:\/\/tintosmart.it\/es\/wp-json\/wp\/v2\/product\/6558","targetHints":{"allow":["GET"]}}],"collection":[{"href":"https:\/\/tintosmart.it\/es\/wp-json\/wp\/v2\/product"}],"about":[{"href":"https:\/\/tintosmart.it\/es\/wp-json\/wp\/v2\/types\/product"}],"replies":[{"embeddable":true,"href":"https:\/\/tintosmart.it\/es\/wp-json\/wp\/v2\/comments?post=6558"}],"wp:featuredmedia":[{"embeddable":true,"href":"https:\/\/tintosmart.it\/es\/wp-json\/wp\/v2\/media\/8469"}],"wp:attachment":[{"href":"https:\/\/tintosmart.it\/es\/wp-json\/wp\/v2\/media?parent=6558"}],"wp:term":[{"taxonomy":"product_brand","embeddable":true,"href":"https:\/\/tintosmart.it\/es\/wp-json\/wp\/v2\/product_brand?post=6558"},{"taxonomy":"product_cat","embeddable":true,"href":"https:\/\/tintosmart.it\/es\/wp-json\/wp\/v2\/product_cat?post=6558"},{"taxonomy":"product_tag","embeddable":true,"href":"https:\/\/tintosmart.it\/es\/wp-json\/wp\/v2\/product_tag?post=6558"}],"curies":[{"name":"wp","href":"https:\/\/api.w.org\/{rel}","templated":true}]}}