{"id":6584,"date":"2021-04-05T00:40:09","date_gmt":"2021-04-04T22:40:09","guid":{"rendered":"http:\/\/tintosmart.it\/prodotto\/p7-rojo-brillante\/"},"modified":"2025-01-28T11:00:59","modified_gmt":"2025-01-28T10:00:59","slug":"p7-rojo-brillante","status":"publish","type":"product","link":"https:\/\/tintosmart.it\/es\/producto\/p7-rojo-brillante\/","title":{"rendered":"P7 ROJO BRILLANTE"},"content":{"rendered":"<p>Colorante al agua Rojo Brillante, sin Voc, es decir libre de Sustancias Org\u00e1nicas Vol\u00e1tiles nocivas para la salud del aplicador y del usuario final. Los colorantes de la serie 8000 son compatibles con todos los productos a base de agua y no interfieren con el secado del producto y la reolog\u00eda. Est\u00e1n finamente molidos para hacerlos altamente concentrados y opacos, fluidos y no tixotr\u00f3picos. Colorante universal para productos a base de agua.<\/p>\n","protected":false},"excerpt":{"rendered":"<p>Colorante universal al agua Rojo Brillante sin COV de 450 ml<\/p>\n","protected":false},"featured_media":8529,"comment_status":"closed","ping_status":"closed","template":"","meta":{"_acf_changed":false},"product_brand":[],"product_cat":[210],"product_tag":[],"class_list":{"0":"post-6584","1":"product","2":"type-product","3":"status-publish","4":"has-post-thumbnail","6":"product_cat-colorantes","8":"first","9":"instock","10":"taxable","11":"shipping-taxable","12":"purchasable","13":"product-type-simple"},"acf":[],"_links":{"self":[{"href":"https:\/\/tintosmart.it\/es\/wp-json\/wp\/v2\/product\/6584","targetHints":{"allow":["GET"]}}],"collection":[{"href":"https:\/\/tintosmart.it\/es\/wp-json\/wp\/v2\/product"}],"about":[{"href":"https:\/\/tintosmart.it\/es\/wp-json\/wp\/v2\/types\/product"}],"replies":[{"embeddable":true,"href":"https:\/\/tintosmart.it\/es\/wp-json\/wp\/v2\/comments?post=6584"}],"wp:featuredmedia":[{"embeddable":true,"href":"https:\/\/tintosmart.it\/es\/wp-json\/wp\/v2\/media\/8529"}],"wp:attachment":[{"href":"https:\/\/tintosmart.it\/es\/wp-json\/wp\/v2\/media?parent=6584"}],"wp:term":[{"taxonomy":"product_brand","embeddable":true,"href":"https:\/\/tintosmart.it\/es\/wp-json\/wp\/v2\/product_brand?post=6584"},{"taxonomy":"product_cat","embeddable":true,"href":"https:\/\/tintosmart.it\/es\/wp-json\/wp\/v2\/product_cat?post=6584"},{"taxonomy":"product_tag","embeddable":true,"href":"https:\/\/tintosmart.it\/es\/wp-json\/wp\/v2\/product_tag?post=6584"}],"curies":[{"name":"wp","href":"https:\/\/api.w.org\/{rel}","templated":true}]}}