{"id":6590,"date":"2021-04-05T00:45:14","date_gmt":"2021-04-04T22:45:14","guid":{"rendered":"http:\/\/tintosmart.it\/prodotto\/p8-amarillo-luminoso\/"},"modified":"2025-01-28T11:03:18","modified_gmt":"2025-01-28T10:03:18","slug":"p8-amarillo-luminoso","status":"publish","type":"product","link":"https:\/\/tintosmart.it\/es\/producto\/p8-amarillo-luminoso\/","title":{"rendered":"P8 AMARILLO LUMINOSO"},"content":{"rendered":"<p>Colorante al agua Amarillo Luminoso sin Voc, es decir libre de Sustancias Org\u00e1nicas Vol\u00e1tiles nocivas para la salud del aplicador y del usuario final. Los colorantes de la serie 8000 son compatibles con todos los productos a base de agua y no interfieren con el secado del producto y la reolog\u00eda. Est\u00e1n finamente molidos para hacerlos altamente concentrados y opacos, fluidos y no tixotr\u00f3picos. Colorante universal para productos a base de agua.<\/p>\n","protected":false},"excerpt":{"rendered":"<p>Colorante universal al agua Amarillo Luminoso sin COV de 450 ml<\/p>\n","protected":false},"featured_media":8544,"comment_status":"closed","ping_status":"closed","template":"","meta":{"_acf_changed":false},"product_brand":[],"product_cat":[210],"product_tag":[],"class_list":{"0":"post-6590","1":"product","2":"type-product","3":"status-publish","4":"has-post-thumbnail","6":"product_cat-colorantes","8":"first","9":"instock","10":"taxable","11":"shipping-taxable","12":"purchasable","13":"product-type-simple"},"acf":[],"_links":{"self":[{"href":"https:\/\/tintosmart.it\/es\/wp-json\/wp\/v2\/product\/6590","targetHints":{"allow":["GET"]}}],"collection":[{"href":"https:\/\/tintosmart.it\/es\/wp-json\/wp\/v2\/product"}],"about":[{"href":"https:\/\/tintosmart.it\/es\/wp-json\/wp\/v2\/types\/product"}],"replies":[{"embeddable":true,"href":"https:\/\/tintosmart.it\/es\/wp-json\/wp\/v2\/comments?post=6590"}],"wp:featuredmedia":[{"embeddable":true,"href":"https:\/\/tintosmart.it\/es\/wp-json\/wp\/v2\/media\/8544"}],"wp:attachment":[{"href":"https:\/\/tintosmart.it\/es\/wp-json\/wp\/v2\/media?parent=6590"}],"wp:term":[{"taxonomy":"product_brand","embeddable":true,"href":"https:\/\/tintosmart.it\/es\/wp-json\/wp\/v2\/product_brand?post=6590"},{"taxonomy":"product_cat","embeddable":true,"href":"https:\/\/tintosmart.it\/es\/wp-json\/wp\/v2\/product_cat?post=6590"},{"taxonomy":"product_tag","embeddable":true,"href":"https:\/\/tintosmart.it\/es\/wp-json\/wp\/v2\/product_tag?post=6590"}],"curies":[{"name":"wp","href":"https:\/\/api.w.org\/{rel}","templated":true}]}}