{"id":6593,"date":"2021-04-09T08:00:56","date_gmt":"2021-04-09T06:00:56","guid":{"rendered":"http:\/\/tintosmart.it\/prodotto\/kit-8-colorantes-blanco\/"},"modified":"2025-01-28T09:55:03","modified_gmt":"2025-01-28T08:55:03","slug":"kit-8-colorantes-blanco","status":"publish","type":"product","link":"https:\/\/tintosmart.it\/es\/producto\/kit-8-colorantes-blanco\/","title":{"rendered":"KIT 8 COLORANTES BLANCO"},"content":{"rendered":"<p>Kit de 8 colorantes al agua Blanco sin Voc, es decir, libres de Sustancias Org\u00e1nicas Vol\u00e1tiles nocivas para la salud del aplicador y del usuario final. Los colorantes de la serie 8000 son compatibles con todos los productos a base de agua y no interfieren con el secado y la reolog\u00eda del producto. Molidas finamente para que sean altamente concentrados y con alto poder de cubrici\u00f3n, muy buena aplicabilidad y no tixotr\u00f3picas. Colorantes especialmente utilizados para te\u00f1ir bases transparentes destinadas a la reproducci\u00f3n de colores Ral y colores oscuros y fuertes.<\/p>\n","protected":false},"excerpt":{"rendered":"<p>Kit 8 Colorantes Blanco al agua sin COV de 450 ml para te\u00f1ir bases transparentes<\/p>\n","protected":false},"featured_media":8580,"comment_status":"closed","ping_status":"closed","template":"","meta":{"_acf_changed":false},"product_brand":[],"product_cat":[209],"product_tag":[],"class_list":{"0":"post-6593","1":"product","2":"type-product","3":"status-publish","4":"has-post-thumbnail","6":"product_cat-kit-tintosmart","8":"first","9":"instock","10":"taxable","11":"shipping-taxable","12":"purchasable","13":"product-type-simple"},"acf":[],"_links":{"self":[{"href":"https:\/\/tintosmart.it\/es\/wp-json\/wp\/v2\/product\/6593","targetHints":{"allow":["GET"]}}],"collection":[{"href":"https:\/\/tintosmart.it\/es\/wp-json\/wp\/v2\/product"}],"about":[{"href":"https:\/\/tintosmart.it\/es\/wp-json\/wp\/v2\/types\/product"}],"replies":[{"embeddable":true,"href":"https:\/\/tintosmart.it\/es\/wp-json\/wp\/v2\/comments?post=6593"}],"wp:featuredmedia":[{"embeddable":true,"href":"https:\/\/tintosmart.it\/es\/wp-json\/wp\/v2\/media\/8580"}],"wp:attachment":[{"href":"https:\/\/tintosmart.it\/es\/wp-json\/wp\/v2\/media?parent=6593"}],"wp:term":[{"taxonomy":"product_brand","embeddable":true,"href":"https:\/\/tintosmart.it\/es\/wp-json\/wp\/v2\/product_brand?post=6593"},{"taxonomy":"product_cat","embeddable":true,"href":"https:\/\/tintosmart.it\/es\/wp-json\/wp\/v2\/product_cat?post=6593"},{"taxonomy":"product_tag","embeddable":true,"href":"https:\/\/tintosmart.it\/es\/wp-json\/wp\/v2\/product_tag?post=6593"}],"curies":[{"name":"wp","href":"https:\/\/api.w.org\/{rel}","templated":true}]}}