{"id":6596,"date":"2021-04-05T00:50:09","date_gmt":"2021-04-04T22:50:09","guid":{"rendered":"http:\/\/tintosmart.it\/prodotto\/blanco\/"},"modified":"2025-01-28T10:49:44","modified_gmt":"2025-01-28T09:49:44","slug":"blanco","status":"publish","type":"product","link":"https:\/\/tintosmart.it\/es\/producto\/blanco\/","title":{"rendered":"BLANCO"},"content":{"rendered":"<p>Colorante al agua Blanco, sin Voc, es decir libre de Sustancias Org\u00e1nicas Vol\u00e1tiles nocivas para la salud del aplicador y del usuario final. Los colorantes de la serie 8000 son compatibles con todos los productos a base de agua y no interfieren con el secado del producto y la reolog\u00eda. Est\u00e1n finamente molidos para hacerlos altamente concentrados y opacos, fluidos y no tixotr\u00f3picos. Colorante universal para productos al agua y especialmente utilizado parate\u00f1ir bases transparentes destinadas a la reproducci\u00f3n de colores Ral y colores oscuros y fuertes.<\/p>\n","protected":false},"excerpt":{"rendered":"<p>Colorante blanco a base de agua sin COV de 450 ml para te\u00f1ir bases transparentes<\/p>\n","protected":false},"featured_media":8580,"comment_status":"closed","ping_status":"closed","template":"","meta":{"_acf_changed":false},"product_brand":[],"product_cat":[210],"product_tag":[],"class_list":{"0":"post-6596","1":"product","2":"type-product","3":"status-publish","4":"has-post-thumbnail","6":"product_cat-colorantes","8":"first","9":"instock","10":"taxable","11":"shipping-taxable","12":"purchasable","13":"product-type-simple"},"acf":[],"_links":{"self":[{"href":"https:\/\/tintosmart.it\/es\/wp-json\/wp\/v2\/product\/6596","targetHints":{"allow":["GET"]}}],"collection":[{"href":"https:\/\/tintosmart.it\/es\/wp-json\/wp\/v2\/product"}],"about":[{"href":"https:\/\/tintosmart.it\/es\/wp-json\/wp\/v2\/types\/product"}],"replies":[{"embeddable":true,"href":"https:\/\/tintosmart.it\/es\/wp-json\/wp\/v2\/comments?post=6596"}],"wp:featuredmedia":[{"embeddable":true,"href":"https:\/\/tintosmart.it\/es\/wp-json\/wp\/v2\/media\/8580"}],"wp:attachment":[{"href":"https:\/\/tintosmart.it\/es\/wp-json\/wp\/v2\/media?parent=6596"}],"wp:term":[{"taxonomy":"product_brand","embeddable":true,"href":"https:\/\/tintosmart.it\/es\/wp-json\/wp\/v2\/product_brand?post=6596"},{"taxonomy":"product_cat","embeddable":true,"href":"https:\/\/tintosmart.it\/es\/wp-json\/wp\/v2\/product_cat?post=6596"},{"taxonomy":"product_tag","embeddable":true,"href":"https:\/\/tintosmart.it\/es\/wp-json\/wp\/v2\/product_tag?post=6596"}],"curies":[{"name":"wp","href":"https:\/\/api.w.org\/{rel}","templated":true}]}}