{"id":6608,"date":"2021-04-05T12:00:30","date_gmt":"2021-04-05T10:00:30","guid":{"rendered":"http:\/\/tintosmart.it\/prodotto\/mercury-base-transparente\/"},"modified":"2025-01-28T16:19:53","modified_gmt":"2025-01-28T15:19:53","slug":"mercury-base-transparente","status":"publish","type":"product","link":"https:\/\/tintosmart.it\/es\/producto\/mercury-base-transparente\/","title":{"rendered":"MERCURY &#8211; BASE TRANSPARENTE"},"content":{"rendered":"<p style=\"text-align: center;\">Pintura al agua superlavable adecuada para pintar todas las habitaciones y ambientes del hogar donde es necesario aplicar tanto colores claros como colores intensos sin que se desvanezcan con el tiempo. Por esta raz\u00f3n, se utiliza principalmente para mejorar interiores valiosos como dormitorios y salas de estar. Esta pintura al agua se caracteriza por su excelente poder cubriente, gran resistencia al lavado y al roce debido a su formulaci\u00f3n compuesta por una alta cantidad de resina que tambi\u00e9n contribuye a aumentar el impacto est\u00e9tico de las paredes. Se aplica en superficies de paredes destinadas a uso en interiores y exteriores gracias a su buena resistencia a los agentes atmosf\u00e9ricos.<\/p>\n","protected":false},"excerpt":{"rendered":"<p>Base transparente s\u00faper lavable para la realizaci\u00f3n de Colores Ral<\/p>\n","protected":false},"featured_media":7024,"comment_status":"closed","ping_status":"closed","template":"","meta":{"_acf_changed":false},"product_brand":[],"product_cat":[176],"product_tag":[],"class_list":{"0":"post-6608","1":"product","2":"type-product","3":"status-publish","4":"has-post-thumbnail","6":"product_cat-pinturas-y-esmaltes-al-agua","8":"first","9":"instock","10":"taxable","11":"shipping-taxable","12":"purchasable","13":"product-type-simple"},"acf":[],"_links":{"self":[{"href":"https:\/\/tintosmart.it\/es\/wp-json\/wp\/v2\/product\/6608","targetHints":{"allow":["GET"]}}],"collection":[{"href":"https:\/\/tintosmart.it\/es\/wp-json\/wp\/v2\/product"}],"about":[{"href":"https:\/\/tintosmart.it\/es\/wp-json\/wp\/v2\/types\/product"}],"replies":[{"embeddable":true,"href":"https:\/\/tintosmart.it\/es\/wp-json\/wp\/v2\/comments?post=6608"}],"wp:featuredmedia":[{"embeddable":true,"href":"https:\/\/tintosmart.it\/es\/wp-json\/wp\/v2\/media\/7024"}],"wp:attachment":[{"href":"https:\/\/tintosmart.it\/es\/wp-json\/wp\/v2\/media?parent=6608"}],"wp:term":[{"taxonomy":"product_brand","embeddable":true,"href":"https:\/\/tintosmart.it\/es\/wp-json\/wp\/v2\/product_brand?post=6608"},{"taxonomy":"product_cat","embeddable":true,"href":"https:\/\/tintosmart.it\/es\/wp-json\/wp\/v2\/product_cat?post=6608"},{"taxonomy":"product_tag","embeddable":true,"href":"https:\/\/tintosmart.it\/es\/wp-json\/wp\/v2\/product_tag?post=6608"}],"curies":[{"name":"wp","href":"https:\/\/api.w.org\/{rel}","templated":true}]}}