{"id":6625,"date":"2021-04-04T12:00:44","date_gmt":"2021-04-04T10:00:44","guid":{"rendered":"http:\/\/tintosmart.it\/prodotto\/kepler\/"},"modified":"2025-01-28T16:13:01","modified_gmt":"2025-01-28T15:13:01","slug":"kepler","status":"publish","type":"product","link":"https:\/\/tintosmart.it\/es\/producto\/kepler\/","title":{"rendered":"KEPLER"},"content":{"rendered":"<p style=\"text-align: center;\">Kepler es un esmalte opaco para paredes a base de agua formulado con resinas acr\u00edlicas e ideal para pintar paredes interiores. Debido a la gran cantidad de resina con la que est\u00e1 equipado, la pel\u00edcula de pintura del producto permite de formar un alto efecto de barrera capaz de resistir la suciedad, el polvo y las manchas de caf\u00e9, aceite, vino, grasa, etc., haciendo que la superficie sea extremadamente f\u00e1cil de manchar. Adem\u00e1s, se caracteriza por la facilidad de aplicaci\u00f3n con rodillo y pincel.<\/p>\n","protected":false},"excerpt":{"rendered":"<p>Esmalte de pared mate al agua para interiores<\/p>\n","protected":false},"featured_media":10412,"comment_status":"closed","ping_status":"closed","template":"","meta":{"_acf_changed":false},"product_brand":[],"product_cat":[176],"product_tag":[],"class_list":{"0":"post-6625","1":"product","2":"type-product","3":"status-publish","4":"has-post-thumbnail","6":"product_cat-pinturas-y-esmaltes-al-agua","8":"first","9":"instock","10":"taxable","11":"shipping-taxable","12":"purchasable","13":"product-type-variable","14":"has-default-attributes"},"acf":[],"_links":{"self":[{"href":"https:\/\/tintosmart.it\/es\/wp-json\/wp\/v2\/product\/6625","targetHints":{"allow":["GET"]}}],"collection":[{"href":"https:\/\/tintosmart.it\/es\/wp-json\/wp\/v2\/product"}],"about":[{"href":"https:\/\/tintosmart.it\/es\/wp-json\/wp\/v2\/types\/product"}],"replies":[{"embeddable":true,"href":"https:\/\/tintosmart.it\/es\/wp-json\/wp\/v2\/comments?post=6625"}],"wp:featuredmedia":[{"embeddable":true,"href":"https:\/\/tintosmart.it\/es\/wp-json\/wp\/v2\/media\/10412"}],"wp:attachment":[{"href":"https:\/\/tintosmart.it\/es\/wp-json\/wp\/v2\/media?parent=6625"}],"wp:term":[{"taxonomy":"product_brand","embeddable":true,"href":"https:\/\/tintosmart.it\/es\/wp-json\/wp\/v2\/product_brand?post=6625"},{"taxonomy":"product_cat","embeddable":true,"href":"https:\/\/tintosmart.it\/es\/wp-json\/wp\/v2\/product_cat?post=6625"},{"taxonomy":"product_tag","embeddable":true,"href":"https:\/\/tintosmart.it\/es\/wp-json\/wp\/v2\/product_tag?post=6625"}],"curies":[{"name":"wp","href":"https:\/\/api.w.org\/{rel}","templated":true}]}}