{"id":6634,"date":"2021-04-07T12:00:53","date_gmt":"2021-04-07T10:00:53","guid":{"rendered":"http:\/\/tintosmart.it\/prodotto\/lunar\/"},"modified":"2025-11-04T12:56:24","modified_gmt":"2025-11-04T11:56:24","slug":"lunar","status":"publish","type":"product","link":"https:\/\/tintosmart.it\/es\/producto\/lunar\/","title":{"rendered":"LUNAR"},"content":{"rendered":"<p style=\"text-align: center;\">Lunar es un acabado acr\u00edlico decorativo a base de agua con efecto mat\u00e9rico mate y nacarado. El producto se caracteriza por una baja absorci\u00f3n de suciedad y una alta resistencia mec\u00e1nica y al lavado que permiten mantener el acabado en el tiempo. Se puede reproducir en una amplia gama crom\u00e1tica que permita obtener colores claros, luminosos e intensos que dan a las paredes efectos refinados y elegantes.<\/p>\n","protected":false},"excerpt":{"rendered":"<p>Acabado decorativo al agua con efecto mat\u00e9rico<\/p>\n","protected":false},"featured_media":10387,"comment_status":"closed","ping_status":"closed","template":"","meta":{"_acf_changed":false},"product_brand":[],"product_cat":[212],"product_tag":[],"class_list":{"0":"post-6634","1":"product","2":"type-product","3":"status-publish","4":"has-post-thumbnail","6":"product_cat-decorativos","8":"first","9":"instock","10":"taxable","11":"shipping-taxable","12":"purchasable","13":"product-type-variable","14":"has-default-attributes"},"acf":[],"_links":{"self":[{"href":"https:\/\/tintosmart.it\/es\/wp-json\/wp\/v2\/product\/6634","targetHints":{"allow":["GET"]}}],"collection":[{"href":"https:\/\/tintosmart.it\/es\/wp-json\/wp\/v2\/product"}],"about":[{"href":"https:\/\/tintosmart.it\/es\/wp-json\/wp\/v2\/types\/product"}],"replies":[{"embeddable":true,"href":"https:\/\/tintosmart.it\/es\/wp-json\/wp\/v2\/comments?post=6634"}],"wp:featuredmedia":[{"embeddable":true,"href":"https:\/\/tintosmart.it\/es\/wp-json\/wp\/v2\/media\/10387"}],"wp:attachment":[{"href":"https:\/\/tintosmart.it\/es\/wp-json\/wp\/v2\/media?parent=6634"}],"wp:term":[{"taxonomy":"product_brand","embeddable":true,"href":"https:\/\/tintosmart.it\/es\/wp-json\/wp\/v2\/product_brand?post=6634"},{"taxonomy":"product_cat","embeddable":true,"href":"https:\/\/tintosmart.it\/es\/wp-json\/wp\/v2\/product_cat?post=6634"},{"taxonomy":"product_tag","embeddable":true,"href":"https:\/\/tintosmart.it\/es\/wp-json\/wp\/v2\/product_tag?post=6634"}],"curies":[{"name":"wp","href":"https:\/\/api.w.org\/{rel}","templated":true}]}}