{"id":6643,"date":"2021-04-08T12:00:55","date_gmt":"2021-04-08T10:00:55","guid":{"rendered":"http:\/\/tintosmart.it\/prodotto\/echo\/"},"modified":"2025-11-04T12:56:45","modified_gmt":"2025-11-04T11:56:45","slug":"echo","status":"publish","type":"product","link":"https:\/\/tintosmart.it\/es\/producto\/echo\/","title":{"rendered":"ECHO"},"content":{"rendered":"<p style=\"text-align: center;\">Echo es un acabado acr\u00edlico decorativo al agua con efecto met\u00e1lico de aspecto arenado y luminoso. El producto se caracteriza por la facilidad de aplicaci\u00f3n y la alta resistencia mec\u00e1nica que permite el mantenimiento del acabado en el tiempo. Se puede reproducir en una amplia gama crom\u00e1tica que permite obtener colores brillantes, iridiscentes y nacarados con incrustaciones de detalles ligeramente granallados.<\/p>\n","protected":false},"excerpt":{"rendered":"<p>Acabado decorativo al agua con efecto metalizado<\/p>\n","protected":false},"featured_media":10392,"comment_status":"closed","ping_status":"closed","template":"","meta":{"_acf_changed":false},"product_brand":[],"product_cat":[212],"product_tag":[],"class_list":{"0":"post-6643","1":"product","2":"type-product","3":"status-publish","4":"has-post-thumbnail","6":"product_cat-decorativos","8":"first","9":"instock","10":"taxable","11":"shipping-taxable","12":"purchasable","13":"product-type-variable","14":"has-default-attributes"},"acf":[],"_links":{"self":[{"href":"https:\/\/tintosmart.it\/es\/wp-json\/wp\/v2\/product\/6643","targetHints":{"allow":["GET"]}}],"collection":[{"href":"https:\/\/tintosmart.it\/es\/wp-json\/wp\/v2\/product"}],"about":[{"href":"https:\/\/tintosmart.it\/es\/wp-json\/wp\/v2\/types\/product"}],"replies":[{"embeddable":true,"href":"https:\/\/tintosmart.it\/es\/wp-json\/wp\/v2\/comments?post=6643"}],"wp:featuredmedia":[{"embeddable":true,"href":"https:\/\/tintosmart.it\/es\/wp-json\/wp\/v2\/media\/10392"}],"wp:attachment":[{"href":"https:\/\/tintosmart.it\/es\/wp-json\/wp\/v2\/media?parent=6643"}],"wp:term":[{"taxonomy":"product_brand","embeddable":true,"href":"https:\/\/tintosmart.it\/es\/wp-json\/wp\/v2\/product_brand?post=6643"},{"taxonomy":"product_cat","embeddable":true,"href":"https:\/\/tintosmart.it\/es\/wp-json\/wp\/v2\/product_cat?post=6643"},{"taxonomy":"product_tag","embeddable":true,"href":"https:\/\/tintosmart.it\/es\/wp-json\/wp\/v2\/product_tag?post=6643"}],"curies":[{"name":"wp","href":"https:\/\/api.w.org\/{rel}","templated":true}]}}