{"id":6659,"date":"2021-04-16T10:10:02","date_gmt":"2021-04-16T08:10:02","guid":{"rendered":"http:\/\/tintosmart.it\/prodotto\/hojas-de-prueba-color\/"},"modified":"2022-01-26T15:00:16","modified_gmt":"2022-01-26T14:00:16","slug":"hojas-de-prueba-color","status":"publish","type":"product","link":"https:\/\/tintosmart.it\/es\/producto\/hojas-de-prueba-color\/","title":{"rendered":"HOJAS DE PRUEBA COLOR"},"content":{"rendered":"<p>Las chapas &#8211; cartas de color se insertan dentro de la carpeta de colores personalizados y las f\u00f3rmulas personalizadas fuera de las carpetas de la colecci\u00f3n TintoSmart. Es posible registrar los datos relativos a la f\u00f3rmula personal y al cliente de referencia en el reverso de la carta y luego aplicar el color creado con la esp\u00e1tula en el frente de la carta. Tambi\u00e9n es necesario aplicar la pintura a base de agua o el esmalte de pared una vez coloreado, a fin de obtener una confirmaci\u00f3n visual inmediata antes de aplicarlo a la superficie.<\/p>\n","protected":false},"excerpt":{"rendered":"<p>Fichas de colores para pruebas de tinte y almacenamiento de f\u00f3rmulas personalizadas<\/p>\n","protected":false},"featured_media":8643,"comment_status":"closed","ping_status":"closed","template":"","meta":{"_acf_changed":false},"product_brand":[],"product_cat":[218],"product_tag":[],"class_list":{"0":"post-6659","1":"product","2":"type-product","3":"status-publish","4":"has-post-thumbnail","6":"product_cat-accesorios-y-repuestos","8":"first","9":"instock","10":"taxable","11":"shipping-taxable","12":"purchasable","13":"product-type-simple"},"acf":[],"_links":{"self":[{"href":"https:\/\/tintosmart.it\/es\/wp-json\/wp\/v2\/product\/6659","targetHints":{"allow":["GET"]}}],"collection":[{"href":"https:\/\/tintosmart.it\/es\/wp-json\/wp\/v2\/product"}],"about":[{"href":"https:\/\/tintosmart.it\/es\/wp-json\/wp\/v2\/types\/product"}],"replies":[{"embeddable":true,"href":"https:\/\/tintosmart.it\/es\/wp-json\/wp\/v2\/comments?post=6659"}],"wp:featuredmedia":[{"embeddable":true,"href":"https:\/\/tintosmart.it\/es\/wp-json\/wp\/v2\/media\/8643"}],"wp:attachment":[{"href":"https:\/\/tintosmart.it\/es\/wp-json\/wp\/v2\/media?parent=6659"}],"wp:term":[{"taxonomy":"product_brand","embeddable":true,"href":"https:\/\/tintosmart.it\/es\/wp-json\/wp\/v2\/product_brand?post=6659"},{"taxonomy":"product_cat","embeddable":true,"href":"https:\/\/tintosmart.it\/es\/wp-json\/wp\/v2\/product_cat?post=6659"},{"taxonomy":"product_tag","embeddable":true,"href":"https:\/\/tintosmart.it\/es\/wp-json\/wp\/v2\/product_tag?post=6659"}],"curies":[{"name":"wp","href":"https:\/\/api.w.org\/{rel}","templated":true}]}}