{"id":6665,"date":"2021-03-28T16:32:34","date_gmt":"2021-03-28T16:32:34","guid":{"rendered":"http:\/\/tintosmart.it\/prodotto\/almohadilla-de-plastico\/"},"modified":"2022-01-26T14:59:33","modified_gmt":"2022-01-26T13:59:33","slug":"almohadilla-de-plastico","status":"publish","type":"product","link":"https:\/\/tintosmart.it\/es\/producto\/almohadilla-de-plastico\/","title":{"rendered":"ALMOHADILLA DE PL\u00c1STICO"},"content":{"rendered":"<p>La almohadilla ovalada de pl\u00e1stico r\u00edgido es perfecta para obtener efectos particulares despu\u00e9s de la aplicaci\u00f3n de productos decorativos. Las ranuras especiales presentes en la superficie de la almohadilla crean imperfecciones que se prestan bien a juego de luces agradable a la vista. Dimensi\u00f3n: 110&#215;70 mm<\/p>\n","protected":false},"excerpt":{"rendered":"<p>Almohadilla de pl\u00e1stico ovalada para decorativos<\/p>\n","protected":false},"featured_media":8298,"comment_status":"closed","ping_status":"closed","template":"","meta":{"_acf_changed":false},"product_brand":[],"product_cat":[218],"product_tag":[],"class_list":{"0":"post-6665","1":"product","2":"type-product","3":"status-publish","4":"has-post-thumbnail","6":"product_cat-accesorios-y-repuestos","8":"first","9":"instock","10":"taxable","11":"shipping-taxable","12":"purchasable","13":"product-type-simple"},"acf":[],"_links":{"self":[{"href":"https:\/\/tintosmart.it\/es\/wp-json\/wp\/v2\/product\/6665","targetHints":{"allow":["GET"]}}],"collection":[{"href":"https:\/\/tintosmart.it\/es\/wp-json\/wp\/v2\/product"}],"about":[{"href":"https:\/\/tintosmart.it\/es\/wp-json\/wp\/v2\/types\/product"}],"replies":[{"embeddable":true,"href":"https:\/\/tintosmart.it\/es\/wp-json\/wp\/v2\/comments?post=6665"}],"wp:featuredmedia":[{"embeddable":true,"href":"https:\/\/tintosmart.it\/es\/wp-json\/wp\/v2\/media\/8298"}],"wp:attachment":[{"href":"https:\/\/tintosmart.it\/es\/wp-json\/wp\/v2\/media?parent=6665"}],"wp:term":[{"taxonomy":"product_brand","embeddable":true,"href":"https:\/\/tintosmart.it\/es\/wp-json\/wp\/v2\/product_brand?post=6665"},{"taxonomy":"product_cat","embeddable":true,"href":"https:\/\/tintosmart.it\/es\/wp-json\/wp\/v2\/product_cat?post=6665"},{"taxonomy":"product_tag","embeddable":true,"href":"https:\/\/tintosmart.it\/es\/wp-json\/wp\/v2\/product_tag?post=6665"}],"curies":[{"name":"wp","href":"https:\/\/api.w.org\/{rel}","templated":true}]}}