{"id":6668,"date":"2021-04-05T19:15:14","date_gmt":"2021-04-05T19:15:14","guid":{"rendered":"http:\/\/tintosmart.it\/prodotto\/set-10-bombas-dosificadoras\/"},"modified":"2022-01-26T13:30:09","modified_gmt":"2022-01-26T12:30:09","slug":"set-10-bombas-dosificadoras","status":"publish","type":"product","link":"https:\/\/tintosmart.it\/es\/producto\/set-10-bombas-dosificadoras\/","title":{"rendered":"SET 10 BOMBAS DOSIFICADORAS"},"content":{"rendered":"<p>El conjunto consta de 8 pompas dosificadoras para ser insertadas en otros tantos colorantes y 2 pompas de repuesto en caso de desgaste por el tiempo. Los dispensadores de pl\u00e1stico est\u00e1n estudiados para permitir una dosificaci\u00f3n constante y precisa en cada acci\u00f3n de presi\u00f3n sobre el tap\u00f3n y para evitar que las pastas colorantes se sequen, garantizando as\u00ed una mayor duraci\u00f3n en el tiempo.<\/p>\n","protected":false},"excerpt":{"rendered":"<p>Conjunto de dispensadores para dispensar<\/p>\n","protected":false},"featured_media":8295,"comment_status":"closed","ping_status":"closed","template":"","meta":{"_acf_changed":false},"product_brand":[],"product_cat":[218],"product_tag":[],"class_list":{"0":"post-6668","1":"product","2":"type-product","3":"status-publish","4":"has-post-thumbnail","6":"product_cat-accesorios-y-repuestos","8":"first","9":"instock","10":"taxable","11":"shipping-taxable","12":"purchasable","13":"product-type-simple"},"acf":[],"_links":{"self":[{"href":"https:\/\/tintosmart.it\/es\/wp-json\/wp\/v2\/product\/6668","targetHints":{"allow":["GET"]}}],"collection":[{"href":"https:\/\/tintosmart.it\/es\/wp-json\/wp\/v2\/product"}],"about":[{"href":"https:\/\/tintosmart.it\/es\/wp-json\/wp\/v2\/types\/product"}],"replies":[{"embeddable":true,"href":"https:\/\/tintosmart.it\/es\/wp-json\/wp\/v2\/comments?post=6668"}],"wp:featuredmedia":[{"embeddable":true,"href":"https:\/\/tintosmart.it\/es\/wp-json\/wp\/v2\/media\/8295"}],"wp:attachment":[{"href":"https:\/\/tintosmart.it\/es\/wp-json\/wp\/v2\/media?parent=6668"}],"wp:term":[{"taxonomy":"product_brand","embeddable":true,"href":"https:\/\/tintosmart.it\/es\/wp-json\/wp\/v2\/product_brand?post=6668"},{"taxonomy":"product_cat","embeddable":true,"href":"https:\/\/tintosmart.it\/es\/wp-json\/wp\/v2\/product_cat?post=6668"},{"taxonomy":"product_tag","embeddable":true,"href":"https:\/\/tintosmart.it\/es\/wp-json\/wp\/v2\/product_tag?post=6668"}],"curies":[{"name":"wp","href":"https:\/\/api.w.org\/{rel}","templated":true}]}}