{"id":6671,"date":"2021-04-08T00:20:33","date_gmt":"2021-04-07T22:20:33","guid":{"rendered":"http:\/\/tintosmart.it\/prodotto\/kit-mezcla-8-colorantes\/"},"modified":"2025-01-28T09:51:17","modified_gmt":"2025-01-28T08:51:17","slug":"kit-mezcla-8-colorantes","status":"publish","type":"product","link":"https:\/\/tintosmart.it\/es\/producto\/kit-mezcla-8-colorantes\/","title":{"rendered":"KIT MEZCLA 8 COLORANTES"},"content":{"rendered":"<p>Kit de mezcla de 8 colorantes sin Voc necesarios para un reordenamiento completo del tint\u00f3metro port\u00e1til. El kit incluye los siguientes colorantes: P1 \u00f3xido amarillo, P2 \u00f3xido rojo, P3 \u00f3xido negro, P4 marr\u00f3n, P5 azul, P6 verde, P7 rojo brillante, P8 amarillo luminoso. Los colorantes al agua TintoSmart son sin COV, lo que significa que no contienen Sustancias Org\u00e1nicas Vol\u00e1tiles que sean perjudiciales para la salud del aplicador y del usuario final. Los colorantes de la serie 8000 son compatibles con todos los productos a base de agua y no interfieren con el secado y la reolog\u00eda del producto. Las part\u00edculas de pigmento se muelen finamente para hacer que los colorantes sean altamente concentrados, mates, fluidos y no tixotr\u00f3picos.<\/p>\n","protected":false},"excerpt":{"rendered":"<p>Kit mezcla 8 colorantes Voc Free de 450 ml<\/p>\n","protected":false},"featured_media":8574,"comment_status":"closed","ping_status":"closed","template":"","meta":{"_acf_changed":false},"product_brand":[],"product_cat":[209],"product_tag":[],"class_list":{"0":"post-6671","1":"product","2":"type-product","3":"status-publish","4":"has-post-thumbnail","6":"product_cat-kit-tintosmart","8":"first","9":"instock","10":"taxable","11":"shipping-taxable","12":"purchasable","13":"product-type-simple"},"acf":[],"_links":{"self":[{"href":"https:\/\/tintosmart.it\/es\/wp-json\/wp\/v2\/product\/6671","targetHints":{"allow":["GET"]}}],"collection":[{"href":"https:\/\/tintosmart.it\/es\/wp-json\/wp\/v2\/product"}],"about":[{"href":"https:\/\/tintosmart.it\/es\/wp-json\/wp\/v2\/types\/product"}],"replies":[{"embeddable":true,"href":"https:\/\/tintosmart.it\/es\/wp-json\/wp\/v2\/comments?post=6671"}],"wp:featuredmedia":[{"embeddable":true,"href":"https:\/\/tintosmart.it\/es\/wp-json\/wp\/v2\/media\/8574"}],"wp:attachment":[{"href":"https:\/\/tintosmart.it\/es\/wp-json\/wp\/v2\/media?parent=6671"}],"wp:term":[{"taxonomy":"product_brand","embeddable":true,"href":"https:\/\/tintosmart.it\/es\/wp-json\/wp\/v2\/product_brand?post=6671"},{"taxonomy":"product_cat","embeddable":true,"href":"https:\/\/tintosmart.it\/es\/wp-json\/wp\/v2\/product_cat?post=6671"},{"taxonomy":"product_tag","embeddable":true,"href":"https:\/\/tintosmart.it\/es\/wp-json\/wp\/v2\/product_tag?post=6671"}],"curies":[{"name":"wp","href":"https:\/\/api.w.org\/{rel}","templated":true}]}}