{"id":6677,"date":"2021-04-05T19:09:41","date_gmt":"2021-04-05T19:09:41","guid":{"rendered":"http:\/\/tintosmart.it\/prodotto\/cepillo-pequeno-spalter-para-decorativos-80\/"},"modified":"2022-01-26T14:52:28","modified_gmt":"2022-01-26T13:52:28","slug":"cepillo-pequeno-spalter-para-decorativos-80","status":"publish","type":"product","link":"https:\/\/tintosmart.it\/es\/producto\/cepillo-pequeno-spalter-para-decorativos-80\/","title":{"rendered":"CEPILLO PEQUE\u00d1O SPALTER PARA DECORATIVOS 80"},"content":{"rendered":"<p>El cepillo spalter est\u00e1 equipado con un cuerpo de madera de haya, virola de acero inoxidable y cerdas de fibra de poli\u00e9ster. Dise\u00f1ado espec\u00edficamente para la creaci\u00f3n de efectos originales durante la aplicaci\u00f3n de productos decorativos, el cepillo spalter se puede utilizar con cualquier base al agua o solvente. Garantiza una resistencia prolongada en el tiempo. Dimensiones: 80&#215;9 mm<\/p>\n","protected":false},"excerpt":{"rendered":"<p>Cepillo spalter profesional PEQUE\u00d1O para productos decorativos<\/p>\n","protected":false},"featured_media":8289,"comment_status":"closed","ping_status":"closed","template":"","meta":{"_acf_changed":false},"product_brand":[],"product_cat":[218],"product_tag":[],"class_list":{"0":"post-6677","1":"product","2":"type-product","3":"status-publish","4":"has-post-thumbnail","6":"product_cat-accesorios-y-repuestos","8":"first","9":"instock","10":"taxable","11":"shipping-taxable","12":"purchasable","13":"product-type-simple"},"acf":[],"_links":{"self":[{"href":"https:\/\/tintosmart.it\/es\/wp-json\/wp\/v2\/product\/6677","targetHints":{"allow":["GET"]}}],"collection":[{"href":"https:\/\/tintosmart.it\/es\/wp-json\/wp\/v2\/product"}],"about":[{"href":"https:\/\/tintosmart.it\/es\/wp-json\/wp\/v2\/types\/product"}],"replies":[{"embeddable":true,"href":"https:\/\/tintosmart.it\/es\/wp-json\/wp\/v2\/comments?post=6677"}],"wp:featuredmedia":[{"embeddable":true,"href":"https:\/\/tintosmart.it\/es\/wp-json\/wp\/v2\/media\/8289"}],"wp:attachment":[{"href":"https:\/\/tintosmart.it\/es\/wp-json\/wp\/v2\/media?parent=6677"}],"wp:term":[{"taxonomy":"product_brand","embeddable":true,"href":"https:\/\/tintosmart.it\/es\/wp-json\/wp\/v2\/product_brand?post=6677"},{"taxonomy":"product_cat","embeddable":true,"href":"https:\/\/tintosmart.it\/es\/wp-json\/wp\/v2\/product_cat?post=6677"},{"taxonomy":"product_tag","embeddable":true,"href":"https:\/\/tintosmart.it\/es\/wp-json\/wp\/v2\/product_tag?post=6677"}],"curies":[{"name":"wp","href":"https:\/\/api.w.org\/{rel}","templated":true}]}}