{"id":6687,"date":"2021-04-05T16:25:01","date_gmt":"2021-04-05T16:25:01","guid":{"rendered":"http:\/\/tintosmart.it\/prodotto\/expositor-de-mesa-para-colorantes\/"},"modified":"2022-01-26T15:27:51","modified_gmt":"2022-01-26T14:27:51","slug":"expositor-de-mesa-para-colorantes","status":"publish","type":"product","link":"https:\/\/tintosmart.it\/es\/producto\/expositor-de-mesa-para-colorantes\/","title":{"rendered":"EXPOSITOR DE MESA PARA COLORANTES"},"content":{"rendered":"<p>Banco de exposici\u00f3n para la colocaci\u00f3n de 36 botellas de colorantes TintoSmart divididas por tipo de color. Hay 4 botellas para cada colorante: P1 Amarillo \u00d3xido, P2 Rojo \u00d3xido, P3 Negro \u00d3xido, P4 Marr\u00f3n, P5 Azul, P6 Verde, P7 Rojo Vivo, P8 Amarillo Claro, Blanco.<\/p>\n","protected":false},"excerpt":{"rendered":"<p>Expositor de mostrador para 36 botellas de colorante para reventa<\/p>\n","protected":false},"featured_media":7061,"comment_status":"closed","ping_status":"closed","template":"","meta":{"_acf_changed":false},"product_brand":[],"product_cat":[221],"product_tag":[],"class_list":{"0":"post-6687","1":"product","2":"type-product","3":"status-publish","4":"has-post-thumbnail","6":"product_cat-gadgets-y-merchandising","8":"first","9":"outofstock","10":"taxable","11":"shipping-taxable","12":"purchasable","13":"product-type-simple"},"acf":[],"_links":{"self":[{"href":"https:\/\/tintosmart.it\/es\/wp-json\/wp\/v2\/product\/6687","targetHints":{"allow":["GET"]}}],"collection":[{"href":"https:\/\/tintosmart.it\/es\/wp-json\/wp\/v2\/product"}],"about":[{"href":"https:\/\/tintosmart.it\/es\/wp-json\/wp\/v2\/types\/product"}],"replies":[{"embeddable":true,"href":"https:\/\/tintosmart.it\/es\/wp-json\/wp\/v2\/comments?post=6687"}],"wp:featuredmedia":[{"embeddable":true,"href":"https:\/\/tintosmart.it\/es\/wp-json\/wp\/v2\/media\/7061"}],"wp:attachment":[{"href":"https:\/\/tintosmart.it\/es\/wp-json\/wp\/v2\/media?parent=6687"}],"wp:term":[{"taxonomy":"product_brand","embeddable":true,"href":"https:\/\/tintosmart.it\/es\/wp-json\/wp\/v2\/product_brand?post=6687"},{"taxonomy":"product_cat","embeddable":true,"href":"https:\/\/tintosmart.it\/es\/wp-json\/wp\/v2\/product_cat?post=6687"},{"taxonomy":"product_tag","embeddable":true,"href":"https:\/\/tintosmart.it\/es\/wp-json\/wp\/v2\/product_tag?post=6687"}],"curies":[{"name":"wp","href":"https:\/\/api.w.org\/{rel}","templated":true}]}}