{"id":6689,"date":"2021-04-05T16:20:07","date_gmt":"2021-04-05T14:20:07","guid":{"rendered":"http:\/\/tintosmart.it\/prodotto\/expositor-totem-tintosmart\/"},"modified":"2022-01-26T14:56:51","modified_gmt":"2022-01-26T13:56:51","slug":"expositor-totem-tintosmart","status":"publish","type":"product","link":"https:\/\/tintosmart.it\/es\/producto\/expositor-totem-tintosmart\/","title":{"rendered":"EXPOSITOR TOTEM TintoSmart"},"content":{"rendered":"<p>T\u00f3tem para exhibir el Tint\u00f3metro Port\u00e1til TintoSmart en su tienda, con el fin de facilitar la compra y explicaci\u00f3n de las funciones de manera pr\u00e1ctica y concreta. Es posible utilizar la base central para mostrar a los clientes el uso efectivo del Tint\u00f3metro, abriendo las puertas a 120\u00b0 y colocando los envases de pintura al agua a te\u00f1ir.<\/p>\n","protected":false},"excerpt":{"rendered":"<p>T\u00f3tem de exhibici\u00f3n TintoSmart para reventa<\/p>\n","protected":false},"featured_media":7065,"comment_status":"closed","ping_status":"closed","template":"","meta":{"_acf_changed":false},"product_brand":[],"product_cat":[221],"product_tag":[],"class_list":{"0":"post-6689","1":"product","2":"type-product","3":"status-publish","4":"has-post-thumbnail","6":"product_cat-gadgets-y-merchandising","8":"first","9":"outofstock","10":"taxable","11":"shipping-taxable","12":"purchasable","13":"product-type-simple"},"acf":[],"_links":{"self":[{"href":"https:\/\/tintosmart.it\/es\/wp-json\/wp\/v2\/product\/6689","targetHints":{"allow":["GET"]}}],"collection":[{"href":"https:\/\/tintosmart.it\/es\/wp-json\/wp\/v2\/product"}],"about":[{"href":"https:\/\/tintosmart.it\/es\/wp-json\/wp\/v2\/types\/product"}],"replies":[{"embeddable":true,"href":"https:\/\/tintosmart.it\/es\/wp-json\/wp\/v2\/comments?post=6689"}],"wp:featuredmedia":[{"embeddable":true,"href":"https:\/\/tintosmart.it\/es\/wp-json\/wp\/v2\/media\/7065"}],"wp:attachment":[{"href":"https:\/\/tintosmart.it\/es\/wp-json\/wp\/v2\/media?parent=6689"}],"wp:term":[{"taxonomy":"product_brand","embeddable":true,"href":"https:\/\/tintosmart.it\/es\/wp-json\/wp\/v2\/product_brand?post=6689"},{"taxonomy":"product_cat","embeddable":true,"href":"https:\/\/tintosmart.it\/es\/wp-json\/wp\/v2\/product_cat?post=6689"},{"taxonomy":"product_tag","embeddable":true,"href":"https:\/\/tintosmart.it\/es\/wp-json\/wp\/v2\/product_tag?post=6689"}],"curies":[{"name":"wp","href":"https:\/\/api.w.org\/{rel}","templated":true}]}}