{"id":6692,"date":"2021-04-05T19:14:49","date_gmt":"2021-04-05T19:14:49","guid":{"rendered":"http:\/\/tintosmart.it\/prodotto\/rodillo-con-asa\/"},"modified":"2022-01-26T13:30:30","modified_gmt":"2022-01-26T12:30:30","slug":"rodillo-con-asa","status":"publish","type":"product","link":"https:\/\/tintosmart.it\/es\/producto\/rodillo-con-asa\/","title":{"rendered":"RODILLO CON ASA"},"content":{"rendered":"<p>El rodillo de pelo corto en microfibra es perfecto para la aplicaci\u00f3n profesional de pinturas al agua sobre sustratos lisos como placas de yeso o superficies ligeramente rugosas en general. Al ser antigoteo, es especialmente adecuado para superficies como techos. El mango con empu\u00f1adura de goma hace que sea f\u00e1cil de manejar y c\u00f3modo de usar, mientras que la estructura de hierro garantiza una resistencia prolongada en el tiempo Dimensiones: 200&#215;48 mm<\/p>\n","protected":false},"excerpt":{"rendered":"<p>Rodillo de pelo corto profesional para pinturas murales al agua<\/p>\n","protected":false},"featured_media":8286,"comment_status":"closed","ping_status":"closed","template":"","meta":{"_acf_changed":false},"product_brand":[],"product_cat":[218],"product_tag":[],"class_list":{"0":"post-6692","1":"product","2":"type-product","3":"status-publish","4":"has-post-thumbnail","6":"product_cat-accesorios-y-repuestos","8":"first","9":"instock","10":"taxable","11":"shipping-taxable","12":"purchasable","13":"product-type-simple"},"acf":[],"_links":{"self":[{"href":"https:\/\/tintosmart.it\/es\/wp-json\/wp\/v2\/product\/6692","targetHints":{"allow":["GET"]}}],"collection":[{"href":"https:\/\/tintosmart.it\/es\/wp-json\/wp\/v2\/product"}],"about":[{"href":"https:\/\/tintosmart.it\/es\/wp-json\/wp\/v2\/types\/product"}],"replies":[{"embeddable":true,"href":"https:\/\/tintosmart.it\/es\/wp-json\/wp\/v2\/comments?post=6692"}],"wp:featuredmedia":[{"embeddable":true,"href":"https:\/\/tintosmart.it\/es\/wp-json\/wp\/v2\/media\/8286"}],"wp:attachment":[{"href":"https:\/\/tintosmart.it\/es\/wp-json\/wp\/v2\/media?parent=6692"}],"wp:term":[{"taxonomy":"product_brand","embeddable":true,"href":"https:\/\/tintosmart.it\/es\/wp-json\/wp\/v2\/product_brand?post=6692"},{"taxonomy":"product_cat","embeddable":true,"href":"https:\/\/tintosmart.it\/es\/wp-json\/wp\/v2\/product_cat?post=6692"},{"taxonomy":"product_tag","embeddable":true,"href":"https:\/\/tintosmart.it\/es\/wp-json\/wp\/v2\/product_tag?post=6692"}],"curies":[{"name":"wp","href":"https:\/\/api.w.org\/{rel}","templated":true}]}}