{"id":6695,"date":"2021-04-05T19:05:26","date_gmt":"2021-04-05T19:05:26","guid":{"rendered":"http:\/\/tintosmart.it\/prodotto\/llana-de-plastico\/"},"modified":"2022-01-26T14:54:37","modified_gmt":"2022-01-26T13:54:37","slug":"llana-de-plastico","status":"publish","type":"product","link":"https:\/\/tintosmart.it\/es\/producto\/llana-de-plastico\/","title":{"rendered":"LLANA DE PL\u00c1STICO"},"content":{"rendered":"<p>La llana de pl\u00e1stico r\u00edgido es ligera y resistente, ideal para crear efectos especiales con productos decorativos. El mango anat\u00f3mico permite un agarre c\u00f3modo, incluso en el caso de un uso prolongado. Dimensiones: 240&#215;80 mm<\/p>\n","protected":false},"excerpt":{"rendered":"<p>Paleta de pl\u00e1stico cl\u00e1sica para decoraci\u00f3n<\/p>\n","protected":false},"featured_media":8283,"comment_status":"closed","ping_status":"closed","template":"","meta":{"_acf_changed":false},"product_brand":[],"product_cat":[218],"product_tag":[],"class_list":{"0":"post-6695","1":"product","2":"type-product","3":"status-publish","4":"has-post-thumbnail","6":"product_cat-accesorios-y-repuestos","8":"first","9":"instock","10":"taxable","11":"shipping-taxable","12":"purchasable","13":"product-type-simple"},"acf":[],"_links":{"self":[{"href":"https:\/\/tintosmart.it\/es\/wp-json\/wp\/v2\/product\/6695","targetHints":{"allow":["GET"]}}],"collection":[{"href":"https:\/\/tintosmart.it\/es\/wp-json\/wp\/v2\/product"}],"about":[{"href":"https:\/\/tintosmart.it\/es\/wp-json\/wp\/v2\/types\/product"}],"replies":[{"embeddable":true,"href":"https:\/\/tintosmart.it\/es\/wp-json\/wp\/v2\/comments?post=6695"}],"wp:featuredmedia":[{"embeddable":true,"href":"https:\/\/tintosmart.it\/es\/wp-json\/wp\/v2\/media\/8283"}],"wp:attachment":[{"href":"https:\/\/tintosmart.it\/es\/wp-json\/wp\/v2\/media?parent=6695"}],"wp:term":[{"taxonomy":"product_brand","embeddable":true,"href":"https:\/\/tintosmart.it\/es\/wp-json\/wp\/v2\/product_brand?post=6695"},{"taxonomy":"product_cat","embeddable":true,"href":"https:\/\/tintosmart.it\/es\/wp-json\/wp\/v2\/product_cat?post=6695"},{"taxonomy":"product_tag","embeddable":true,"href":"https:\/\/tintosmart.it\/es\/wp-json\/wp\/v2\/product_tag?post=6695"}],"curies":[{"name":"wp","href":"https:\/\/api.w.org\/{rel}","templated":true}]}}