{"id":6698,"date":"2021-03-28T15:03:34","date_gmt":"2021-03-28T13:03:34","guid":{"rendered":"http:\/\/tintosmart.it\/prodotto\/coleccion-colores-gemini\/"},"modified":"2022-01-26T15:03:10","modified_gmt":"2022-01-26T14:03:10","slug":"coleccion-colores-gemini","status":"publish","type":"product","link":"https:\/\/tintosmart.it\/es\/producto\/coleccion-colores-gemini\/","title":{"rendered":"COLECCI\u00d3N COLORES GEMINI"},"content":{"rendered":"<p>La colecci\u00f3n de colores de la carpeta Gemini ha sido dise\u00f1ada para ofrecer colores brillantes y alegres pero sinuosos y gr\u00e1ciles, capaces de estimular la creatividad e inculcar una sensaci\u00f3n de positividad, paz y tranquilidad. Los tonos est\u00e1n dise\u00f1ados para resaltar tanto los ambientes modernos como los cl\u00e1sicos, especialmente aquellos de valor como salas de estar, dormitorios y lofts abiertos. La diversidad de tonos tambi\u00e9n garantiza soluciones adecuadas para cada gusto y necesidad. Esta carta de colores se puede utilizar para todas las pinturas lavables al agua del mercado.<\/p>\n","protected":false},"excerpt":{"rendered":"<p>Carta de colores Gemini para pinturas al agua lavables<\/p>\n","protected":false},"featured_media":8394,"comment_status":"closed","ping_status":"closed","template":"","meta":{"_acf_changed":false},"product_brand":[],"product_cat":[215],"product_tag":[],"class_list":{"0":"post-6698","1":"product","2":"type-product","3":"status-publish","4":"has-post-thumbnail","6":"product_cat-cartas-de-colores-y-formularios","8":"first","9":"instock","10":"taxable","11":"shipping-taxable","12":"purchasable","13":"product-type-simple"},"acf":[],"_links":{"self":[{"href":"https:\/\/tintosmart.it\/es\/wp-json\/wp\/v2\/product\/6698","targetHints":{"allow":["GET"]}}],"collection":[{"href":"https:\/\/tintosmart.it\/es\/wp-json\/wp\/v2\/product"}],"about":[{"href":"https:\/\/tintosmart.it\/es\/wp-json\/wp\/v2\/types\/product"}],"replies":[{"embeddable":true,"href":"https:\/\/tintosmart.it\/es\/wp-json\/wp\/v2\/comments?post=6698"}],"wp:featuredmedia":[{"embeddable":true,"href":"https:\/\/tintosmart.it\/es\/wp-json\/wp\/v2\/media\/8394"}],"wp:attachment":[{"href":"https:\/\/tintosmart.it\/es\/wp-json\/wp\/v2\/media?parent=6698"}],"wp:term":[{"taxonomy":"product_brand","embeddable":true,"href":"https:\/\/tintosmart.it\/es\/wp-json\/wp\/v2\/product_brand?post=6698"},{"taxonomy":"product_cat","embeddable":true,"href":"https:\/\/tintosmart.it\/es\/wp-json\/wp\/v2\/product_cat?post=6698"},{"taxonomy":"product_tag","embeddable":true,"href":"https:\/\/tintosmart.it\/es\/wp-json\/wp\/v2\/product_tag?post=6698"}],"curies":[{"name":"wp","href":"https:\/\/api.w.org\/{rel}","templated":true}]}}