{"id":6701,"date":"2021-03-28T15:12:43","date_gmt":"2021-03-28T13:12:43","guid":{"rendered":"http:\/\/tintosmart.it\/prodotto\/coleccion-colores-kepler\/"},"modified":"2022-01-26T15:02:48","modified_gmt":"2022-01-26T14:02:48","slug":"coleccion-colores-kepler","status":"publish","type":"product","link":"https:\/\/tintosmart.it\/es\/producto\/coleccion-colores-kepler\/","title":{"rendered":"COLECCI\u00d3N COLORES KEPLER"},"content":{"rendered":"<p>La colecci\u00f3n de colores de la carpeta Kepler ha sido dise\u00f1ada para ofrecer colores atrevidos con un car\u00e1cter seguro pero al mismo tiempo ligero y suave. Las diferentes tonalidades se adaptan perfectamente a cualquier tipo de ambiente en la casa privada o en el lugar p\u00fablico, ofreciendo la posibilidad de crear combinaciones originales y creativas, a veces incluso en aparente contraste entre ellas, aprovechando &#8211; cuando es posible &#8211; los diferentes tipos de iluminantes. Esta carta de colores se puede utilizar para todos los esmaltes satinados para paredes del mercado.<\/p>\n","protected":false},"excerpt":{"rendered":"<p>Carta de colores Kepler para esmaltes satinados para paredes<\/p>\n","protected":false},"featured_media":8373,"comment_status":"closed","ping_status":"closed","template":"","meta":{"_acf_changed":false},"product_brand":[],"product_cat":[215],"product_tag":[],"class_list":{"0":"post-6701","1":"product","2":"type-product","3":"status-publish","4":"has-post-thumbnail","6":"product_cat-cartas-de-colores-y-formularios","8":"first","9":"instock","10":"taxable","11":"shipping-taxable","12":"purchasable","13":"product-type-simple"},"acf":[],"_links":{"self":[{"href":"https:\/\/tintosmart.it\/es\/wp-json\/wp\/v2\/product\/6701","targetHints":{"allow":["GET"]}}],"collection":[{"href":"https:\/\/tintosmart.it\/es\/wp-json\/wp\/v2\/product"}],"about":[{"href":"https:\/\/tintosmart.it\/es\/wp-json\/wp\/v2\/types\/product"}],"replies":[{"embeddable":true,"href":"https:\/\/tintosmart.it\/es\/wp-json\/wp\/v2\/comments?post=6701"}],"wp:featuredmedia":[{"embeddable":true,"href":"https:\/\/tintosmart.it\/es\/wp-json\/wp\/v2\/media\/8373"}],"wp:attachment":[{"href":"https:\/\/tintosmart.it\/es\/wp-json\/wp\/v2\/media?parent=6701"}],"wp:term":[{"taxonomy":"product_brand","embeddable":true,"href":"https:\/\/tintosmart.it\/es\/wp-json\/wp\/v2\/product_brand?post=6701"},{"taxonomy":"product_cat","embeddable":true,"href":"https:\/\/tintosmart.it\/es\/wp-json\/wp\/v2\/product_cat?post=6701"},{"taxonomy":"product_tag","embeddable":true,"href":"https:\/\/tintosmart.it\/es\/wp-json\/wp\/v2\/product_tag?post=6701"}],"curies":[{"name":"wp","href":"https:\/\/api.w.org\/{rel}","templated":true}]}}