{"id":6710,"date":"2021-04-05T19:07:13","date_gmt":"2021-04-05T17:07:13","guid":{"rendered":"http:\/\/tintosmart.it\/prodotto\/kit-de-reemplazo-de-espaciadores\/"},"modified":"2022-01-26T14:53:47","modified_gmt":"2022-01-26T13:53:47","slug":"kit-de-reemplazo-de-espaciadores","status":"publish","type":"product","link":"https:\/\/tintosmart.it\/es\/producto\/kit-de-reemplazo-de-espaciadores\/","title":{"rendered":"KIT DE REEMPLAZO DE ESPACIADORES"},"content":{"rendered":"<p>El kit consiste en 4 espaciadores de pl\u00e1stico especialmente dise\u00f1ados para permitir al usuario de dispensar cantidades m\u00ednimas de colorante. Tiene que ser aplicado en el caso de colores de 0,8 l, de muestras y de la reproducci\u00f3n de colores Ral.<\/p>\n","protected":false},"excerpt":{"rendered":"<p>Kit con sistemas de dosificaci\u00f3n para muestras y peque\u00f1os formatos<\/p>\n","protected":false},"featured_media":8211,"comment_status":"closed","ping_status":"closed","template":"","meta":{"_acf_changed":false},"product_brand":[],"product_cat":[218],"product_tag":[],"class_list":{"0":"post-6710","1":"product","2":"type-product","3":"status-publish","4":"has-post-thumbnail","6":"product_cat-accesorios-y-repuestos","8":"first","9":"instock","10":"taxable","11":"shipping-taxable","12":"purchasable","13":"product-type-simple"},"acf":[],"_links":{"self":[{"href":"https:\/\/tintosmart.it\/es\/wp-json\/wp\/v2\/product\/6710","targetHints":{"allow":["GET"]}}],"collection":[{"href":"https:\/\/tintosmart.it\/es\/wp-json\/wp\/v2\/product"}],"about":[{"href":"https:\/\/tintosmart.it\/es\/wp-json\/wp\/v2\/types\/product"}],"replies":[{"embeddable":true,"href":"https:\/\/tintosmart.it\/es\/wp-json\/wp\/v2\/comments?post=6710"}],"wp:featuredmedia":[{"embeddable":true,"href":"https:\/\/tintosmart.it\/es\/wp-json\/wp\/v2\/media\/8211"}],"wp:attachment":[{"href":"https:\/\/tintosmart.it\/es\/wp-json\/wp\/v2\/media?parent=6710"}],"wp:term":[{"taxonomy":"product_brand","embeddable":true,"href":"https:\/\/tintosmart.it\/es\/wp-json\/wp\/v2\/product_brand?post=6710"},{"taxonomy":"product_cat","embeddable":true,"href":"https:\/\/tintosmart.it\/es\/wp-json\/wp\/v2\/product_cat?post=6710"},{"taxonomy":"product_tag","embeddable":true,"href":"https:\/\/tintosmart.it\/es\/wp-json\/wp\/v2\/product_tag?post=6710"}],"curies":[{"name":"wp","href":"https:\/\/api.w.org\/{rel}","templated":true}]}}