{"id":6716,"date":"2021-04-08T00:15:34","date_gmt":"2021-04-07T22:15:34","guid":{"rendered":"http:\/\/tintosmart.it\/prodotto\/kit-ral-selection\/"},"modified":"2025-01-28T09:46:24","modified_gmt":"2025-01-28T08:46:24","slug":"kit-ral-selection","status":"publish","type":"product","link":"https:\/\/tintosmart.it\/es\/producto\/kit-ral-selection\/","title":{"rendered":"KIT RAL SELECTION"},"content":{"rendered":"<p>Kit de Selecci\u00f3n Ral para la reproducci\u00f3n de colores oscuros y fuertes con especial referencia a una selecci\u00f3n de Tintes Ral. El paquete ha sido estudiado para permitir al usuario pintar bases transparentes superlavables de 0,7 l y esmaltes de pared de 0,64 l.<\/p>\n","protected":false},"excerpt":{"rendered":"<p>Kit para te\u00f1ir bases transparentes con referencias Ral seleccionadas<\/p>\n","protected":false},"featured_media":7069,"comment_status":"closed","ping_status":"closed","template":"","meta":{"_acf_changed":false},"product_brand":[],"product_cat":[209],"product_tag":[],"class_list":{"0":"post-6716","1":"product","2":"type-product","3":"status-publish","4":"has-post-thumbnail","6":"product_cat-kit-tintosmart","8":"first","9":"instock","10":"taxable","11":"shipping-taxable","12":"purchasable","13":"product-type-simple"},"acf":[],"_links":{"self":[{"href":"https:\/\/tintosmart.it\/es\/wp-json\/wp\/v2\/product\/6716","targetHints":{"allow":["GET"]}}],"collection":[{"href":"https:\/\/tintosmart.it\/es\/wp-json\/wp\/v2\/product"}],"about":[{"href":"https:\/\/tintosmart.it\/es\/wp-json\/wp\/v2\/types\/product"}],"replies":[{"embeddable":true,"href":"https:\/\/tintosmart.it\/es\/wp-json\/wp\/v2\/comments?post=6716"}],"wp:featuredmedia":[{"embeddable":true,"href":"https:\/\/tintosmart.it\/es\/wp-json\/wp\/v2\/media\/7069"}],"wp:attachment":[{"href":"https:\/\/tintosmart.it\/es\/wp-json\/wp\/v2\/media?parent=6716"}],"wp:term":[{"taxonomy":"product_brand","embeddable":true,"href":"https:\/\/tintosmart.it\/es\/wp-json\/wp\/v2\/product_brand?post=6716"},{"taxonomy":"product_cat","embeddable":true,"href":"https:\/\/tintosmart.it\/es\/wp-json\/wp\/v2\/product_cat?post=6716"},{"taxonomy":"product_tag","embeddable":true,"href":"https:\/\/tintosmart.it\/es\/wp-json\/wp\/v2\/product_tag?post=6716"}],"curies":[{"name":"wp","href":"https:\/\/api.w.org\/{rel}","templated":true}]}}