{"id":6719,"date":"2021-04-05T19:08:42","date_gmt":"2021-04-05T19:08:42","guid":{"rendered":"http:\/\/tintosmart.it\/prodotto\/brocha\/"},"modified":"2022-01-26T14:52:51","modified_gmt":"2022-01-26T13:52:51","slug":"brocha","status":"publish","type":"product","link":"https:\/\/tintosmart.it\/es\/producto\/brocha\/","title":{"rendered":"BROCHA"},"content":{"rendered":"<p>La brocha est\u00e1 provista de un mango anat\u00f3mico de pl\u00e1stico y goma capaz de resistir perfectamente el contacto con disolventes, una virola de cobre y cerdas naturales mixtas con un alto grado de absorci\u00f3n. Estas garantizan una aplicaci\u00f3n uniforme del producto y una retenci\u00f3n del color un 40% m\u00e1s que una brocha de cerdas puras. Es principalmente adecuado para usar con pinturas acr\u00edlicas y sint\u00e9ticas y se limpia f\u00e1cilmente con solvente o agua. Dimensiones: 40&#215;15 mm<\/p>\n","protected":false},"excerpt":{"rendered":"<p>Brocha profesional para pinturas sint\u00e9ticas y acr\u00edlicas<\/p>\n","protected":false},"featured_media":8115,"comment_status":"closed","ping_status":"closed","template":"","meta":{"_acf_changed":false},"product_brand":[],"product_cat":[218],"product_tag":[],"class_list":{"0":"post-6719","1":"product","2":"type-product","3":"status-publish","4":"has-post-thumbnail","6":"product_cat-accesorios-y-repuestos","8":"first","9":"instock","10":"taxable","11":"shipping-taxable","12":"purchasable","13":"product-type-simple"},"acf":[],"_links":{"self":[{"href":"https:\/\/tintosmart.it\/es\/wp-json\/wp\/v2\/product\/6719","targetHints":{"allow":["GET"]}}],"collection":[{"href":"https:\/\/tintosmart.it\/es\/wp-json\/wp\/v2\/product"}],"about":[{"href":"https:\/\/tintosmart.it\/es\/wp-json\/wp\/v2\/types\/product"}],"replies":[{"embeddable":true,"href":"https:\/\/tintosmart.it\/es\/wp-json\/wp\/v2\/comments?post=6719"}],"wp:featuredmedia":[{"embeddable":true,"href":"https:\/\/tintosmart.it\/es\/wp-json\/wp\/v2\/media\/8115"}],"wp:attachment":[{"href":"https:\/\/tintosmart.it\/es\/wp-json\/wp\/v2\/media?parent=6719"}],"wp:term":[{"taxonomy":"product_brand","embeddable":true,"href":"https:\/\/tintosmart.it\/es\/wp-json\/wp\/v2\/product_brand?post=6719"},{"taxonomy":"product_cat","embeddable":true,"href":"https:\/\/tintosmart.it\/es\/wp-json\/wp\/v2\/product_cat?post=6719"},{"taxonomy":"product_tag","embeddable":true,"href":"https:\/\/tintosmart.it\/es\/wp-json\/wp\/v2\/product_tag?post=6719"}],"curies":[{"name":"wp","href":"https:\/\/api.w.org\/{rel}","templated":true}]}}