{"id":6722,"date":"2021-03-28T15:17:51","date_gmt":"2021-03-28T13:17:51","guid":{"rendered":"http:\/\/tintosmart.it\/prodotto\/coleccion-colores-mercury\/"},"modified":"2022-01-26T15:02:27","modified_gmt":"2022-01-26T14:02:27","slug":"coleccion-colores-mercury","status":"publish","type":"product","link":"https:\/\/tintosmart.it\/es\/producto\/coleccion-colores-mercury\/","title":{"rendered":"COLECCI\u00d3N COLORES MERCURY"},"content":{"rendered":"<p>La colecci\u00f3n de colores de la carpeta Mercury ha sido dise\u00f1ada para ofrecer colores fuertes pero delicados, capaces de transmitir alegr\u00eda, optimismo y vitalidad. Por lo tanto, son ideales para alegrar los ambientes m\u00e1s elegantes de las casas como salas de estar, salones y dormitorios, es decir, zonas c\u00f3modas y acogedoras que necesitan un toque de identidad y pasi\u00f3n. Esta carta de colores se puede utilizar para todas las pinturas super lavables al agua del mercado.<\/p>\n","protected":false},"excerpt":{"rendered":"<p>Carta de colores Mercury para pinturas al agua superlavables<\/p>\n","protected":false},"featured_media":8355,"comment_status":"closed","ping_status":"closed","template":"","meta":{"_acf_changed":false},"product_brand":[],"product_cat":[215],"product_tag":[],"class_list":{"0":"post-6722","1":"product","2":"type-product","3":"status-publish","4":"has-post-thumbnail","6":"product_cat-cartas-de-colores-y-formularios","8":"first","9":"instock","10":"taxable","11":"shipping-taxable","12":"purchasable","13":"product-type-simple"},"acf":[],"_links":{"self":[{"href":"https:\/\/tintosmart.it\/es\/wp-json\/wp\/v2\/product\/6722","targetHints":{"allow":["GET"]}}],"collection":[{"href":"https:\/\/tintosmart.it\/es\/wp-json\/wp\/v2\/product"}],"about":[{"href":"https:\/\/tintosmart.it\/es\/wp-json\/wp\/v2\/types\/product"}],"replies":[{"embeddable":true,"href":"https:\/\/tintosmart.it\/es\/wp-json\/wp\/v2\/comments?post=6722"}],"wp:featuredmedia":[{"embeddable":true,"href":"https:\/\/tintosmart.it\/es\/wp-json\/wp\/v2\/media\/8355"}],"wp:attachment":[{"href":"https:\/\/tintosmart.it\/es\/wp-json\/wp\/v2\/media?parent=6722"}],"wp:term":[{"taxonomy":"product_brand","embeddable":true,"href":"https:\/\/tintosmart.it\/es\/wp-json\/wp\/v2\/product_brand?post=6722"},{"taxonomy":"product_cat","embeddable":true,"href":"https:\/\/tintosmart.it\/es\/wp-json\/wp\/v2\/product_cat?post=6722"},{"taxonomy":"product_tag","embeddable":true,"href":"https:\/\/tintosmart.it\/es\/wp-json\/wp\/v2\/product_tag?post=6722"}],"curies":[{"name":"wp","href":"https:\/\/api.w.org\/{rel}","templated":true}]}}