{"id":6728,"date":"2021-04-05T19:12:18","date_gmt":"2021-04-05T19:12:18","guid":{"rendered":"http:\/\/tintosmart.it\/prodotto\/pertiga\/"},"modified":"2022-01-26T14:50:15","modified_gmt":"2022-01-26T13:50:15","slug":"pertiga","status":"publish","type":"product","link":"https:\/\/tintosmart.it\/es\/producto\/pertiga\/","title":{"rendered":"PERTIGA"},"content":{"rendered":"<p>La pertiga de aluminio es ligera pero a la vez resistente y extensible hasta 2 metros de longitud, lo que la hace perfecta para el pintado profesional de zonas de dif\u00edcil acceso por la altura. El di\u00e1metro de 18 mm es ideal para utilizar con los mangos de rodillos m\u00e1s usados \u200b\u200bdel mercado. Dimensiones: 110-200&#215;18 mm<\/p>\n","protected":false},"excerpt":{"rendered":"<p>Pertiga de aluminio telesc\u00f3pica ajustable<\/p>\n","protected":false},"featured_media":8109,"comment_status":"closed","ping_status":"closed","template":"","meta":{"_acf_changed":false},"product_brand":[],"product_cat":[218],"product_tag":[],"class_list":{"0":"post-6728","1":"product","2":"type-product","3":"status-publish","4":"has-post-thumbnail","6":"product_cat-accesorios-y-repuestos","8":"first","9":"instock","10":"taxable","11":"shipping-taxable","12":"purchasable","13":"product-type-simple"},"acf":[],"_links":{"self":[{"href":"https:\/\/tintosmart.it\/es\/wp-json\/wp\/v2\/product\/6728","targetHints":{"allow":["GET"]}}],"collection":[{"href":"https:\/\/tintosmart.it\/es\/wp-json\/wp\/v2\/product"}],"about":[{"href":"https:\/\/tintosmart.it\/es\/wp-json\/wp\/v2\/types\/product"}],"replies":[{"embeddable":true,"href":"https:\/\/tintosmart.it\/es\/wp-json\/wp\/v2\/comments?post=6728"}],"wp:featuredmedia":[{"embeddable":true,"href":"https:\/\/tintosmart.it\/es\/wp-json\/wp\/v2\/media\/8109"}],"wp:attachment":[{"href":"https:\/\/tintosmart.it\/es\/wp-json\/wp\/v2\/media?parent=6728"}],"wp:term":[{"taxonomy":"product_brand","embeddable":true,"href":"https:\/\/tintosmart.it\/es\/wp-json\/wp\/v2\/product_brand?post=6728"},{"taxonomy":"product_cat","embeddable":true,"href":"https:\/\/tintosmart.it\/es\/wp-json\/wp\/v2\/product_cat?post=6728"},{"taxonomy":"product_tag","embeddable":true,"href":"https:\/\/tintosmart.it\/es\/wp-json\/wp\/v2\/product_tag?post=6728"}],"curies":[{"name":"wp","href":"https:\/\/api.w.org\/{rel}","templated":true}]}}