{"id":6731,"date":"2021-04-05T19:08:04","date_gmt":"2021-04-05T19:08:04","guid":{"rendered":"http:\/\/tintosmart.it\/prodotto\/brocha-paletina-canaria\/"},"modified":"2022-01-26T14:53:24","modified_gmt":"2022-01-26T13:53:24","slug":"brocha-paletina-canaria","status":"publish","type":"product","link":"https:\/\/tintosmart.it\/es\/producto\/brocha-paletina-canaria\/","title":{"rendered":"BROCHA-PALETINA CANARIA"},"content":{"rendered":"<p>La brocha-paletina est\u00e1 equipado con un mango de pl\u00e1stico y goma capaz de resistir perfectamente el contacto con los disolventes. Su forma anat\u00f3mica lo hace adecuado para un uso prolongado durante el d\u00eda. La brocha es adecuada para aplicar pinturas murales al agua para interiores y exteriores. Adem\u00e1s, el gancho lateral es perfecto para colocar la brocha contra el borde de la lata sin ensuciar las superficies. Dimensiones: 150&#215;50 mm<\/p>\n","protected":false},"excerpt":{"rendered":"<p>Brocha-paletina profesional para pinturas murales al agua<\/p>\n","protected":false},"featured_media":8106,"comment_status":"closed","ping_status":"closed","template":"","meta":{"_acf_changed":false},"product_brand":[],"product_cat":[218],"product_tag":[],"class_list":{"0":"post-6731","1":"product","2":"type-product","3":"status-publish","4":"has-post-thumbnail","6":"product_cat-accesorios-y-repuestos","8":"first","9":"instock","10":"taxable","11":"shipping-taxable","12":"purchasable","13":"product-type-simple"},"acf":[],"_links":{"self":[{"href":"https:\/\/tintosmart.it\/es\/wp-json\/wp\/v2\/product\/6731","targetHints":{"allow":["GET"]}}],"collection":[{"href":"https:\/\/tintosmart.it\/es\/wp-json\/wp\/v2\/product"}],"about":[{"href":"https:\/\/tintosmart.it\/es\/wp-json\/wp\/v2\/types\/product"}],"replies":[{"embeddable":true,"href":"https:\/\/tintosmart.it\/es\/wp-json\/wp\/v2\/comments?post=6731"}],"wp:featuredmedia":[{"embeddable":true,"href":"https:\/\/tintosmart.it\/es\/wp-json\/wp\/v2\/media\/8106"}],"wp:attachment":[{"href":"https:\/\/tintosmart.it\/es\/wp-json\/wp\/v2\/media?parent=6731"}],"wp:term":[{"taxonomy":"product_brand","embeddable":true,"href":"https:\/\/tintosmart.it\/es\/wp-json\/wp\/v2\/product_brand?post=6731"},{"taxonomy":"product_cat","embeddable":true,"href":"https:\/\/tintosmart.it\/es\/wp-json\/wp\/v2\/product_cat?post=6731"},{"taxonomy":"product_tag","embeddable":true,"href":"https:\/\/tintosmart.it\/es\/wp-json\/wp\/v2\/product_tag?post=6731"}],"curies":[{"name":"wp","href":"https:\/\/api.w.org\/{rel}","templated":true}]}}