{"id":6737,"date":"2021-03-28T15:30:07","date_gmt":"2021-03-28T13:30:07","guid":{"rendered":"http:\/\/tintosmart.it\/prodotto\/carta-de-colores-ral-selection\/"},"modified":"2022-01-26T15:02:03","modified_gmt":"2022-01-26T14:02:03","slug":"carta-de-colores-ral-selection","status":"publish","type":"product","link":"https:\/\/tintosmart.it\/es\/producto\/carta-de-colores-ral-selection\/","title":{"rendered":"CARTA DE COLORES RAL SELECTION"},"content":{"rendered":"<p>La colecci\u00f3n de colores de la carpeta selecci\u00f3n RAL contiene colores formulados para resaltar ambientes dom\u00e9sticos prestigiosos con identidad propia y para transmitir al ojo humano sensaciones y emociones positivas como la energ\u00eda, el entusiasmo, la alegr\u00eda y el optimismo. Los colores de la carpeta de selecci\u00f3n RAL son ideales para retocar o pintar z\u00f3calos, bordes o marcos en entornos prestigiosos como salas de estar, dormitorios o paredes de lugares p\u00fablicos.<\/p>\n","protected":false},"excerpt":{"rendered":"<p>Carta de colores Tintas Ral seleccionadas<\/p>\n","protected":false},"featured_media":8337,"comment_status":"closed","ping_status":"closed","template":"","meta":{"_acf_changed":false},"product_brand":[],"product_cat":[215],"product_tag":[],"class_list":{"0":"post-6737","1":"product","2":"type-product","3":"status-publish","4":"has-post-thumbnail","6":"product_cat-cartas-de-colores-y-formularios","8":"first","9":"instock","10":"taxable","11":"shipping-taxable","12":"purchasable","13":"product-type-simple"},"acf":[],"_links":{"self":[{"href":"https:\/\/tintosmart.it\/es\/wp-json\/wp\/v2\/product\/6737","targetHints":{"allow":["GET"]}}],"collection":[{"href":"https:\/\/tintosmart.it\/es\/wp-json\/wp\/v2\/product"}],"about":[{"href":"https:\/\/tintosmart.it\/es\/wp-json\/wp\/v2\/types\/product"}],"replies":[{"embeddable":true,"href":"https:\/\/tintosmart.it\/es\/wp-json\/wp\/v2\/comments?post=6737"}],"wp:featuredmedia":[{"embeddable":true,"href":"https:\/\/tintosmart.it\/es\/wp-json\/wp\/v2\/media\/8337"}],"wp:attachment":[{"href":"https:\/\/tintosmart.it\/es\/wp-json\/wp\/v2\/media?parent=6737"}],"wp:term":[{"taxonomy":"product_brand","embeddable":true,"href":"https:\/\/tintosmart.it\/es\/wp-json\/wp\/v2\/product_brand?post=6737"},{"taxonomy":"product_cat","embeddable":true,"href":"https:\/\/tintosmart.it\/es\/wp-json\/wp\/v2\/product_cat?post=6737"},{"taxonomy":"product_tag","embeddable":true,"href":"https:\/\/tintosmart.it\/es\/wp-json\/wp\/v2\/product_tag?post=6737"}],"curies":[{"name":"wp","href":"https:\/\/api.w.org\/{rel}","templated":true}]}}