{"id":6740,"date":"2021-04-05T19:12:42","date_gmt":"2021-04-05T19:12:42","guid":{"rendered":"http:\/\/tintosmart.it\/prodotto\/brocha-plafon\/"},"modified":"2022-01-26T13:32:32","modified_gmt":"2022-01-26T12:32:32","slug":"brocha-plafon","status":"publish","type":"product","link":"https:\/\/tintosmart.it\/es\/producto\/brocha-plafon\/","title":{"rendered":"BROCHA PLAFON"},"content":{"rendered":"<p>La brocha plaf\u00f3n est\u00e1 equipado con un mango de madera, una virola de pl\u00e1stico que no gotea y cerdas blancas tipo pluma. Es adecuado para aplicar pinturas murales al agua para interiores y exteriores. Adem\u00e1s, el gancho lateral es perfecto para colocar la brocha contra el borde de la lata sin ensuciar las superficies. Dimensiones: 70&#215;30 mm<\/p>\n","protected":false},"excerpt":{"rendered":"<p>Brocha plafon profesional para pinturas murales al agua<\/p>\n","protected":false},"featured_media":8100,"comment_status":"closed","ping_status":"closed","template":"","meta":{"_acf_changed":false},"product_brand":[],"product_cat":[218],"product_tag":[],"class_list":{"0":"post-6740","1":"product","2":"type-product","3":"status-publish","4":"has-post-thumbnail","6":"product_cat-accesorios-y-repuestos","8":"first","9":"instock","10":"taxable","11":"shipping-taxable","12":"purchasable","13":"product-type-simple"},"acf":[],"_links":{"self":[{"href":"https:\/\/tintosmart.it\/es\/wp-json\/wp\/v2\/product\/6740","targetHints":{"allow":["GET"]}}],"collection":[{"href":"https:\/\/tintosmart.it\/es\/wp-json\/wp\/v2\/product"}],"about":[{"href":"https:\/\/tintosmart.it\/es\/wp-json\/wp\/v2\/types\/product"}],"replies":[{"embeddable":true,"href":"https:\/\/tintosmart.it\/es\/wp-json\/wp\/v2\/comments?post=6740"}],"wp:featuredmedia":[{"embeddable":true,"href":"https:\/\/tintosmart.it\/es\/wp-json\/wp\/v2\/media\/8100"}],"wp:attachment":[{"href":"https:\/\/tintosmart.it\/es\/wp-json\/wp\/v2\/media?parent=6740"}],"wp:term":[{"taxonomy":"product_brand","embeddable":true,"href":"https:\/\/tintosmart.it\/es\/wp-json\/wp\/v2\/product_brand?post=6740"},{"taxonomy":"product_cat","embeddable":true,"href":"https:\/\/tintosmart.it\/es\/wp-json\/wp\/v2\/product_cat?post=6740"},{"taxonomy":"product_tag","embeddable":true,"href":"https:\/\/tintosmart.it\/es\/wp-json\/wp\/v2\/product_tag?post=6740"}],"curies":[{"name":"wp","href":"https:\/\/api.w.org\/{rel}","templated":true}]}}