{"id":6746,"date":"2021-04-05T19:14:22","date_gmt":"2021-04-05T19:14:22","guid":{"rendered":"http:\/\/tintosmart.it\/prodotto\/pequeno-rodillo\/"},"modified":"2022-01-26T15:26:44","modified_gmt":"2022-01-26T14:26:44","slug":"pequeno-rodillo","status":"publish","type":"product","link":"https:\/\/tintosmart.it\/es\/producto\/pequeno-rodillo\/","title":{"rendered":"PEQUE\u00d1O RODILLO"},"content":{"rendered":"<p>El rodillo en 100% nailon es ideal para la aplicaci\u00f3n profesional de pinturas al agua y esmaltes de paredes para interiores y exteriores. Su peque\u00f1o tama\u00f1o lo hace perfecto para operaciones de acabado o donde la superficie a pintar sea peque\u00f1a. El mango con agarre en goma hace que sea f\u00e1cil de manejar y c\u00f3modo de usar, mientras que la estructura de hierro garantiza una resistencia prolongada en el tiempo. Dimensiones: 100&#215;15 mm<\/p>\n","protected":false},"excerpt":{"rendered":"<p>Rodillo de pelo largo profesional para pinturas murales al agua<\/p>\n","protected":false},"featured_media":8097,"comment_status":"closed","ping_status":"closed","template":"","meta":{"_acf_changed":false},"product_brand":[],"product_cat":[218],"product_tag":[],"class_list":{"0":"post-6746","1":"product","2":"type-product","3":"status-publish","4":"has-post-thumbnail","6":"product_cat-accesorios-y-repuestos","8":"first","9":"instock","10":"taxable","11":"shipping-taxable","12":"purchasable","13":"product-type-simple"},"acf":[],"_links":{"self":[{"href":"https:\/\/tintosmart.it\/es\/wp-json\/wp\/v2\/product\/6746","targetHints":{"allow":["GET"]}}],"collection":[{"href":"https:\/\/tintosmart.it\/es\/wp-json\/wp\/v2\/product"}],"about":[{"href":"https:\/\/tintosmart.it\/es\/wp-json\/wp\/v2\/types\/product"}],"replies":[{"embeddable":true,"href":"https:\/\/tintosmart.it\/es\/wp-json\/wp\/v2\/comments?post=6746"}],"wp:featuredmedia":[{"embeddable":true,"href":"https:\/\/tintosmart.it\/es\/wp-json\/wp\/v2\/media\/8097"}],"wp:attachment":[{"href":"https:\/\/tintosmart.it\/es\/wp-json\/wp\/v2\/media?parent=6746"}],"wp:term":[{"taxonomy":"product_brand","embeddable":true,"href":"https:\/\/tintosmart.it\/es\/wp-json\/wp\/v2\/product_brand?post=6746"},{"taxonomy":"product_cat","embeddable":true,"href":"https:\/\/tintosmart.it\/es\/wp-json\/wp\/v2\/product_cat?post=6746"},{"taxonomy":"product_tag","embeddable":true,"href":"https:\/\/tintosmart.it\/es\/wp-json\/wp\/v2\/product_tag?post=6746"}],"curies":[{"name":"wp","href":"https:\/\/api.w.org\/{rel}","templated":true}]}}