{"id":6749,"date":"2021-04-08T00:05:04","date_gmt":"2021-04-07T22:05:04","guid":{"rendered":"http:\/\/tintosmart.it\/prodotto\/starter-kit-tintosmart\/"},"modified":"2022-01-26T15:21:10","modified_gmt":"2022-01-26T14:21:10","slug":"starter-kit-tintosmart","status":"publish","type":"product","link":"https:\/\/tintosmart.it\/es\/producto\/starter-kit-tintosmart\/","title":{"rendered":"STARTER KIT TintoSmart"},"content":{"rendered":"<p class=\"p1\" style=\"text-align: center\">TintoSmart es un Tint\u00f3metro Port\u00e1til que permite te\u00f1ir, de forma pr\u00e1ctica y precisa, pinturas al agua, esmaltes murales, esmaltes acr\u00edlicos al agua para hierro y madera y acabados decorativos, gracias al uso de 8 colorantes Voc Free al agua que pueden ser dosificadas en unos segundos. Los colorantes deben dosificarse seg\u00fan dispensaci\u00f3n estandarizada y sin la ayuda de la balanza. Es posible reproducir tanto los m\u00e1s de 500 colores contenidos en las cartas de colores incluidas en el kit, como los colores deseados y personalizados, dando rienda suelta a su creatividad. Para la correcta reproducci\u00f3n del color seleccionado en la carta de colores, es necesario utilizar un formulario tintom\u00e9trico, ya sea en papel o digital, que indique el n\u00famero correcto de dosificaciones por cada colorante del tint\u00f3metro. El Starter Kit TintoSmart es un verdadero set completo equipado con todas las herramientas necesarias para llevar a cabo los procesos de coloraci\u00f3n y mezcla de una manera sumamente sencilla y eficaz. Adem\u00e1s del Tint\u00f3metro Port\u00e1til y de los 8 colorantes, el kit incluye: cartas de colores, formularios y accesorios necesarios para mezclar y personalizar los distintos colores.<\/p>\n","protected":false},"excerpt":{"rendered":"<p>Kit de inicio completo para usar el tintometro portatil TintoSmart<\/p>\n","protected":false},"featured_media":10524,"comment_status":"closed","ping_status":"closed","template":"","meta":{"_acf_changed":false},"product_brand":[],"product_cat":[209],"product_tag":[],"class_list":{"0":"post-6749","1":"product","2":"type-product","3":"status-publish","4":"has-post-thumbnail","6":"product_cat-kit-tintosmart","8":"first","9":"instock","10":"taxable","11":"shipping-taxable","12":"purchasable","13":"product-type-simple"},"acf":[],"_links":{"self":[{"href":"https:\/\/tintosmart.it\/es\/wp-json\/wp\/v2\/product\/6749","targetHints":{"allow":["GET"]}}],"collection":[{"href":"https:\/\/tintosmart.it\/es\/wp-json\/wp\/v2\/product"}],"about":[{"href":"https:\/\/tintosmart.it\/es\/wp-json\/wp\/v2\/types\/product"}],"replies":[{"embeddable":true,"href":"https:\/\/tintosmart.it\/es\/wp-json\/wp\/v2\/comments?post=6749"}],"wp:featuredmedia":[{"embeddable":true,"href":"https:\/\/tintosmart.it\/es\/wp-json\/wp\/v2\/media\/10524"}],"wp:attachment":[{"href":"https:\/\/tintosmart.it\/es\/wp-json\/wp\/v2\/media?parent=6749"}],"wp:term":[{"taxonomy":"product_brand","embeddable":true,"href":"https:\/\/tintosmart.it\/es\/wp-json\/wp\/v2\/product_brand?post=6749"},{"taxonomy":"product_cat","embeddable":true,"href":"https:\/\/tintosmart.it\/es\/wp-json\/wp\/v2\/product_cat?post=6749"},{"taxonomy":"product_tag","embeddable":true,"href":"https:\/\/tintosmart.it\/es\/wp-json\/wp\/v2\/product_tag?post=6749"}],"curies":[{"name":"wp","href":"https:\/\/api.w.org\/{rel}","templated":true}]}}