{"id":6752,"date":"2021-03-28T15:35:00","date_gmt":"2021-03-28T13:35:00","guid":{"rendered":"http:\/\/tintosmart.it\/prodotto\/coleccion-colores-venera\/"},"modified":"2022-01-26T15:28:20","modified_gmt":"2022-01-26T14:28:20","slug":"coleccion-colores-venera","status":"publish","type":"product","link":"https:\/\/tintosmart.it\/es\/producto\/coleccion-colores-venera\/","title":{"rendered":"COLECCI\u00d3N COLORES VENERA"},"content":{"rendered":"<p>La colecci\u00f3n de colores de la carpeta Venera ha sido dise\u00f1ada para ofrecer colores delicados y elegantes, con poder calmante y relajante y capaz de expresar positividad y serenidad. La selecci\u00f3n es ideal para la decoraci\u00f3n de ambientes caracterizados por el paso frecuente, donde es esencial descansar la vista, especialmente durante las horas nocturnas despu\u00e9s del trabajo y vivir el espacio como un momento de reflexi\u00f3n. Esta carta de colores se puede utilizar para todas las pinturas transpirables al agua del mercado.<\/p>\n","protected":false},"excerpt":{"rendered":"<p>Carta de colores Venera para pinturas al agua transpirables<\/p>\n","protected":false},"featured_media":8319,"comment_status":"closed","ping_status":"closed","template":"","meta":{"_acf_changed":false},"product_brand":[],"product_cat":[215],"product_tag":[],"class_list":{"0":"post-6752","1":"product","2":"type-product","3":"status-publish","4":"has-post-thumbnail","6":"product_cat-cartas-de-colores-y-formularios","8":"first","9":"instock","10":"taxable","11":"shipping-taxable","12":"purchasable","13":"product-type-simple"},"acf":[],"_links":{"self":[{"href":"https:\/\/tintosmart.it\/es\/wp-json\/wp\/v2\/product\/6752","targetHints":{"allow":["GET"]}}],"collection":[{"href":"https:\/\/tintosmart.it\/es\/wp-json\/wp\/v2\/product"}],"about":[{"href":"https:\/\/tintosmart.it\/es\/wp-json\/wp\/v2\/types\/product"}],"replies":[{"embeddable":true,"href":"https:\/\/tintosmart.it\/es\/wp-json\/wp\/v2\/comments?post=6752"}],"wp:featuredmedia":[{"embeddable":true,"href":"https:\/\/tintosmart.it\/es\/wp-json\/wp\/v2\/media\/8319"}],"wp:attachment":[{"href":"https:\/\/tintosmart.it\/es\/wp-json\/wp\/v2\/media?parent=6752"}],"wp:term":[{"taxonomy":"product_brand","embeddable":true,"href":"https:\/\/tintosmart.it\/es\/wp-json\/wp\/v2\/product_brand?post=6752"},{"taxonomy":"product_cat","embeddable":true,"href":"https:\/\/tintosmart.it\/es\/wp-json\/wp\/v2\/product_cat?post=6752"},{"taxonomy":"product_tag","embeddable":true,"href":"https:\/\/tintosmart.it\/es\/wp-json\/wp\/v2\/product_tag?post=6752"}],"curies":[{"name":"wp","href":"https:\/\/api.w.org\/{rel}","templated":true}]}}