{"id":6755,"date":"2021-03-28T15:39:12","date_gmt":"2021-03-28T13:39:12","guid":{"rendered":"http:\/\/tintosmart.it\/prodotto\/formulario-tintometrico-ral-selection\/"},"modified":"2022-01-26T15:01:30","modified_gmt":"2022-01-26T14:01:30","slug":"formulario-tintometrico-ral-selection","status":"publish","type":"product","link":"https:\/\/tintosmart.it\/es\/producto\/formulario-tintometrico-ral-selection\/","title":{"rendered":"FORMULARIO TINTOM\u00c9TRICO &#8211; RAL SELECTION"},"content":{"rendered":"<p>El formulario Tintometrico de selecci\u00f3n RAL ha sido especialmente dise\u00f1ado para permitir al usuario de consultar de forma clara, f\u00e1cil y r\u00e1pida las diferentes combinaciones de colorantes necesarias para crear los colores seleccionados por las referencias RAL. Mediante el uso de este m\u00e9todo anal\u00edtico, el margen de error basado en la dispensaci\u00f3n extempor\u00e1nea e inconstante se reduce significativamente. Respetando las indicaciones presentes en los distintos cuadros en relaci\u00f3n con el n\u00famero de dosis de cada una de las pastas colorantes, es posible obtener colores siempre precisos y repetibles en el tiempo. El formulario Ral indica en formato tabular el c\u00f3digo de color Ral de la carta de colores y, sobre todo, el n\u00famero de dosis de cada pasta colorante, explicando claramente la dispensaci\u00f3n del colorante blanco sin espaciador y la dispensaci\u00f3n de los dem\u00e1s colorantes aplicando alternativamente el espaciador donde se indique.<\/p>\n","protected":false},"excerpt":{"rendered":"<p>Listado de las formulaciones de colores de las tintas Ral seleccionadas<\/p>\n","protected":false},"featured_media":8316,"comment_status":"closed","ping_status":"closed","template":"","meta":{"_acf_changed":false},"product_brand":[],"product_cat":[215],"product_tag":[],"class_list":{"0":"post-6755","1":"product","2":"type-product","3":"status-publish","4":"has-post-thumbnail","6":"product_cat-cartas-de-colores-y-formularios","8":"first","9":"instock","10":"taxable","11":"shipping-taxable","12":"purchasable","13":"product-type-simple"},"acf":[],"_links":{"self":[{"href":"https:\/\/tintosmart.it\/es\/wp-json\/wp\/v2\/product\/6755","targetHints":{"allow":["GET"]}}],"collection":[{"href":"https:\/\/tintosmart.it\/es\/wp-json\/wp\/v2\/product"}],"about":[{"href":"https:\/\/tintosmart.it\/es\/wp-json\/wp\/v2\/types\/product"}],"replies":[{"embeddable":true,"href":"https:\/\/tintosmart.it\/es\/wp-json\/wp\/v2\/comments?post=6755"}],"wp:featuredmedia":[{"embeddable":true,"href":"https:\/\/tintosmart.it\/es\/wp-json\/wp\/v2\/media\/8316"}],"wp:attachment":[{"href":"https:\/\/tintosmart.it\/es\/wp-json\/wp\/v2\/media?parent=6755"}],"wp:term":[{"taxonomy":"product_brand","embeddable":true,"href":"https:\/\/tintosmart.it\/es\/wp-json\/wp\/v2\/product_brand?post=6755"},{"taxonomy":"product_cat","embeddable":true,"href":"https:\/\/tintosmart.it\/es\/wp-json\/wp\/v2\/product_cat?post=6755"},{"taxonomy":"product_tag","embeddable":true,"href":"https:\/\/tintosmart.it\/es\/wp-json\/wp\/v2\/product_tag?post=6755"}],"curies":[{"name":"wp","href":"https:\/\/api.w.org\/{rel}","templated":true}]}}