{"id":9746,"date":"2021-09-29T16:01:35","date_gmt":"2021-09-29T14:01:35","guid":{"rendered":"http:\/\/tintosmart.it\/?post_type=product&#038;p=9746"},"modified":"2021-09-30T17:44:01","modified_gmt":"2021-09-30T15:44:01","slug":"varilla-de-mezcla-de-silicona","status":"publish","type":"product","link":"https:\/\/tintosmart.it\/es\/producto\/varilla-de-mezcla-de-silicona\/","title":{"rendered":"VARILLA DE MEZCLA DE SILICONA"},"content":{"rendered":"<p class=\"p1\">Batidor mezclador ideal para mezclar pinturas al agua y colorantes. Gracias a su composici\u00f3n de silicona se garantiza una mezcla eficiente de pintura blanca o te\u00f1ida y sobre todo, gracias a la flexibilidad de las membranas, la limpieza de las paredes del embalaje es m\u00e1s eficiente, evitando as\u00ed grandes desperdicios de pintura.<\/p>\n","protected":false},"excerpt":{"rendered":"<p class=\"p1\">Varilla de mezcla de silicona para taladro destornillador<\/p>\n","protected":false},"featured_media":9751,"comment_status":"closed","ping_status":"closed","template":"","meta":{"_acf_changed":false},"product_brand":[],"product_cat":[218],"product_tag":[],"class_list":{"0":"post-9746","1":"product","2":"type-product","3":"status-publish","4":"has-post-thumbnail","6":"product_cat-accesorios-y-repuestos","8":"first","9":"instock","10":"taxable","11":"shipping-taxable","12":"purchasable","13":"product-type-simple"},"acf":[],"_links":{"self":[{"href":"https:\/\/tintosmart.it\/es\/wp-json\/wp\/v2\/product\/9746","targetHints":{"allow":["GET"]}}],"collection":[{"href":"https:\/\/tintosmart.it\/es\/wp-json\/wp\/v2\/product"}],"about":[{"href":"https:\/\/tintosmart.it\/es\/wp-json\/wp\/v2\/types\/product"}],"replies":[{"embeddable":true,"href":"https:\/\/tintosmart.it\/es\/wp-json\/wp\/v2\/comments?post=9746"}],"wp:featuredmedia":[{"embeddable":true,"href":"https:\/\/tintosmart.it\/es\/wp-json\/wp\/v2\/media\/9751"}],"wp:attachment":[{"href":"https:\/\/tintosmart.it\/es\/wp-json\/wp\/v2\/media?parent=9746"}],"wp:term":[{"taxonomy":"product_brand","embeddable":true,"href":"https:\/\/tintosmart.it\/es\/wp-json\/wp\/v2\/product_brand?post=9746"},{"taxonomy":"product_cat","embeddable":true,"href":"https:\/\/tintosmart.it\/es\/wp-json\/wp\/v2\/product_cat?post=9746"},{"taxonomy":"product_tag","embeddable":true,"href":"https:\/\/tintosmart.it\/es\/wp-json\/wp\/v2\/product_tag?post=9746"}],"curies":[{"name":"wp","href":"https:\/\/api.w.org\/{rel}","templated":true}]}}