{"id":10768,"date":"2022-02-03T11:55:25","date_gmt":"2022-02-03T10:55:25","guid":{"rendered":"https:\/\/tintosmart.it\/plan-du-site\/"},"modified":"2022-02-03T12:23:43","modified_gmt":"2022-02-03T11:23:43","slug":"plan-du-site","status":"publish","type":"page","link":"https:\/\/tintosmart.it\/fr\/plan-du-site\/","title":{"rendered":"Plan du site"},"content":{"rendered":"\n<div class=\"wp-block-columns is-layout-flex wp-container-core-columns-is-layout-9d6595d7 wp-block-columns-is-layout-flex\">\n<div class=\"wp-block-column is-layout-flow wp-block-column-is-layout-flow\">\n<p><strong><a>TINTOM\u00c8TRE&#13;\n<\/a><\/strong><em><a class=\"pure-menu-link\" href=\"https:\/\/tintosmart.it\/fr\/tintometre-portable\/\">Systeme de couleur portable<\/a><\/em>&#13;\n<em><a class=\"pure-menu-link\" href=\"https:\/\/tintosmart.it\/fr\/les-colorantes\/\">Les colorantes<\/a><\/em>&#13;\n<em><a class=\"pure-menu-link\" href=\"https:\/\/tintosmart.it\/fr\/starter-kit\/\">Starter Kit<\/a><\/em>&#13;\n<em><a class=\"pure-menu-link\" href=\"https:\/\/tintosmart.it\/fr\/basic-kit\/\">Basic Kit<\/a><\/em><\/p>\n<\/div>\n\n\n\n<div class=\"wp-block-column is-layout-flow wp-block-column-is-layout-flow\">\n<p><strong><a>COMMENT \u00c7A MARCHE&#13;\n<\/a><\/strong><em><a class=\"pure-menu-link\" href=\"https:\/\/tintosmart.it\/fr\/les-etapes\/\">Les \u00e9tapes<\/a><\/em>&#13;\n<em><a class=\"pure-menu-link\" href=\"https:\/\/tintosmart.it\/fr\/les-produits\/\">Les produits<\/a><\/em>&#13;\n<em><a class=\"pure-menu-link\" href=\"https:\/\/tintosmart.it\/fr\/les-couleurs\/\">Les couleurs<\/a><\/em>&#13;\n<em><a class=\"pure-menu-link\" href=\"https:\/\/tintosmart.it\/fr\/les-formules\/\">Les formules<\/a><\/em>&#13;\n<em><a class=\"pure-menu-link\" href=\"https:\/\/tintosmart.it\/fr\/echantillons\/\">\u00c9chantillons<\/a><\/em>&#13;\n<em><a class=\"pure-menu-link\" href=\"https:\/\/tintosmart.it\/fr\/formules-personnelles\/\">Formules personnelles<\/a><\/em><\/p>\n<\/div>\n\n\n\n<div class=\"wp-block-column is-layout-flow wp-block-column-is-layout-flow\">\n<p><strong>SHOP&#13;\n<\/strong><em><a class=\"pure-menu-link\" href=\"https:\/\/tintosmart.it\/fr\/categorie-produit\/kit-tintosmart\/\">Kit TintoSmart<\/a><\/em>&#13;\n<em><a class=\"pure-menu-link\" href=\"https:\/\/tintosmart.it\/fr\/categorie-produit\/colorants\/\">Colorants<\/a><\/em>&#13;\n<em><a class=\"pure-menu-link\" href=\"https:\/\/tintosmart.it\/fr\/categorie-produit\/peintures-a-leau-et-emaux\/\">Peintures et \u00e9maux<\/a><\/em>&#13;\n<em><a class=\"pure-menu-link\" href=\"https:\/\/tintosmart.it\/fr\/categorie-produit\/decoratives\/\">D\u00e9coratives<\/a><\/em>&#13;\n<em><a class=\"pure-menu-link\" href=\"https:\/\/tintosmart.it\/fr\/categorie-produit\/nuanciers-et-formulaires\/\">Nuanciers et formulaires<\/a><\/em>&#13;\n<em><a class=\"pure-menu-link\" href=\"https:\/\/tintosmart.it\/fr\/categorie-produit\/accessoires-et-pieces-detachees\/\">Accessoires<\/a><\/em>&#13;\n<em><a class=\"pure-menu-link\" href=\"https:\/\/tintosmart.it\/fr\/categorie-produit\/gadgets-et-merchandising\/\">Merchandising<\/a><\/em><\/p>\n<\/div>\n<\/div>\n\n<div class=\"wp-block-columns is-layout-flex wp-container-core-columns-is-layout-9d6595d7 wp-block-columns-is-layout-flex\">\n<div class=\"wp-block-column is-layout-flow wp-block-column-is-layout-flow\">\n<p><strong><a>NUANCIERS&#13;\n<\/a><\/strong><em><a class=\"pure-menu-link\" href=\"https:\/\/tintosmart.it\/fr\/les-nuanciers\/\">Les nuanciers<\/a><\/em>&#13;\n<em><a class=\"pure-menu-link\" href=\"https:\/\/tintosmart.it\/fr\/coleurs-spatiales\/\">Coleurs spatiales<\/a><\/em><\/p>\n<\/div>\n\n\n\n<div class=\"wp-block-column is-layout-flow wp-block-column-is-layout-flow\">\n<p><strong><a href=\"https:\/\/tintosmart.it\/fr\/formulario\/\">FORMULAIRE<\/a><\/strong><\/p>\n<\/div>\n\n\n\n<div class=\"wp-block-column is-layout-flow wp-block-column-is-layout-flow\">\n<p><strong><a href=\"https:\/\/tintosmart.it\/fr\/media\/\">MEDIA<\/a><\/strong><\/p>\n<\/div>\n<\/div>\n\n<p><\/p>\n","protected":false},"excerpt":{"rendered":"<p>TINTOM\u00c8TRE&#13; Systeme de couleur portable&#13; Les colorantes&#13; Starter Kit&#13; Basic Kit COMMENT \u00c7A MARCHE&#13; Les \u00e9tapes&#13; Les produits&#13; [&#8230;]<\/p>\n","protected":false},"author":5,"featured_media":0,"parent":0,"menu_order":0,"comment_status":"closed","ping_status":"closed","template":"page_container.php","meta":{"_acf_changed":false,"footnotes":""},"class_list":["post-10768","page","type-page","status-publish","hentry"],"acf":[],"_links":{"self":[{"href":"https:\/\/tintosmart.it\/fr\/wp-json\/wp\/v2\/pages\/10768","targetHints":{"allow":["GET"]}}],"collection":[{"href":"https:\/\/tintosmart.it\/fr\/wp-json\/wp\/v2\/pages"}],"about":[{"href":"https:\/\/tintosmart.it\/fr\/wp-json\/wp\/v2\/types\/page"}],"author":[{"embeddable":true,"href":"https:\/\/tintosmart.it\/fr\/wp-json\/wp\/v2\/users\/5"}],"replies":[{"embeddable":true,"href":"https:\/\/tintosmart.it\/fr\/wp-json\/wp\/v2\/comments?post=10768"}],"version-history":[{"count":0,"href":"https:\/\/tintosmart.it\/fr\/wp-json\/wp\/v2\/pages\/10768\/revisions"}],"wp:attachment":[{"href":"https:\/\/tintosmart.it\/fr\/wp-json\/wp\/v2\/media?parent=10768"}],"curies":[{"name":"wp","href":"https:\/\/api.w.org\/{rel}","templated":true}]}}