{"id":6133,"date":"2021-07-06T11:11:28","date_gmt":"2021-07-06T09:11:28","guid":{"rendered":"http:\/\/tintosmart.it\/?page_id=6133"},"modified":"2021-10-05T11:11:08","modified_gmt":"2021-10-05T09:11:08","slug":"coleurs-spatiales","status":"publish","type":"page","link":"https:\/\/tintosmart.it\/fr\/coleurs-spatiales\/","title":{"rendered":"Coleurs spatiales"},"content":{"rendered":"\n<div class=\"pure-containerFluid kdescimg \" style=\"    background-color: ; color: \">\n    <div class=\"pure-g\">\n        <div class=\"pure-u-1-1 pure-u-md-12-24 p-0 d-flex h-fit order-2\">\n                        <img decoding=\"async\" loading=\"lazy\" width=\"1200\" height=\"1200\" src=\"https:\/\/tintosmart.it\/wp-content\/uploads\/2021\/09\/BTFBTC@2x.png\" alt=\"\">\n        <\/div>\n        <div class=\"pure-u-1-1 pure-u-md-12-24 p-0 order-1\">\n            <div class=\"kdescimg__contentCol\">\n                                    <h2>Retour<br>vers le futur<br>Retour<br>\u00e0 la couleur<\/h2>\n                \n                \n                            <\/div>\n        <\/div>\n    <\/div>\n<\/div>\n\n\n<style>\n\n    .kdescimg.filterColor{color: #272322; background-color: #FFFFFF;}\n    .kdescimg{color: #FFFFFF; background-color: #272322; margin-top: 0px;}\n    .kdescimg h2{font-size: 55px; line-height: 1.2;}\n    .kdescimg img{width: 100%; height: auto;}\n    .kdescimg__contentCol{display: flex; justify-content: center; width: 80%; margin: 0 auto; height: 100%; flex-direction: column; padding: 50px;}\n    .kdescimg .pure-button.whiteBtn, .kdescimg .pure-button.orangeBtn{width: fit-content; padding: 0.8em 5em;}\n    .kdescimg .kdescimg__desc{margin-bottom: 1.5em;}\n\n    .kdescimg .order-1{order: 1;}\n    .kdescimg .order-2{order: 2;}\n\n\n    \/* mobile *\/\n    @media screen and (max-width: 767px) {\n        .kdescimg .order-1{order: 2;}\n        .kdescimg .order-2{order: 1;}\n        .kdescimg .order-mob-1{order: 2;}\n        .kdescimg .order-mob-2{order: 1;}\n        .kdescimg h2{font-size: 45px;  margin-bottom: 45px; line-height: 45px;}\n        .kdescimg__contentCol{padding: 20px 0; margin-bottom: 70px;}\n        .kdescimg__contentCol .pure-button.whiteBtn {width: 100%;padding: 0.8em 0;text-align: center;}\n        .kdescimg__contentCol .pure-button.orangeBtn {width: 100%;padding: 0.8em 0;text-align: center;}\n\n        .kdescimg.filterColor h2{color: #272322; background-color: #FFFFFF; text-align: center; margin-bottom: 45px;}\n        .kdescimg h2{text-align: left; margin-bottom: 0;}\n\n    }\n\n    \/* ipad *\/\n    @media screen and (min-width: 768px) and  (max-width: 992px){\n        .kdescimg__contentCol{padding: 10px;}\n        .kdescimg h2{font-size: 45px;}\n    }\n\n    \/* ipad pro *\/\n    @media screen and (min-width: 992px) and  (max-width: 1200px){\n        .kdescimg__contentCol{padding: 10px;}\n        .kdescimg h2{font-size: 45px;}\n    }\n\n<\/style>\n\n\n<div class=\"pure-containerFluid pureCol\">\n            <div class=\"pure-row\">\n            <div class=\"pure-g\">\n                <div class=\"pure-u-1-1 pure-u-md-20-24 offset-md-1-12\">\n\n\n\n\n<style>\n\n\n    \/* mobile *\/\n    @media screen and (max-width: 767px) {\n\n    }\n\n    \/* ipad *\/\n    @media screen and (min-width: 768px) and  (max-width: 992px){\n\n    }\n\n    \/* ipad pro *\/\n    @media screen and (min-width: 992px) and  (max-width: 1200px){\n\n    }\n\n<\/style>\n\n\n                <\/div>\n            <\/div>\n        <\/div>\n    <\/div>\n\n<style>\n\n    \/* mobile *\/\n    @media screen and (max-width: 767px) {\n\n    }\n\n    \/* ipad *\/\n    @media screen and (min-width: 768px) and  (max-width: 992px){\n\n    }\n\n    \/* ipad pro *\/\n    @media screen and (min-width: 992px) and  (max-width: 1200px){\n\n    }\n\n<\/style>\n\n\n<div class=\"pure-containerFluid kdescimg \" style=\"    background-color: ; color: \">\n    <div class=\"pure-g\">\n        <div class=\"pure-u-1-1 pure-u-md-12-24 p-0 d-flex h-fit order-mob-2\">\n                        <img decoding=\"async\" loading=\"lazy\" width=\"1200\" height=\"1200\" src=\"https:\/\/tintosmart.it\/wp-content\/uploads\/2021\/09\/VENERA@2x.png\" alt=\"\">\n        <\/div>\n        <div class=\"pure-u-1-1 pure-u-md-12-24 p-0 order-mob-1\">\n            <div class=\"kdescimg__contentCol\">\n                                    <h2>Le programme Venera<\/h2>\n                \n                                    <div class=\"kdescimg__desc\"><p>Les\u00a0<em>Venera\u00a0<\/em>\u00e9taient une s\u00e9rie de\u00a0sondes spatiales\u00a0d\u00e9velopp\u00e9es en\u00a0Union sovi\u00e9tique\u00a0pour explorer et collecter des donn\u00e9es sur la\u00a0plan\u00e8te\u00a0V\u00e9nus.<\/p>\n<p>Comme c&rsquo;\u00e9tait souvent le cas avec les explorations sovi\u00e9tiques, les derni\u00e8res versions du mod\u00e8le ont \u00e9t\u00e9 lanc\u00e9es par paires, avec un intervalle de 1 \u00e0 2 semaines entre le lancement des deux sondes.<\/p>\n<p>Ils ont \u00e9tabli un v\u00e9ritable record\u00a0: ils ont \u00e9t\u00e9 le premier objet artificiel \u00e0 p\u00e9n\u00e9trer dans l&rsquo;atmosph\u00e8re d&rsquo;une autre plan\u00e8te, \u00e0 atterrir doucement, \u00e0 renvoyer des images et \u00e0 effectuer un balayage radar haute r\u00e9solution de la surface, permettant des \u00e9tudes approfondies sur la conformation g\u00e9ologique du globe.<\/p>\n<p>La s\u00e9rie de sondes, dans son ensemble, peut \u00eatre consid\u00e9r\u00e9e comme un succ\u00e8s complet pour ces raisons.<\/p>\n<\/div>\n                \n                            <\/div>\n        <\/div>\n    <\/div>\n<\/div>\n\n\n<style>\n\n    .kdescimg.filterColor{color: #272322; background-color: #FFFFFF;}\n    .kdescimg{color: #FFFFFF; background-color: #272322; margin-top: 0px;}\n    .kdescimg h2{font-size: 55px; line-height: 1.2;}\n    .kdescimg img{width: 100%; height: auto;}\n    .kdescimg__contentCol{display: flex; justify-content: center; width: 80%; margin: 0 auto; height: 100%; flex-direction: column; padding: 50px;}\n    .kdescimg .pure-button.whiteBtn, .kdescimg .pure-button.orangeBtn{width: fit-content; padding: 0.8em 5em;}\n    .kdescimg .kdescimg__desc{margin-bottom: 1.5em;}\n\n    .kdescimg .order-1{order: 1;}\n    .kdescimg .order-2{order: 2;}\n\n\n    \/* mobile *\/\n    @media screen and (max-width: 767px) {\n        .kdescimg .order-1{order: 2;}\n        .kdescimg .order-2{order: 1;}\n        .kdescimg .order-mob-1{order: 2;}\n        .kdescimg .order-mob-2{order: 1;}\n        .kdescimg h2{font-size: 45px;  margin-bottom: 45px; line-height: 45px;}\n        .kdescimg__contentCol{padding: 20px 0; margin-bottom: 70px;}\n        .kdescimg__contentCol .pure-button.whiteBtn {width: 100%;padding: 0.8em 0;text-align: center;}\n        .kdescimg__contentCol .pure-button.orangeBtn {width: 100%;padding: 0.8em 0;text-align: center;}\n\n        .kdescimg.filterColor h2{color: #272322; background-color: #FFFFFF; text-align: center; margin-bottom: 45px;}\n        .kdescimg h2{text-align: left; margin-bottom: 0;}\n\n    }\n\n    \/* ipad *\/\n    @media screen and (min-width: 768px) and  (max-width: 992px){\n        .kdescimg__contentCol{padding: 10px;}\n        .kdescimg h2{font-size: 45px;}\n    }\n\n    \/* ipad pro *\/\n    @media screen and (min-width: 992px) and  (max-width: 1200px){\n        .kdescimg__contentCol{padding: 10px;}\n        .kdescimg h2{font-size: 45px;}\n    }\n\n<\/style>\n\n\n<div class=\"pure-containerFluid kdescimg \" style=\"    background-color: ; color: \">\n    <div class=\"pure-g\">\n        <div class=\"pure-u-1-1 pure-u-md-12-24 p-0 d-flex h-fit order-2\">\n                        <img decoding=\"async\" loading=\"lazy\" width=\"1200\" height=\"1200\" src=\"https:\/\/tintosmart.it\/wp-content\/uploads\/2021\/09\/GEMINI@2x.png\" alt=\"\">\n        <\/div>\n        <div class=\"pure-u-1-1 pure-u-md-12-24 p-0 order-1\">\n            <div class=\"kdescimg__contentCol\">\n                                    <h2>Le programme Gemini<\/h2>\n                \n                                    <div class=\"kdescimg__desc\"><p>Gemini est le deuxi\u00e8me programme de vol spatial humain entrepris par les \u00c9tats-Unis.<\/p>\n<p>Le projet a \u00e9t\u00e9 nomm\u00e9 Gemini car le vaisseau spatial pouvait accueillir un \u00e9quipage de deux hommes.\u00a0R\u00e9alis\u00e9 au cours de la p\u00e9riode 1963-1966, il avait pour objectif de d\u00e9velopper les techniques avanc\u00e9es de voyage spatial alors utilis\u00e9es lors du programme Apollo pour amener l&rsquo;homme sur la Lune.<\/p>\n<p>Avec le d\u00e9barquement de Gemini 12 le 15 novembre 1966 et la fermeture du bureau sp\u00e9cial Gemini, qui a eu lieu le 1er f\u00e9vrier 1967, le programme a \u00e9t\u00e9 d\u00e9clar\u00e9 d\u00e9finitivement termin\u00e9.<\/p>\n<\/div>\n                \n                            <\/div>\n        <\/div>\n    <\/div>\n<\/div>\n\n\n<style>\n\n    .kdescimg.filterColor{color: #272322; background-color: #FFFFFF;}\n    .kdescimg{color: #FFFFFF; background-color: #272322; margin-top: 0px;}\n    .kdescimg h2{font-size: 55px; line-height: 1.2;}\n    .kdescimg img{width: 100%; height: auto;}\n    .kdescimg__contentCol{display: flex; justify-content: center; width: 80%; margin: 0 auto; height: 100%; flex-direction: column; padding: 50px;}\n    .kdescimg .pure-button.whiteBtn, .kdescimg .pure-button.orangeBtn{width: fit-content; padding: 0.8em 5em;}\n    .kdescimg .kdescimg__desc{margin-bottom: 1.5em;}\n\n    .kdescimg .order-1{order: 1;}\n    .kdescimg .order-2{order: 2;}\n\n\n    \/* mobile *\/\n    @media screen and (max-width: 767px) {\n        .kdescimg .order-1{order: 2;}\n        .kdescimg .order-2{order: 1;}\n        .kdescimg .order-mob-1{order: 2;}\n        .kdescimg .order-mob-2{order: 1;}\n        .kdescimg h2{font-size: 45px;  margin-bottom: 45px; line-height: 45px;}\n        .kdescimg__contentCol{padding: 20px 0; margin-bottom: 70px;}\n        .kdescimg__contentCol .pure-button.whiteBtn {width: 100%;padding: 0.8em 0;text-align: center;}\n        .kdescimg__contentCol .pure-button.orangeBtn {width: 100%;padding: 0.8em 0;text-align: center;}\n\n        .kdescimg.filterColor h2{color: #272322; background-color: #FFFFFF; text-align: center; margin-bottom: 45px;}\n        .kdescimg h2{text-align: left; margin-bottom: 0;}\n\n    }\n\n    \/* ipad *\/\n    @media screen and (min-width: 768px) and  (max-width: 992px){\n        .kdescimg__contentCol{padding: 10px;}\n        .kdescimg h2{font-size: 45px;}\n    }\n\n    \/* ipad pro *\/\n    @media screen and (min-width: 992px) and  (max-width: 1200px){\n        .kdescimg__contentCol{padding: 10px;}\n        .kdescimg h2{font-size: 45px;}\n    }\n\n<\/style>\n\n\n<div class=\"pure-containerFluid kdescimg \" style=\"    background-color: ; color: \">\n    <div class=\"pure-g\">\n        <div class=\"pure-u-1-1 pure-u-md-12-24 p-0 d-flex h-fit order-mob-2\">\n                        <img decoding=\"async\" loading=\"lazy\" width=\"1200\" height=\"1200\" src=\"https:\/\/tintosmart.it\/wp-content\/uploads\/2021\/09\/MERCURY@2x.png\" alt=\"\">\n        <\/div>\n        <div class=\"pure-u-1-1 pure-u-md-12-24 p-0 order-mob-1\">\n            <div class=\"kdescimg__contentCol\">\n                                    <h2>Le programme Mercury<\/h2>\n                \n                                    <div class=\"kdescimg__desc\"><p>Le programme Mercury, ou Project Mercury, a \u00e9t\u00e9 le premier programme am\u00e9ricain \u00e0 inclure des missions spatiales avec \u00e9quipage.\u00a0Il a \u00e9t\u00e9 actif entre 1958 et 1963, pendant la pr\u00e9sidence de Dwight Eisenhower d&rsquo;abord et la pr\u00e9sidence de John Fitzgerald Kennedy ensuite, dans le but de mettre un homme en orbite autour de la Terre.\u00a0La conception initiale et la recherche ont \u00e9t\u00e9 effectu\u00e9es par le Comit\u00e9 consultatif national pour l&rsquo;a\u00e9ronautique (NACA), tandis que le programme a \u00e9t\u00e9 officiellement ex\u00e9cut\u00e9 par la NASA nouvellement form\u00e9e.<\/p>\n<p>Le nom d\u00e9rive de Mercure, le dieu romain protecteur des marchands et des commer\u00e7ants.<\/p>\n<\/div>\n                \n                            <\/div>\n        <\/div>\n    <\/div>\n<\/div>\n\n\n<style>\n\n    .kdescimg.filterColor{color: #272322; background-color: #FFFFFF;}\n    .kdescimg{color: #FFFFFF; background-color: #272322; margin-top: 0px;}\n    .kdescimg h2{font-size: 55px; line-height: 1.2;}\n    .kdescimg img{width: 100%; height: auto;}\n    .kdescimg__contentCol{display: flex; justify-content: center; width: 80%; margin: 0 auto; height: 100%; flex-direction: column; padding: 50px;}\n    .kdescimg .pure-button.whiteBtn, .kdescimg .pure-button.orangeBtn{width: fit-content; padding: 0.8em 5em;}\n    .kdescimg .kdescimg__desc{margin-bottom: 1.5em;}\n\n    .kdescimg .order-1{order: 1;}\n    .kdescimg .order-2{order: 2;}\n\n\n    \/* mobile *\/\n    @media screen and (max-width: 767px) {\n        .kdescimg .order-1{order: 2;}\n        .kdescimg .order-2{order: 1;}\n        .kdescimg .order-mob-1{order: 2;}\n        .kdescimg .order-mob-2{order: 1;}\n        .kdescimg h2{font-size: 45px;  margin-bottom: 45px; line-height: 45px;}\n        .kdescimg__contentCol{padding: 20px 0; margin-bottom: 70px;}\n        .kdescimg__contentCol .pure-button.whiteBtn {width: 100%;padding: 0.8em 0;text-align: center;}\n        .kdescimg__contentCol .pure-button.orangeBtn {width: 100%;padding: 0.8em 0;text-align: center;}\n\n        .kdescimg.filterColor h2{color: #272322; background-color: #FFFFFF; text-align: center; margin-bottom: 45px;}\n        .kdescimg h2{text-align: left; margin-bottom: 0;}\n\n    }\n\n    \/* ipad *\/\n    @media screen and (min-width: 768px) and  (max-width: 992px){\n        .kdescimg__contentCol{padding: 10px;}\n        .kdescimg h2{font-size: 45px;}\n    }\n\n    \/* ipad pro *\/\n    @media screen and (min-width: 992px) and  (max-width: 1200px){\n        .kdescimg__contentCol{padding: 10px;}\n        .kdescimg h2{font-size: 45px;}\n    }\n\n<\/style>\n\n\n<div class=\"pure-containerFluid kdescimg \" style=\"    background-color: ; color: \">\n    <div class=\"pure-g\">\n        <div class=\"pure-u-1-1 pure-u-md-12-24 p-0 d-flex h-fit order-2\">\n                        <img decoding=\"async\" loading=\"lazy\" width=\"1200\" height=\"1200\" src=\"https:\/\/tintosmart.it\/wp-content\/uploads\/2021\/09\/KEPLER@2x-1.png\" alt=\"\">\n        <\/div>\n        <div class=\"pure-u-1-1 pure-u-md-12-24 p-0 order-1\">\n            <div class=\"kdescimg__contentCol\">\n                                    <h2>Le programme Kepler<\/h2>\n                \n                                    <div class=\"kdescimg__desc\"><p>La mission Kepler est une mission spatiale de la NASA, qui fait\u00a0partie du programme Discovery, dont le but est de rechercher et de confirmer des plan\u00e8tes semblables \u00e0 la Terre en orbite autour d&rsquo;\u00e9toiles autres que le Soleil, gr\u00e2ce \u00e0 l&rsquo;utilisation du\u00a0t\u00e9lescope spatial Kepler.\u00a0Le vaisseau spatial a \u00e9t\u00e9 lanc\u00e9 avec succ\u00e8s le 7 mars 2009.<\/p>\n<p>En avril 2013,\u00a0l\u2019\u00e9quipe\u00a0de Kepler avait identifi\u00e9\u00a02740 candidats plan\u00e9taires et en avait confirm\u00e9 121 autres.\u00a0En janvier 2013, un groupe d&rsquo;astronomes du Harvard-Smithsonian Center for Astrophysics a estim\u00e9, \u00e0 partir des donn\u00e9es de Kepler,\u00a0qu&rsquo;au moins 17 milliards d&rsquo;exoplan\u00e8tes semblables \u00e0 la Terre\u00a0r\u00e9sident dans la Voie Lact\u00e9e.<\/p>\n<\/div>\n                \n                            <\/div>\n        <\/div>\n    <\/div>\n<\/div>\n\n\n<style>\n\n    .kdescimg.filterColor{color: #272322; background-color: #FFFFFF;}\n    .kdescimg{color: #FFFFFF; background-color: #272322; margin-top: 0px;}\n    .kdescimg h2{font-size: 55px; line-height: 1.2;}\n    .kdescimg img{width: 100%; height: auto;}\n    .kdescimg__contentCol{display: flex; justify-content: center; width: 80%; margin: 0 auto; height: 100%; flex-direction: column; padding: 50px;}\n    .kdescimg .pure-button.whiteBtn, .kdescimg .pure-button.orangeBtn{width: fit-content; padding: 0.8em 5em;}\n    .kdescimg .kdescimg__desc{margin-bottom: 1.5em;}\n\n    .kdescimg .order-1{order: 1;}\n    .kdescimg .order-2{order: 2;}\n\n\n    \/* mobile *\/\n    @media screen and (max-width: 767px) {\n        .kdescimg .order-1{order: 2;}\n        .kdescimg .order-2{order: 1;}\n        .kdescimg .order-mob-1{order: 2;}\n        .kdescimg .order-mob-2{order: 1;}\n        .kdescimg h2{font-size: 45px;  margin-bottom: 45px; line-height: 45px;}\n        .kdescimg__contentCol{padding: 20px 0; margin-bottom: 70px;}\n        .kdescimg__contentCol .pure-button.whiteBtn {width: 100%;padding: 0.8em 0;text-align: center;}\n        .kdescimg__contentCol .pure-button.orangeBtn {width: 100%;padding: 0.8em 0;text-align: center;}\n\n        .kdescimg.filterColor h2{color: #272322; background-color: #FFFFFF; text-align: center; margin-bottom: 45px;}\n        .kdescimg h2{text-align: left; margin-bottom: 0;}\n\n    }\n\n    \/* ipad *\/\n    @media screen and (min-width: 768px) and  (max-width: 992px){\n        .kdescimg__contentCol{padding: 10px;}\n        .kdescimg h2{font-size: 45px;}\n    }\n\n    \/* ipad pro *\/\n    @media screen and (min-width: 992px) and  (max-width: 1200px){\n        .kdescimg__contentCol{padding: 10px;}\n        .kdescimg h2{font-size: 45px;}\n    }\n\n<\/style>\n\n\n<div class=\"pure-containerFluid kdescimg \" style=\"    background-color: ; color: \">\n    <div class=\"pure-g\">\n        <div class=\"pure-u-1-1 pure-u-md-12-24 p-0 d-flex h-fit order-mob-2\">\n                        <img decoding=\"async\" loading=\"lazy\" width=\"1200\" height=\"1200\" src=\"https:\/\/tintosmart.it\/wp-content\/uploads\/2021\/09\/ORBITER@2x.png\" alt=\"\">\n        <\/div>\n        <div class=\"pure-u-1-1 pure-u-md-12-24 p-0 order-mob-1\">\n            <div class=\"kdescimg__contentCol\">\n                                    <h2>Le programme Lunar Orbiter<\/h2>\n                \n                                    <div class=\"kdescimg__desc\"><p>Il \u00e9tait compos\u00e9 d&rsquo;une s\u00e9rie de 5 sondes sans pilote lanc\u00e9 par les \u00c9tats &#8211; Unis en 1966 &#8211; 1967 avec la t\u00e2che de prendre des photos de l&rsquo;ensemble de la surface lunaire. Les cinq missions ont r\u00e9ussi et au total 99% de la Lune a \u00e9t\u00e9 cartographi\u00e9e.<\/p>\n<\/div>\n                \n                            <\/div>\n        <\/div>\n    <\/div>\n<\/div>\n\n\n<style>\n\n    .kdescimg.filterColor{color: #272322; background-color: #FFFFFF;}\n    .kdescimg{color: #FFFFFF; background-color: #272322; margin-top: 0px;}\n    .kdescimg h2{font-size: 55px; line-height: 1.2;}\n    .kdescimg img{width: 100%; height: auto;}\n    .kdescimg__contentCol{display: flex; justify-content: center; width: 80%; margin: 0 auto; height: 100%; flex-direction: column; padding: 50px;}\n    .kdescimg .pure-button.whiteBtn, .kdescimg .pure-button.orangeBtn{width: fit-content; padding: 0.8em 5em;}\n    .kdescimg .kdescimg__desc{margin-bottom: 1.5em;}\n\n    .kdescimg .order-1{order: 1;}\n    .kdescimg .order-2{order: 2;}\n\n\n    \/* mobile *\/\n    @media screen and (max-width: 767px) {\n        .kdescimg .order-1{order: 2;}\n        .kdescimg .order-2{order: 1;}\n        .kdescimg .order-mob-1{order: 2;}\n        .kdescimg .order-mob-2{order: 1;}\n        .kdescimg h2{font-size: 45px;  margin-bottom: 45px; line-height: 45px;}\n        .kdescimg__contentCol{padding: 20px 0; margin-bottom: 70px;}\n        .kdescimg__contentCol .pure-button.whiteBtn {width: 100%;padding: 0.8em 0;text-align: center;}\n        .kdescimg__contentCol .pure-button.orangeBtn {width: 100%;padding: 0.8em 0;text-align: center;}\n\n        .kdescimg.filterColor h2{color: #272322; background-color: #FFFFFF; text-align: center; margin-bottom: 45px;}\n        .kdescimg h2{text-align: left; margin-bottom: 0;}\n\n    }\n\n    \/* ipad *\/\n    @media screen and (min-width: 768px) and  (max-width: 992px){\n        .kdescimg__contentCol{padding: 10px;}\n        .kdescimg h2{font-size: 45px;}\n    }\n\n    \/* ipad pro *\/\n    @media screen and (min-width: 992px) and  (max-width: 1200px){\n        .kdescimg__contentCol{padding: 10px;}\n        .kdescimg h2{font-size: 45px;}\n    }\n\n<\/style>\n\n\n<div class=\"pure-containerFluid kdescimg \" style=\"    background-color: ; color: \">\n    <div class=\"pure-g\">\n        <div class=\"pure-u-1-1 pure-u-md-12-24 p-0 d-flex h-fit order-2\">\n                        <img decoding=\"async\" loading=\"lazy\" width=\"1200\" height=\"1200\" src=\"https:\/\/tintosmart.it\/wp-content\/uploads\/2021\/09\/ECHO@2x.png\" alt=\"\">\n        <\/div>\n        <div class=\"pure-u-1-1 pure-u-md-12-24 p-0 order-1\">\n            <div class=\"kdescimg__contentCol\">\n                                    <h2>Le programme ECHO-1<\/h2>\n                \n                                    <div class=\"kdescimg__desc\"><p>Lanc\u00e9 par la NASA en 1960, ce satellite passif \u00e9tait constitu\u00e9 d&rsquo;une sph\u00e8re gonflable compos\u00e9e d&rsquo;un film m\u00e9tallique en Mylar capable de r\u00e9fl\u00e9chir les ondes radio. Le but du satellite \u00e9tait de v\u00e9rifier la possibilit\u00e9 de communiquer entre des r\u00e9gions \u00e9loign\u00e9es de la Terre en utilisant, comme liaison radio, un objet en orbite.<\/p>\n<\/div>\n                \n                            <\/div>\n        <\/div>\n    <\/div>\n<\/div>\n\n\n<style>\n\n    .kdescimg.filterColor{color: #272322; background-color: #FFFFFF;}\n    .kdescimg{color: #FFFFFF; background-color: #272322; margin-top: 0px;}\n    .kdescimg h2{font-size: 55px; line-height: 1.2;}\n    .kdescimg img{width: 100%; height: auto;}\n    .kdescimg__contentCol{display: flex; justify-content: center; width: 80%; margin: 0 auto; height: 100%; flex-direction: column; padding: 50px;}\n    .kdescimg .pure-button.whiteBtn, .kdescimg .pure-button.orangeBtn{width: fit-content; padding: 0.8em 5em;}\n    .kdescimg .kdescimg__desc{margin-bottom: 1.5em;}\n\n    .kdescimg .order-1{order: 1;}\n    .kdescimg .order-2{order: 2;}\n\n\n    \/* mobile *\/\n    @media screen and (max-width: 767px) {\n        .kdescimg .order-1{order: 2;}\n        .kdescimg .order-2{order: 1;}\n        .kdescimg .order-mob-1{order: 2;}\n        .kdescimg .order-mob-2{order: 1;}\n        .kdescimg h2{font-size: 45px;  margin-bottom: 45px; line-height: 45px;}\n        .kdescimg__contentCol{padding: 20px 0; margin-bottom: 70px;}\n        .kdescimg__contentCol .pure-button.whiteBtn {width: 100%;padding: 0.8em 0;text-align: center;}\n        .kdescimg__contentCol .pure-button.orangeBtn {width: 100%;padding: 0.8em 0;text-align: center;}\n\n        .kdescimg.filterColor h2{color: #272322; background-color: #FFFFFF; text-align: center; margin-bottom: 45px;}\n        .kdescimg h2{text-align: left; margin-bottom: 0;}\n\n    }\n\n    \/* ipad *\/\n    @media screen and (min-width: 768px) and  (max-width: 992px){\n        .kdescimg__contentCol{padding: 10px;}\n        .kdescimg h2{font-size: 45px;}\n    }\n\n    \/* ipad pro *\/\n    @media screen and (min-width: 992px) and  (max-width: 1200px){\n        .kdescimg__contentCol{padding: 10px;}\n        .kdescimg h2{font-size: 45px;}\n    }\n\n<\/style>\n\n\n<div class=\"pure-containerFluid kdescimg \" style=\"    background-color: ; color: \">\n    <div class=\"pure-g\">\n        <div class=\"pure-u-1-1 pure-u-md-12-24 p-0 d-flex h-fit order-mob-2\">\n                        <img decoding=\"async\" loading=\"lazy\" width=\"1200\" height=\"1200\" src=\"https:\/\/tintosmart.it\/wp-content\/uploads\/2021\/09\/VEGA@2x.png\" alt=\"\">\n        <\/div>\n        <div class=\"pure-u-1-1 pure-u-md-12-24 p-0 order-mob-1\">\n            <div class=\"kdescimg__contentCol\">\n                                    <h2>Le programme VEGA<\/h2>\n                \n                                    <div class=\"kdescimg__desc\"><p><strong>Vega 1\u00a0<\/strong>et son jumeau\u00a0<strong>Vega 2\u00a0<\/strong>\u00e9taient deux\u00a0sondes spatiales\u00a0sovi\u00e9tiques\u00a0faisant partie du\u00a0<strong>programme Vega<\/strong>. Ils ont \u00e9t\u00e9 lanc\u00e9s en\u00a01984\u00a0dans\u00a0le but de survoler\u00a0V\u00e9nus\u00a0et la\u00a0com\u00e8te Halley.<\/p>\n<\/div>\n                \n                            <\/div>\n        <\/div>\n    <\/div>\n<\/div>\n\n\n<style>\n\n    .kdescimg.filterColor{color: #272322; background-color: #FFFFFF;}\n    .kdescimg{color: #FFFFFF; background-color: #272322; margin-top: 0px;}\n    .kdescimg h2{font-size: 55px; line-height: 1.2;}\n    .kdescimg img{width: 100%; height: auto;}\n    .kdescimg__contentCol{display: flex; justify-content: center; width: 80%; margin: 0 auto; height: 100%; flex-direction: column; padding: 50px;}\n    .kdescimg .pure-button.whiteBtn, .kdescimg .pure-button.orangeBtn{width: fit-content; padding: 0.8em 5em;}\n    .kdescimg .kdescimg__desc{margin-bottom: 1.5em;}\n\n    .kdescimg .order-1{order: 1;}\n    .kdescimg .order-2{order: 2;}\n\n\n    \/* mobile *\/\n    @media screen and (max-width: 767px) {\n        .kdescimg .order-1{order: 2;}\n        .kdescimg .order-2{order: 1;}\n        .kdescimg .order-mob-1{order: 2;}\n        .kdescimg .order-mob-2{order: 1;}\n        .kdescimg h2{font-size: 45px;  margin-bottom: 45px; line-height: 45px;}\n        .kdescimg__contentCol{padding: 20px 0; margin-bottom: 70px;}\n        .kdescimg__contentCol .pure-button.whiteBtn {width: 100%;padding: 0.8em 0;text-align: center;}\n        .kdescimg__contentCol .pure-button.orangeBtn {width: 100%;padding: 0.8em 0;text-align: center;}\n\n        .kdescimg.filterColor h2{color: #272322; background-color: #FFFFFF; text-align: center; margin-bottom: 45px;}\n        .kdescimg h2{text-align: left; margin-bottom: 0;}\n\n    }\n\n    \/* ipad *\/\n    @media screen and (min-width: 768px) and  (max-width: 992px){\n        .kdescimg__contentCol{padding: 10px;}\n        .kdescimg h2{font-size: 45px;}\n    }\n\n    \/* ipad pro *\/\n    @media screen and (min-width: 992px) and  (max-width: 1200px){\n        .kdescimg__contentCol{padding: 10px;}\n        .kdescimg h2{font-size: 45px;}\n    }\n\n<\/style>","protected":false},"excerpt":{"rendered":"","protected":false},"author":1,"featured_media":0,"parent":0,"menu_order":0,"comment_status":"closed","ping_status":"closed","template":"","meta":{"_acf_changed":false,"footnotes":""},"class_list":["post-6133","page","type-page","status-publish","hentry"],"acf":[],"_links":{"self":[{"href":"https:\/\/tintosmart.it\/fr\/wp-json\/wp\/v2\/pages\/6133","targetHints":{"allow":["GET"]}}],"collection":[{"href":"https:\/\/tintosmart.it\/fr\/wp-json\/wp\/v2\/pages"}],"about":[{"href":"https:\/\/tintosmart.it\/fr\/wp-json\/wp\/v2\/types\/page"}],"author":[{"embeddable":true,"href":"https:\/\/tintosmart.it\/fr\/wp-json\/wp\/v2\/users\/1"}],"replies":[{"embeddable":true,"href":"https:\/\/tintosmart.it\/fr\/wp-json\/wp\/v2\/comments?post=6133"}],"version-history":[{"count":0,"href":"https:\/\/tintosmart.it\/fr\/wp-json\/wp\/v2\/pages\/6133\/revisions"}],"wp:attachment":[{"href":"https:\/\/tintosmart.it\/fr\/wp-json\/wp\/v2\/media?parent=6133"}],"curies":[{"name":"wp","href":"https:\/\/api.w.org\/{rel}","templated":true}]}}