{"id":6169,"date":"2021-05-25T17:14:03","date_gmt":"2021-05-25T15:14:03","guid":{"rendered":"http:\/\/tintosmart.it\/cookie-policy\/"},"modified":"2024-03-14T14:11:01","modified_gmt":"2024-03-14T13:11:01","slug":"cookie-policy","status":"publish","type":"page","link":"https:\/\/tintosmart.it\/fr\/cookie-policy\/","title":{"rendered":"Cookie policy"},"content":{"rendered":"\n<h2 class=\"wp-block-heading\" id=\"politique-relative-aux-cookies-de-tintosmart-it\">Politique relative aux cookies de tintosmart.it<\/h2>\n\n\n\n<p>Le pr\u00e9sent document informe les Utilisateurs des technologies permettant \u00e0 cette Application d\u2019atteindre les finalit\u00e9s d\u00e9crites ci-dessous. Ces technologies permettent au Propri\u00e9taire d\u2019acc\u00e9der \u00e0 des informations et de les stocker (\u00e0 l\u2019aide d\u2019un Cookie, par exemple) ou d\u2019utiliser des ressources (en ex\u00e9cutant un script, par exemple) sur l\u2019appareil d\u2019un Utilisateur lorsque celui-ci interagit avec cette Application.<\/p>\n\n\n\n<p>Par souci de simplification, toutes ces technologies sont d\u00e9finies comme \u00e9tant des \u00ab Traqueurs \u00bb dans le pr\u00e9sent document, \u00e0 moins qu\u2019il n\u2019existe une raison de les diff\u00e9rencier.<br>Par exemple, bien que les Cookies puissent \u00eatre utilis\u00e9s \u00e0 la fois sur les navigateurs Internet et mobiles, il serait inexact de parler de Cookies dans le contexte des applications mobiles car ce sont des traqueurs bas\u00e9s sur un navigateur. C\u2019est pourquoi, dans ce document, le terme Cookies n\u2019est utilis\u00e9 que lorsqu\u2019il est sp\u00e9cifiquement destin\u00e9 \u00e0 indiquer ce type sp\u00e9cifique de Traqueur.<\/p>\n\n\n\n<p>Certaines des finalit\u00e9s pour lesquelles les Traqueurs sont utilis\u00e9s peuvent n\u00e9cessiter le consentement de l\u2019Utilisateur. Lorsque le consentement est donn\u00e9, il peut \u00eatre librement retir\u00e9 \u00e0 tout moment en suivant les instructions fournies dans le pr\u00e9sent document.<\/p>\n\n\n\n<p>Cette Application utilise des Traqueurs g\u00e9r\u00e9s directement par le Propri\u00e9taire (les Traqueurs dits \u00ab de premi\u00e8re partie \u00bb) et les Traqueurs qui activent les services fournis par un tiers (les Traqueurs dits \u00ab tiers \u00bb). Sauf indication contraire dans le pr\u00e9sent document, les fournisseurs tiers peuvent acc\u00e9der aux Traqueurs g\u00e9r\u00e9s par eux-m\u00eames.<br>Les p\u00e9riodes de validit\u00e9 et d\u2019expiration des Cookies et d\u2019autres Traqueurs similaires peuvent varier en fonction de la dur\u00e9e de vie d\u00e9finie par le Propri\u00e9taire ou le fournisseur concern\u00e9. Certains expirent \u00e0 la fin de la session de navigation de l\u2019Utilisateur.<br>Outre ce qui est pr\u00e9cis\u00e9 dans les descriptions de chacune des cat\u00e9gories ci-dessous, les Utilisateurs peuvent trouver des informations plus pr\u00e9cises et actualis\u00e9es concernant la description sur la dur\u00e9e de vie ainsi que toute autre information utile \u2013 comme la pr\u00e9sence d\u2019autres Traqueurs \u2013 dans les politiques de confidentialit\u00e9 des fournisseurs tiers respectifs, mises en lien, ou en contactant le Propri\u00e9taire.<\/p>\n\n\n\n<h3 class=\"wp-block-heading\" id=\"activites-strictement-necessaires-au-fonctionnement-de-cette-application-et-a-la-fourniture-du-service\">Activit\u00e9s strictement n\u00e9cessaires au fonctionnement de cette Application et \u00e0 la fourniture du Service<\/h3>\n\n\n\n<p>Cette Application utilise des Cookies dits \u00ab techniques \u00bb et d\u2019autres Traqueurs similaires pour mener des activit\u00e9s strictement n\u00e9cessaires au fonctionnement ou \u00e0 la fourniture du Service.<\/p>\n\n\n\n<h3 class=\"wp-block-heading\" id=\"autres-activites-impliquant-l-utilisation-de-traqueurs\">Autres activit\u00e9s impliquant l\u2019utilisation de Traqueurs<\/h3>\n\n\n\n<h4 class=\"wp-block-heading\" id=\"mesure\">Mesure<\/h4>\n\n\n\n<p>Cette Application utilise des Traqueurs pour mesurer le trafic et analyser le comportement de l\u2019Utilisateur dans le but d\u2019am\u00e9liorer le Service.<\/p>\n\n\n\n<ul class=\"wp-block-list\">\n<li>AnalysesLes services que contient cette partie permettent au Propri\u00e9taire de surveiller et d\u2019analyser le trafic Web et de suivre l\u2019\u00e9volution du comportement de l\u2019Utilisateur.Google Analytics (Google Ireland Limited)Google Analytics est un service d\u2019analyse Web fourni par Google Ireland Limited (\u00ab&nbsp;Google&nbsp;\u00bb). Google utilise les Donn\u00e9es collect\u00e9es pour suivre et analyser l\u2019utilisation de cette Application, pr\u00e9parer des rapports sur ses activit\u00e9s et les partager avec d\u2019autres services Google. Google peut utiliser les Donn\u00e9es collect\u00e9es pour contextualiser et personnaliser les publicit\u00e9s de son propre r\u00e9seau publicitaire.Donn\u00e9es personnelles trait\u00e9es : Donn\u00e9es d&rsquo;utilisation et Traqueur.Lieu de traitement : Irlande \u2013&nbsp;<a href=\"https:\/\/policies.google.com\/privacy\" target=\"_blank\" rel=\"noreferrer noopener\">Politique de confidentialit\u00e9<\/a>&nbsp;\u2013&nbsp;<a href=\"https:\/\/tools.google.com\/dlpage\/gaoptout?hl=fr\" target=\"_blank\" rel=\"noreferrer noopener\">Option de retrait<\/a>.<\/li>\n<\/ul>\n\n\n\n<h3 class=\"wp-block-heading\" id=\"manage_cookies\">Comment g\u00e9rer les pr\u00e9f\u00e9rences et donner ou retirer son consentement<\/h3>\n\n\n\n<p>Il existe diff\u00e9rentes fa\u00e7ons de g\u00e9rer les pr\u00e9f\u00e9rences relatives aux Traqueurs et de donner et de retirer son consentement, le cas \u00e9ch\u00e9ant:<\/p>\n\n\n\n<p>Les Utilisateurs peuvent g\u00e9rer les pr\u00e9f\u00e9rences relatives aux Traqueurs directement dans les param\u00e8tres de leur propre appareil, par exemple en emp\u00eachant l\u2019utilisation ou le stockage des Traqueurs.<\/p>\n\n\n\n<p>De plus, chaque fois que l\u2019utilisation de Traqueurs repose sur le consentement, les Utilisateurs peuvent donner ou retirer ce consentement en d\u00e9finissant leurs pr\u00e9f\u00e9rences dans la notification de cookie, ou en mettant \u00e0 jour ces pr\u00e9f\u00e9rences en cons\u00e9quence \u00e0 l\u2019aide du widget appropri\u00e9 de pr\u00e9f\u00e9rences relatives au consentement, le cas \u00e9ch\u00e9ant.<\/p>\n\n\n\n<p>Il est \u00e9galement possible, par le biais du navigateur ou les fonctionnalit\u00e9s de l\u2019appareil, de supprimer les Traqueurs pr\u00e9c\u00e9demment stock\u00e9s, y compris ceux utilis\u00e9s pour se souvenir du consentement initial de l\u2019Utilisateur.<\/p>\n\n\n\n<p>Les autres Traqueurs dans la m\u00e9moire locale du navigateur peuvent \u00eatre effac\u00e9s en supprimant l\u2019historique de navigation.<\/p>\n\n\n\n<p>S\u2019agissant des Traqueurs tiers, les Utilisateurs peuvent g\u00e9rer les pr\u00e9f\u00e9rences et retirer leur consentement par le lien de retrait associ\u00e9 (le cas \u00e9ch\u00e9ant), \u00e0 l\u2019aide du moyen indiqu\u00e9 dans la politique de confidentialit\u00e9 de ce tiers ou en contactant celui-ci.<\/p>\n\n\n\n<h4 class=\"wp-block-heading\" id=\"acces-aux-parametres-pour-les-traqueurs\">Acc\u00e8s aux param\u00e8tres pour les Traqueurs<\/h4>\n\n\n\n<p>Les Utilisateurs peuvent, par exemple, trouver des informations sur la fa\u00e7on de g\u00e9rer les Cookies dans les navigateurs les plus couramment utilis\u00e9s aux adresses suivantes :<\/p>\n\n\n\n<ul class=\"wp-block-list\">\n<li><a rel=\"noreferrer noopener\" target=\"_blank\" href=\"https:\/\/support.google.com\/chrome\/answer\/95647?hl=fr&amp;p=cpn_cookies\">Google Chrome<\/a><\/li>\n\n\n\n<li><a rel=\"noreferrer noopener\" target=\"_blank\" href=\"https:\/\/support.mozilla.org\/fr\/kb\/activer-desactiver-cookies\">Mozilla Firefox<\/a><\/li>\n\n\n\n<li><a rel=\"noreferrer noopener\" target=\"_blank\" href=\"https:\/\/support.apple.com\/fr-fr\/guide\/safari\/manage-cookies-and-website-data-sfri11471\/\">Apple Safari<\/a><\/li>\n\n\n\n<li><a rel=\"noreferrer noopener\" target=\"_blank\" href=\"http:\/\/windows.microsoft.com\/fr-fr\/windows-vista\/block-or-allow-cookies\">Microsoft Internet Explorer<\/a><\/li>\n\n\n\n<li><a rel=\"noreferrer noopener\" target=\"_blank\" href=\"https:\/\/support.microsoft.com\/fr-fr\/help\/4027947\">Microsoft Edge<\/a><\/li>\n\n\n\n<li><a rel=\"noreferrer noopener\" target=\"_blank\" href=\"https:\/\/support.brave.com\/hc\/articles\/360022806212-How-do-I-use-Shields-while-browsing\">Brave<\/a><\/li>\n\n\n\n<li><a rel=\"noreferrer noopener\" target=\"_blank\" href=\"https:\/\/help.opera.com\/latest\/web-preferences\/#cookies\">Opera<\/a><\/li>\n<\/ul>\n\n\n\n<p>Les Utilisateurs peuvent \u00e9galement g\u00e9rer certaines cat\u00e9gories de Traqueurs utilis\u00e9s sur les applications mobiles en d\u00e9sactivant les param\u00e8tres appropri\u00e9s de l\u2019appareil, tels que les param\u00e8tres publicitaires de l\u2019appareil pour les appareils mobiles ou les param\u00e8tres de suivi en g\u00e9n\u00e9ral (les Utilisateurs peuvent ouvrir les param\u00e8tres de l\u2019appareil et rechercher le param\u00e8tre appropri\u00e9).<\/p>\n\n\n\n<h3 class=\"wp-block-heading\" id=\"owner_of_the_data\">Propri\u00e9taire et Responsable du traitement<\/h3>\n\n\n\n<p>ALFA PAINT S.r.l. a socio unico<br>VIA BORGAZZI N.87 ANG.VIA MONTE PASUBIO N.7, 20900 MONZA (MB)<\/p>\n\n\n\n<p><strong>Courriel de contact du Propri\u00e9taire :<\/strong>&nbsp;info@tintosmart.it<\/p>\n\n\n\n<p>\u00c9tant donn\u00e9 que l\u2019utilisation des Traqueurs par cette Application ne peut \u00eatre enti\u00e8rement contr\u00f4l\u00e9e par le Propri\u00e9taire, toute r\u00e9f\u00e9rence sp\u00e9cifique aux Traqueurs tiers n\u2019a qu\u2019une valeur indicative. Afin d\u2019obtenir des informations compl\u00e8tes, les Utilisateurs sont invit\u00e9s \u00e0 consulter les politiques de confidentialit\u00e9 des services tiers indiqu\u00e9s dans le pr\u00e9sent document.<\/p>\n\n\n\n<p>Compte tenu de la complexit\u00e9 objective des technologies de suivi, les Utilisateurs sont invit\u00e9s \u00e0 contacter le Propri\u00e9taire s\u2019ils souhaitent recevoir de plus amples informations sur l\u2019utilisation de ces technologies par cette Application.<\/p>\n\n\n\n<h3 class=\"wp-block-heading\" id=\"definitions-et-references-legales\">D\u00e9finitions et r\u00e9f\u00e9rences l\u00e9gales<\/h3>\n\n\n\n<h4 class=\"wp-block-heading\" id=\"donnees-personnelles-ou-donnees\">Donn\u00e9es personnelles (ou Donn\u00e9es)<\/h4>\n\n\n\n<p>Toute information qui, directement, indirectement ou en relation avec d&rsquo;autres informations \u2013 y compris un num\u00e9ro d&rsquo;identification personnel \u2013 permet l&rsquo;identification ou l&rsquo;identifiabilit\u00e9 d&rsquo;une personne physique.<\/p>\n\n\n\n<h4 class=\"wp-block-heading\" id=\"donnees-d-utilisation\">Donn\u00e9es d\u2019utilisation<\/h4>\n\n\n\n<p>Les informations collect\u00e9es automatiquement par cette Application (ou par des services tiers employ\u00e9s par cette Application), qui peuvent inclure les adresses IP ou les noms de domaines des ordinateurs utilis\u00e9s par les Utilisateurs qui utilisent cette Application, les adresses URI (Uniform Resource Identifier ou identifiant uniforme de ressource), l\u2019heure de la demande, la m\u00e9thode utilis\u00e9e pour soumettre la demande au serveur, la taille du fichier re\u00e7u en r\u00e9ponse, le code num\u00e9rique indiquant le statut de la r\u00e9ponse du serveur (r\u00e9sultat favorable, erreur, etc.), le pays d\u2019origine, les caract\u00e9ristiques du navigateur et du syst\u00e8me d\u2019exploitation utilis\u00e9s par l\u2019Utilisateur, les diff\u00e9rents d\u00e9tails relatifs au temps par visite (p. ex. temps pass\u00e9 sur chaque page dans l\u2019Application) et les d\u00e9tails relatifs au chemin suivi dans l\u2019Application avec une r\u00e9f\u00e9rence sp\u00e9ciale \u00e0 la s\u00e9quence des pages visit\u00e9es, et d\u2019autres param\u00e8tres concernant le syst\u00e8me d\u2019exploitation ou l\u2019environnement informatique de l\u2019Utilisateur.<\/p>\n\n\n\n<h4 class=\"wp-block-heading\" id=\"utilisateur\">Utilisateur<\/h4>\n\n\n\n<p>La personne utilisant cette Application qui, sauf indication contraire, correspond \u00e0 la Personne concern\u00e9e.<\/p>\n\n\n\n<h4 class=\"wp-block-heading\" id=\"personne-concernee\">Personne concern\u00e9e<\/h4>\n\n\n\n<p>La personne physique \u00e0 laquelle les Donn\u00e9es personnelles font r\u00e9f\u00e9rence.<\/p>\n\n\n\n<h4 class=\"wp-block-heading\" id=\"sous-traitant-ou-responsable-des-donnees\">Sous-traitant (ou Responsable des donn\u00e9es)<\/h4>\n\n\n\n<p>La personne physique ou morale, l&rsquo;autorit\u00e9 publique, l&rsquo;institution ou tout autre organisme qui traite les Donn\u00e9es personnelles pour le compte du Responsable du traitement, tel que d\u00e9crit dans la pr\u00e9sente politique de confidentialit\u00e9.<\/p>\n\n\n\n<h4 class=\"wp-block-heading\" id=\"responsable-du-traitement-ou-proprietaire\">Responsable du traitement (ou Propri\u00e9taire)<\/h4>\n\n\n\n<p>La personne physique ou morale, l\u2019autorit\u00e9 publique, l&rsquo;institution ou toute autre organisme qui, seul ou conjointement avec d\u2019autres, d\u00e9termine les finalit\u00e9s et les moyens du traitement de Donn\u00e9es personnelles, y compris les mesures de s\u00e9curit\u00e9 concernant le fonctionnement et l&rsquo;utilisation de cette Application. Sauf mention contraire, le Responsable du traitement est le Propri\u00e9taire de cette Application.<\/p>\n\n\n\n<h4 class=\"wp-block-heading\" id=\"cette-application\">Cette Application<\/h4>\n\n\n\n<p>Les moyens par lesquels les Donn\u00e9es personnelles de l&rsquo;Utilisateur sont collect\u00e9es et trait\u00e9es.<\/p>\n\n\n\n<h4 class=\"wp-block-heading\" id=\"service\">Service<\/h4>\n\n\n\n<p>Le service fourni par cette Application comme d\u00e9crit dans les conditions s&rsquo;y rapportant (le cas \u00e9ch\u00e9ant) et sur ce site\/cette application.<\/p>\n\n\n\n<h4 class=\"wp-block-heading\" id=\"union-europeenne-ou-ue\">Union europ\u00e9enne (ou UE)<\/h4>\n\n\n\n<p>Sauf indication contraire, toutes les r\u00e9f\u00e9rences faites dans le pr\u00e9sent document \u00e0 l&rsquo;Union europ\u00e9enne incluent tous les \u00c9tats membres actuels de l&rsquo;Union europ\u00e9enne et de l&rsquo;Espace \u00e9conomique europ\u00e9en.<\/p>\n\n\n\n<h4 class=\"wp-block-heading\" id=\"cookie\">Cookie<\/h4>\n\n\n\n<p>Les Cookies sont des Traqueurs constitu\u00e9s de petits ensembles de donn\u00e9es stock\u00e9s dans le navigateur de l\u2019Utilisateur.<\/p>\n\n\n\n<h4 class=\"wp-block-heading\" id=\"traqueurs\">Traqueurs<\/h4>\n\n\n\n<p>Un Traqueur indique toute technologie \u2013 par exemple, les Cookies, les identifiants uniques, les balises Web, les scripts int\u00e9gr\u00e9s, les balises \u00e9lectroniques et les empreintes digitales \u2013 permettant de suivre les Utilisateurs, par exemple en acc\u00e9dant \u00e0 des informations ou en les stockant sur l\u2019appareil de l\u2019Utilisateur.<\/p>\n\n\n\n<hr class=\"wp-block-separator has-css-opacity\"\/>\n\n\n\n<h4 class=\"wp-block-heading\" id=\"informations-legales\">Informations l\u00e9gales<\/h4>\n\n\n\n<p>La pr\u00e9sente politique de confidentialit\u00e9 a \u00e9t\u00e9 pr\u00e9par\u00e9e en ex\u00e9cution des dispositions de plusieurs l\u00e9gislations, notamment de l&rsquo;article 13\/14 du r\u00e8glement europ\u00e9en 2016\/679 (r\u00e8glement g\u00e9n\u00e9ral sur la protection des donn\u00e9es).<\/p>\n\n\n\n<p>Cette politique de confidentialit\u00e9 concerne uniquement cette Application, sauf indication contraire dans le pr\u00e9sent document.<\/p>\n\n\n\n<p>Derni\u00e8re mise \u00e0 jour : 9 avril 2021<\/p>\n\n\n\n<p><a href=\"https:\/\/www.iubenda.com\/en\/privacy-and-cookie-policy-generator\" target=\"_blank\" rel=\"noreferrer noopener\">iubenda<\/a>&nbsp;h\u00e9berge le pr\u00e9sent contenu et ne collecte que&nbsp;<a href=\"https:\/\/www.iubenda.com\/privacy-policy\/51596779\" target=\"_blank\" rel=\"noreferrer noopener\">les Donn\u00e9es personnelles strictement n\u00e9cessaires<\/a>&nbsp;\u00e0 sa fourniture<\/p>\n","protected":false},"excerpt":{"rendered":"<p>Politique relative aux cookies de tintosmart.it Le pr\u00e9sent document informe les Utilisateurs des technologies permettant \u00e0 cette Application [&#8230;]<\/p>\n","protected":false},"author":1,"featured_media":0,"parent":0,"menu_order":0,"comment_status":"closed","ping_status":"closed","template":"page_container.php","meta":{"_acf_changed":false,"footnotes":""},"class_list":["post-6169","page","type-page","status-publish","hentry"],"acf":[],"_links":{"self":[{"href":"https:\/\/tintosmart.it\/fr\/wp-json\/wp\/v2\/pages\/6169","targetHints":{"allow":["GET"]}}],"collection":[{"href":"https:\/\/tintosmart.it\/fr\/wp-json\/wp\/v2\/pages"}],"about":[{"href":"https:\/\/tintosmart.it\/fr\/wp-json\/wp\/v2\/types\/page"}],"author":[{"embeddable":true,"href":"https:\/\/tintosmart.it\/fr\/wp-json\/wp\/v2\/users\/1"}],"replies":[{"embeddable":true,"href":"https:\/\/tintosmart.it\/fr\/wp-json\/wp\/v2\/comments?post=6169"}],"version-history":[{"count":2,"href":"https:\/\/tintosmart.it\/fr\/wp-json\/wp\/v2\/pages\/6169\/revisions"}],"predecessor-version":[{"id":11074,"href":"https:\/\/tintosmart.it\/fr\/wp-json\/wp\/v2\/pages\/6169\/revisions\/11074"}],"wp:attachment":[{"href":"https:\/\/tintosmart.it\/fr\/wp-json\/wp\/v2\/media?parent=6169"}],"curies":[{"name":"wp","href":"https:\/\/api.w.org\/{rel}","templated":true}]}}