{"id":10004,"date":"2021-09-17T16:43:38","date_gmt":"2021-09-17T14:43:38","guid":{"rendered":"http:\/\/tintosmart.it\/product\/basic-kit\/"},"modified":"2025-01-28T09:44:15","modified_gmt":"2025-01-28T08:44:15","slug":"basic-kit","status":"publish","type":"product","link":"https:\/\/tintosmart.it\/fr\/produit\/basic-kit\/","title":{"rendered":"BASIC KIT TintoSmart"},"content":{"rendered":"<p class=\"p1\" style=\"text-align: center;\">TintoSmart est un tintom\u00e8tre portable qui vous permet de colorer, de mani\u00e8re pratique et pr\u00e9cise, des peintures \u00e0 l&rsquo;eau, des \u00e9maux muraux, des \u00e9maux acryliques \u00e0 base d&rsquo;eau pour le fer et le bois et des finitions d\u00e9coratives, gr\u00e2ce \u00e0 l&rsquo;utilisation de 8 colorants sans Voc \u00e0 base d&rsquo;eau qui peuvent \u00eatre dos\u00e9s en quelques secondes. Les colorants se dosent selon des dosages standardis\u00e9 et sans l&rsquo;aide de la balance.<\/p>\n<p class=\"p1\" style=\"text-align: center;\">Il est possible de reproduire \u00e0 la fois les plus de 500 couleurs contenues dans les nuanciers inclus dans le kit, et les couleurs souhait\u00e9es et personnalis\u00e9es, laissant libre cours \u00e0 votre cr\u00e9ativit\u00e9. Pour la reproduction correcte de la couleur s\u00e9lectionn\u00e9e dans le nuancier, il est n\u00e9cessaire de suivre une fiche tintom\u00e9trique, soit sur papier soit num\u00e9rique, qui indique le nombre correct de dosages pour chaque colorant ins\u00e9r\u00e9 dans le tintom\u00e8tre.<\/p>\n<p class=\"p1\" style=\"text-align: center;\">Le Kit de base TintoSmart est un ensemble compos\u00e9 des principaux outils n\u00e9cessaires pour effectuer les processus de coloration et de m\u00e9lange d&rsquo;une mani\u00e8re extr\u00eamement simple et efficace. En plus du Tintom\u00e8tre portable et des 8 colorants, le kit comprend : 4 nuanciers des principales collections, 1 formulaire, 1 manuel d&rsquo;instructions et 1 tige de m\u00e9lange en silicone pour perceuse m\u00e9langeuse.<\/p>\n","protected":false},"excerpt":{"rendered":"<p class=\"p1\">Kit de base pour l&rsquo;utilisation du tintom\u00e8tre portable TintoSmart<\/p>\n","protected":false},"featured_media":10527,"comment_status":"closed","ping_status":"closed","template":"","meta":{"_acf_changed":false},"product_brand":[],"product_cat":[208],"product_tag":[],"class_list":{"0":"post-10004","1":"product","2":"type-product","3":"status-publish","4":"has-post-thumbnail","6":"product_cat-kit-tintosmart","8":"first","9":"instock","10":"taxable","11":"shipping-taxable","12":"purchasable","13":"product-type-simple"},"acf":[],"_links":{"self":[{"href":"https:\/\/tintosmart.it\/fr\/wp-json\/wp\/v2\/product\/10004","targetHints":{"allow":["GET"]}}],"collection":[{"href":"https:\/\/tintosmart.it\/fr\/wp-json\/wp\/v2\/product"}],"about":[{"href":"https:\/\/tintosmart.it\/fr\/wp-json\/wp\/v2\/types\/product"}],"replies":[{"embeddable":true,"href":"https:\/\/tintosmart.it\/fr\/wp-json\/wp\/v2\/comments?post=10004"}],"wp:featuredmedia":[{"embeddable":true,"href":"https:\/\/tintosmart.it\/fr\/wp-json\/wp\/v2\/media\/10527"}],"wp:attachment":[{"href":"https:\/\/tintosmart.it\/fr\/wp-json\/wp\/v2\/media?parent=10004"}],"wp:term":[{"taxonomy":"product_brand","embeddable":true,"href":"https:\/\/tintosmart.it\/fr\/wp-json\/wp\/v2\/product_brand?post=10004"},{"taxonomy":"product_cat","embeddable":true,"href":"https:\/\/tintosmart.it\/fr\/wp-json\/wp\/v2\/product_cat?post=10004"},{"taxonomy":"product_tag","embeddable":true,"href":"https:\/\/tintosmart.it\/fr\/wp-json\/wp\/v2\/product_tag?post=10004"}],"curies":[{"name":"wp","href":"https:\/\/api.w.org\/{rel}","templated":true}]}}