{"id":6194,"date":"2021-04-01T12:00:09","date_gmt":"2021-04-01T10:00:09","guid":{"rendered":"http:\/\/tintosmart.it\/prodotto\/idropittura-traspirante-per-interni-venera\/"},"modified":"2025-01-28T15:53:04","modified_gmt":"2025-01-28T14:53:04","slug":"venera","status":"publish","type":"product","link":"https:\/\/tintosmart.it\/fr\/produit\/venera\/","title":{"rendered":"VENERA"},"content":{"rendered":"<p style=\"text-align: center;\">Peinture \u00e0 l&rsquo;eau microporeuse pour la peinture de tous les environnements o\u00f9 il est n\u00e9cessaire de limiter l&rsquo;accumulation d&rsquo;humidit\u00e9 et de vapeur d&rsquo;eau, ph\u00e9nom\u00e8nes qui peuvent provoquer la formation de bact\u00e9ries, de moisissures, de taches et de halos au fil du temps. Cette peinture \u00e0 base d&rsquo;eau ne cr\u00e9e pas d&rsquo;effet barri\u00e8re et est donc utile pour faire \u00ab\u00a0respirer le mur\u00a0\u00bb gr\u00e2ce au passage de la vapeur d&rsquo;eau de la surface du mur vers l&rsquo;ext\u00e9rieur. Il est donc principalement utilis\u00e9 dans des environnements tels que les cuisines, les salles de bains et les sous-sols, o\u00f9 la formation de condensation est tr\u00e8s fr\u00e9quente et \u00e9lev\u00e9e.<\/p>\n","protected":false},"excerpt":{"rendered":"<p>Peinture \u00e0 l&rsquo;eau transpirable pour int\u00e9rieur<\/p>\n","protected":false},"featured_media":10399,"comment_status":"closed","ping_status":"closed","template":"","meta":{"_acf_changed":false},"product_brand":[],"product_cat":[160],"product_tag":[],"class_list":{"0":"post-6194","1":"product","2":"type-product","3":"status-publish","4":"has-post-thumbnail","6":"product_cat-peintures-a-leau-et-emaux","8":"first","9":"instock","10":"taxable","11":"shipping-taxable","12":"purchasable","13":"product-type-variable","14":"has-default-attributes"},"acf":[],"_links":{"self":[{"href":"https:\/\/tintosmart.it\/fr\/wp-json\/wp\/v2\/product\/6194","targetHints":{"allow":["GET"]}}],"collection":[{"href":"https:\/\/tintosmart.it\/fr\/wp-json\/wp\/v2\/product"}],"about":[{"href":"https:\/\/tintosmart.it\/fr\/wp-json\/wp\/v2\/types\/product"}],"replies":[{"embeddable":true,"href":"https:\/\/tintosmart.it\/fr\/wp-json\/wp\/v2\/comments?post=6194"}],"wp:featuredmedia":[{"embeddable":true,"href":"https:\/\/tintosmart.it\/fr\/wp-json\/wp\/v2\/media\/10399"}],"wp:attachment":[{"href":"https:\/\/tintosmart.it\/fr\/wp-json\/wp\/v2\/media?parent=6194"}],"wp:term":[{"taxonomy":"product_brand","embeddable":true,"href":"https:\/\/tintosmart.it\/fr\/wp-json\/wp\/v2\/product_brand?post=6194"},{"taxonomy":"product_cat","embeddable":true,"href":"https:\/\/tintosmart.it\/fr\/wp-json\/wp\/v2\/product_cat?post=6194"},{"taxonomy":"product_tag","embeddable":true,"href":"https:\/\/tintosmart.it\/fr\/wp-json\/wp\/v2\/product_tag?post=6194"}],"curies":[{"name":"wp","href":"https:\/\/api.w.org\/{rel}","templated":true}]}}