{"id":6538,"date":"2021-04-17T10:00:04","date_gmt":"2021-04-17T08:00:04","guid":{"rendered":"http:\/\/tintosmart.it\/prodotto\/testeur-de-couleur\/"},"modified":"2022-01-26T15:00:43","modified_gmt":"2022-01-26T14:00:43","slug":"testeur-de-couleur","status":"publish","type":"product","link":"https:\/\/tintosmart.it\/fr\/produit\/testeur-de-couleur\/","title":{"rendered":"TESTEUR DE COULEUR"},"content":{"rendered":"<p>Emballage transparent gradu\u00e9 id\u00e9al pour la coloration de petites tailles et d&rsquo;\u00e9chantillons fix\u00e9s \u00e0 un niveau de 0,8 l afin de respecter pr\u00e9cis\u00e9ment les principes de distribution. Pour la peinture du produit blanc de chaque ligne, nous recommandons l&rsquo;utilisation de la formule pr\u00e9vue pour 4 l et l&rsquo;application de l&rsquo;espaceur sur la pompe de chaque colorant pr\u00e9vu par la formule choisie.<\/p>\n","protected":false},"excerpt":{"rendered":"<p>Emballage transparent gradu\u00e9 de 0,8 l pour colorer des quantit\u00e9s minimales et d&rsquo;\u00e9chantillons<\/p>\n","protected":false},"featured_media":8309,"comment_status":"closed","ping_status":"closed","template":"","meta":{"_acf_changed":false},"product_brand":[],"product_cat":[219],"product_tag":[],"class_list":{"0":"post-6538","1":"product","2":"type-product","3":"status-publish","4":"has-post-thumbnail","6":"product_cat-accessoires-et-pieces-detachees","8":"first","9":"instock","10":"taxable","11":"shipping-taxable","12":"purchasable","13":"product-type-simple"},"acf":[],"_links":{"self":[{"href":"https:\/\/tintosmart.it\/fr\/wp-json\/wp\/v2\/product\/6538","targetHints":{"allow":["GET"]}}],"collection":[{"href":"https:\/\/tintosmart.it\/fr\/wp-json\/wp\/v2\/product"}],"about":[{"href":"https:\/\/tintosmart.it\/fr\/wp-json\/wp\/v2\/types\/product"}],"replies":[{"embeddable":true,"href":"https:\/\/tintosmart.it\/fr\/wp-json\/wp\/v2\/comments?post=6538"}],"wp:featuredmedia":[{"embeddable":true,"href":"https:\/\/tintosmart.it\/fr\/wp-json\/wp\/v2\/media\/8309"}],"wp:attachment":[{"href":"https:\/\/tintosmart.it\/fr\/wp-json\/wp\/v2\/media?parent=6538"}],"wp:term":[{"taxonomy":"product_brand","embeddable":true,"href":"https:\/\/tintosmart.it\/fr\/wp-json\/wp\/v2\/product_brand?post=6538"},{"taxonomy":"product_cat","embeddable":true,"href":"https:\/\/tintosmart.it\/fr\/wp-json\/wp\/v2\/product_cat?post=6538"},{"taxonomy":"product_tag","embeddable":true,"href":"https:\/\/tintosmart.it\/fr\/wp-json\/wp\/v2\/product_tag?post=6538"}],"curies":[{"name":"wp","href":"https:\/\/api.w.org\/{rel}","templated":true}]}}