{"id":6541,"date":"2021-03-28T16:02:30","date_gmt":"2021-03-28T16:02:30","guid":{"rendered":"http:\/\/tintosmart.it\/prodotto\/emballage-gradue\/"},"modified":"2022-01-26T15:00:30","modified_gmt":"2022-01-26T14:00:30","slug":"emballage-gradue","status":"publish","type":"product","link":"https:\/\/tintosmart.it\/fr\/produit\/emballage-gradue\/","title":{"rendered":"EMBALLAGE GRADU\u00c9"},"content":{"rendered":"<p>L&#8217;emballage transparent gradu\u00e9 d&rsquo;une contenance maximale de 14 litres, id\u00e9al pour colorer la peinture \u00e0 l&rsquo;eau blanche selon les quantit\u00e9s souhait\u00e9es. Apr\u00e8s avoir identifi\u00e9 la quantit\u00e9 de peinture \u00e0 l&rsquo;eau \u00e0 colorer par rapport aux m\u00e8tres carr\u00e9s du mur, verser la m\u00eame quantit\u00e9 de peinture \u00e0 l&rsquo;eau blanche dans l&#8217;emballage transparent gradu\u00e9. Ensuite, identifiez la formule pour le format s\u00e9lectionn\u00e9 et colorez la peinture \u00e0 l&rsquo;eau avec les colorants sp\u00e9cifi\u00e9s dans le formulaire teintom\u00e9trique. L&#8217;emballage pr\u00e9voit l&rsquo;indication de niveaux \u00e0 des intervalles de nombres pairs de 4 litres \u00e0 14 litres et le m\u00eame formulaire est structur\u00e9e afin de reproduire de mani\u00e8re progressive les formules bas\u00e9es sur ces nombres indiqu\u00e9s sur l&#8217;emballage. Suite \u00e0 la phase d&rsquo;application du produit, apr\u00e8s avoir lav\u00e9 l&#8217;emballage et apr\u00e8s avoir \u00e9limin\u00e9 les r\u00e9sidus de peinture pr\u00e9c\u00e9dents, il est pr\u00eat \u00e0 \u00eatre r\u00e9utilis\u00e9.<\/p>\n","protected":false},"excerpt":{"rendered":"<p>Emballage transparent gradu\u00e9 de 14 litres n\u00e9cessaire \u00e0 la coloration du produit<\/p>\n","protected":false},"featured_media":8306,"comment_status":"closed","ping_status":"closed","template":"","meta":{"_acf_changed":false},"product_brand":[],"product_cat":[219],"product_tag":[],"class_list":{"0":"post-6541","1":"product","2":"type-product","3":"status-publish","4":"has-post-thumbnail","6":"product_cat-accessoires-et-pieces-detachees","8":"first","9":"instock","10":"taxable","11":"shipping-taxable","12":"purchasable","13":"product-type-simple"},"acf":[],"_links":{"self":[{"href":"https:\/\/tintosmart.it\/fr\/wp-json\/wp\/v2\/product\/6541","targetHints":{"allow":["GET"]}}],"collection":[{"href":"https:\/\/tintosmart.it\/fr\/wp-json\/wp\/v2\/product"}],"about":[{"href":"https:\/\/tintosmart.it\/fr\/wp-json\/wp\/v2\/types\/product"}],"replies":[{"embeddable":true,"href":"https:\/\/tintosmart.it\/fr\/wp-json\/wp\/v2\/comments?post=6541"}],"wp:featuredmedia":[{"embeddable":true,"href":"https:\/\/tintosmart.it\/fr\/wp-json\/wp\/v2\/media\/8306"}],"wp:attachment":[{"href":"https:\/\/tintosmart.it\/fr\/wp-json\/wp\/v2\/media?parent=6541"}],"wp:term":[{"taxonomy":"product_brand","embeddable":true,"href":"https:\/\/tintosmart.it\/fr\/wp-json\/wp\/v2\/product_brand?post=6541"},{"taxonomy":"product_cat","embeddable":true,"href":"https:\/\/tintosmart.it\/fr\/wp-json\/wp\/v2\/product_cat?post=6541"},{"taxonomy":"product_tag","embeddable":true,"href":"https:\/\/tintosmart.it\/fr\/wp-json\/wp\/v2\/product_tag?post=6541"}],"curies":[{"name":"wp","href":"https:\/\/api.w.org\/{rel}","templated":true}]}}