{"id":6561,"date":"2021-04-05T00:20:59","date_gmt":"2021-04-04T22:20:59","guid":{"rendered":"http:\/\/tintosmart.it\/prodotto\/p3-oxyde-noir\/"},"modified":"2025-01-28T10:54:12","modified_gmt":"2025-01-28T09:54:12","slug":"p3-oxyde-noir","status":"publish","type":"product","link":"https:\/\/tintosmart.it\/fr\/produit\/p3-oxyde-noir\/","title":{"rendered":"P3 OXYDE NOIR"},"content":{"rendered":"<p>Colorant \u00e0 l&rsquo;eau Oxyde Noir, sans Voc, c&rsquo;est-\u00e0-dire sans substances organiques volatiles nocives pour la sant\u00e9 de l&rsquo;applicateur et de l&rsquo;utilisateur final. Les colorants de la s\u00e9rie 8000 sont compatibles avec tous les produits \u00e0 base d&rsquo;eau et n&rsquo;interf\u00e8rent pas avec le s\u00e9chage et la rh\u00e9ologie du produit. Les particules de pigment sont finement broy\u00e9es afin de rendre les colorants hautement concentr\u00e9s, mats, fluides et non thixotropes. Colorant universel pour les peintures \u00e0 l&rsquo;eau.<\/p>\n","protected":false},"excerpt":{"rendered":"<p>Colorant Universel Noir \u00e0 l&rsquo;eau sans COV de 450 ml<\/p>\n","protected":false},"featured_media":8468,"comment_status":"closed","ping_status":"closed","template":"","meta":{"_acf_changed":false},"product_brand":[],"product_cat":[211],"product_tag":[],"class_list":{"0":"post-6561","1":"product","2":"type-product","3":"status-publish","4":"has-post-thumbnail","6":"product_cat-colorants","8":"first","9":"instock","10":"taxable","11":"shipping-taxable","12":"purchasable","13":"product-type-simple"},"acf":[],"_links":{"self":[{"href":"https:\/\/tintosmart.it\/fr\/wp-json\/wp\/v2\/product\/6561","targetHints":{"allow":["GET"]}}],"collection":[{"href":"https:\/\/tintosmart.it\/fr\/wp-json\/wp\/v2\/product"}],"about":[{"href":"https:\/\/tintosmart.it\/fr\/wp-json\/wp\/v2\/types\/product"}],"replies":[{"embeddable":true,"href":"https:\/\/tintosmart.it\/fr\/wp-json\/wp\/v2\/comments?post=6561"}],"wp:featuredmedia":[{"embeddable":true,"href":"https:\/\/tintosmart.it\/fr\/wp-json\/wp\/v2\/media\/8468"}],"wp:attachment":[{"href":"https:\/\/tintosmart.it\/fr\/wp-json\/wp\/v2\/media?parent=6561"}],"wp:term":[{"taxonomy":"product_brand","embeddable":true,"href":"https:\/\/tintosmart.it\/fr\/wp-json\/wp\/v2\/product_brand?post=6561"},{"taxonomy":"product_cat","embeddable":true,"href":"https:\/\/tintosmart.it\/fr\/wp-json\/wp\/v2\/product_cat?post=6561"},{"taxonomy":"product_tag","embeddable":true,"href":"https:\/\/tintosmart.it\/fr\/wp-json\/wp\/v2\/product_tag?post=6561"}],"curies":[{"name":"wp","href":"https:\/\/api.w.org\/{rel}","templated":true}]}}