{"id":6587,"date":"2021-04-08T01:40:22","date_gmt":"2021-04-07T23:40:22","guid":{"rendered":"http:\/\/tintosmart.it\/prodotto\/kit-8-colorants-p8-jaune-vif\/"},"modified":"2025-01-28T10:26:02","modified_gmt":"2025-01-28T09:26:02","slug":"kit-8-colorants-p8-jaune-vif","status":"publish","type":"product","link":"https:\/\/tintosmart.it\/fr\/produit\/kit-8-colorants-p8-jaune-vif\/","title":{"rendered":"KIT 8 COLORANTS P8 JAUNE VIF"},"content":{"rendered":"<p>Kit de 8 p\u00e2tes colorantes \u00e0 l&rsquo;eau Jaune Lumi\u00e8re sans Voc, c&rsquo;est-\u00e0-dire sans Substances Organiques Volatiles nocives pour la sant\u00e9 de l&rsquo;applicateur et de l&rsquo;utilisateur final. Les colorants de la s\u00e9rie 8000 sont compatibles avec tous les produits \u00e0 base d&rsquo;eau et n&rsquo;interf\u00e8rent pas avec le s\u00e9chage et la rh\u00e9ologie du produit. Les particules de pigment sont finement broy\u00e9es afin de rendre les colorants hautement concentr\u00e9s, mats, fluides et non thixotropes<\/p>\n","protected":false},"excerpt":{"rendered":"<p>Kit 8 Colorants Jaunes Vif \u00e0 l&rsquo;eau sans COV de 450 ml<\/p>\n","protected":false},"featured_media":8543,"comment_status":"closed","ping_status":"closed","template":"","meta":{"_acf_changed":false},"product_brand":[],"product_cat":[208],"product_tag":[],"class_list":{"0":"post-6587","1":"product","2":"type-product","3":"status-publish","4":"has-post-thumbnail","6":"product_cat-kit-tintosmart","8":"first","9":"instock","10":"taxable","11":"shipping-taxable","12":"purchasable","13":"product-type-simple"},"acf":[],"_links":{"self":[{"href":"https:\/\/tintosmart.it\/fr\/wp-json\/wp\/v2\/product\/6587","targetHints":{"allow":["GET"]}}],"collection":[{"href":"https:\/\/tintosmart.it\/fr\/wp-json\/wp\/v2\/product"}],"about":[{"href":"https:\/\/tintosmart.it\/fr\/wp-json\/wp\/v2\/types\/product"}],"replies":[{"embeddable":true,"href":"https:\/\/tintosmart.it\/fr\/wp-json\/wp\/v2\/comments?post=6587"}],"wp:featuredmedia":[{"embeddable":true,"href":"https:\/\/tintosmart.it\/fr\/wp-json\/wp\/v2\/media\/8543"}],"wp:attachment":[{"href":"https:\/\/tintosmart.it\/fr\/wp-json\/wp\/v2\/media?parent=6587"}],"wp:term":[{"taxonomy":"product_brand","embeddable":true,"href":"https:\/\/tintosmart.it\/fr\/wp-json\/wp\/v2\/product_brand?post=6587"},{"taxonomy":"product_cat","embeddable":true,"href":"https:\/\/tintosmart.it\/fr\/wp-json\/wp\/v2\/product_cat?post=6587"},{"taxonomy":"product_tag","embeddable":true,"href":"https:\/\/tintosmart.it\/fr\/wp-json\/wp\/v2\/product_tag?post=6587"}],"curies":[{"name":"wp","href":"https:\/\/api.w.org\/{rel}","templated":true}]}}