{"id":6594,"date":"2021-04-09T08:00:56","date_gmt":"2021-04-09T06:00:56","guid":{"rendered":"http:\/\/tintosmart.it\/prodotto\/kit-8-colorants-blanc\/"},"modified":"2025-01-28T09:54:45","modified_gmt":"2025-01-28T08:54:45","slug":"kit-8-colorants-blanc","status":"publish","type":"product","link":"https:\/\/tintosmart.it\/fr\/produit\/kit-8-colorants-blanc\/","title":{"rendered":"KIT 8 COLORANTS BLANC"},"content":{"rendered":"<p>Kit de 8 p\u00e2tes colorantes \u00e0 l&rsquo;eau Blanc sans Voc, c&rsquo;est-\u00e0-dire sans Substances Organiques Volatiles nocives pour la sant\u00e9 de l&rsquo;applicateur et de l&rsquo;utilisateur final. Les colorants de la s\u00e9rie 8000 sont compatibles avec tous les produits \u00e0 base d&rsquo;eau et n&rsquo;interf\u00e8rent pas avec le s\u00e9chage et la rh\u00e9ologie du produit. Les particules de pigment sont finement broy\u00e9es afin de rendre les colorants hautement concentr\u00e9s, mats, fluides et non thixotropes. Colorants particuli\u00e8rement utilis\u00e9s pour colorer les bases transparentes destin\u00e9es \u00e0 la reproduction de couleurs Ral et de couleurs sombres et fortes.<\/p>\n","protected":false},"excerpt":{"rendered":"<p>Kit 8 Colorants Blanc \u00e0 l&rsquo;eau sans COV de 450 ml pour la coloration des bases transparentes<\/p>\n","protected":false},"featured_media":8579,"comment_status":"closed","ping_status":"closed","template":"","meta":{"_acf_changed":false},"product_brand":[],"product_cat":[208],"product_tag":[],"class_list":{"0":"post-6594","1":"product","2":"type-product","3":"status-publish","4":"has-post-thumbnail","6":"product_cat-kit-tintosmart","8":"first","9":"instock","10":"taxable","11":"shipping-taxable","12":"purchasable","13":"product-type-simple"},"acf":[],"_links":{"self":[{"href":"https:\/\/tintosmart.it\/fr\/wp-json\/wp\/v2\/product\/6594","targetHints":{"allow":["GET"]}}],"collection":[{"href":"https:\/\/tintosmart.it\/fr\/wp-json\/wp\/v2\/product"}],"about":[{"href":"https:\/\/tintosmart.it\/fr\/wp-json\/wp\/v2\/types\/product"}],"replies":[{"embeddable":true,"href":"https:\/\/tintosmart.it\/fr\/wp-json\/wp\/v2\/comments?post=6594"}],"wp:featuredmedia":[{"embeddable":true,"href":"https:\/\/tintosmart.it\/fr\/wp-json\/wp\/v2\/media\/8579"}],"wp:attachment":[{"href":"https:\/\/tintosmart.it\/fr\/wp-json\/wp\/v2\/media?parent=6594"}],"wp:term":[{"taxonomy":"product_brand","embeddable":true,"href":"https:\/\/tintosmart.it\/fr\/wp-json\/wp\/v2\/product_brand?post=6594"},{"taxonomy":"product_cat","embeddable":true,"href":"https:\/\/tintosmart.it\/fr\/wp-json\/wp\/v2\/product_cat?post=6594"},{"taxonomy":"product_tag","embeddable":true,"href":"https:\/\/tintosmart.it\/fr\/wp-json\/wp\/v2\/product_tag?post=6594"}],"curies":[{"name":"wp","href":"https:\/\/api.w.org\/{rel}","templated":true}]}}